{"id":3387,"date":"2021-03-28T22:17:53","date_gmt":"2021-03-28T20:17:53","guid":{"rendered":"https:\/\/led.ape.com.pl\/?page_id=3387"},"modified":"2021-04-24T00:34:50","modified_gmt":"2021-04-23T22:34:50","slug":"lampy-uliczne-led-dla-gmin","status":"publish","type":"page","link":"https:\/\/led.ape.com.pl\/da\/gade-lygter-led-for-kommuner\/","title":{"rendered":"<p>LED gadelamper til kommuner<\/p>"},"content":{"rendered":"<p>[et_pb_section fb_built = &quot;1 \u2033 _builder_version =&quot; 4.9.2 \u2033 _module_preset = &quot;default&quot; custom_padding = &quot;0px || 0px || false | false&quot;] [et_pb_row\u2033 use_custom_gutter = &quot;on&quot; _1_module_wide = &quot;on&quot; gutter_2 = &quot;default&quot; width = &quot;100%&quot; max_width = &quot;ingen&quot; custom_padding = &quot;0px || 0px |||&quot;] [et_pb_column type = &quot;4_4 \u2033 _builder_version =&quot; 4.9.2 \u2033 _et_module_preset&quot;] = &quot;deliderb_version_preset &quot;4.9.2 \u2033 _module_preset =&quot; standard &quot;header_level =&quot; h1 \u2033 header_font_size = &quot;58px&quot; custom_padding = &quot;327px || 19px |||&quot;] [et_pb_slide heading = &quot;Gade LED-belysning af kommuner 4.9._2&quot; &quot;default&quot; header_level = &quot;h1 \u2033 header_font =&quot; | 300 ||||||&quot; header_text_align = &quot;venstre&quot; header_font_size = &quot;50px&quot; header_line_height = &quot;1.4em&quot; body_font = &quot;| 300 |||||||&quot; body_text_align = &quot;venstre&quot; body_font_size = &quot;26px&quot; background_image = &quot;https:\/\/led.ape.com.pl\/wp-content\/uploads\/2021\/03\/Pokoj-APELED-ZA.75W-2-scaled.jpg&quot; background_enable_image = &quot;Til&quot; custom_padding = &quot;|||| falsk | falsk&quot; sticky_transition = &quot;til&quot;]<p>Fredskommunen<\/p><p>[\/ et_pb_slide] [\/ et_pb_slider] [\/ et_pb_column] [\/ et_pb_row] [\/ et_pb_section] [et_pb_section fb_built = &quot;1 \u2033 _builder_version =&quot; 4.9.2 \u2033 \u2033 \u2033 \u2033 \u2033 \u2033 \u2033 \u2033 _version_module_pr\u00fcft,_5_module_pril,_5 =&quot; 4.9.2 \u2033 _module_preset = &quot;default&quot; width = &quot;90%&quot; max_width = &quot;none&quot;] [et_pb_column type = &quot;2_5 \u2033 _builder_version =&quot; 4.9.2 \u2033 _ =:\/\/default_parent_image_ho led.ape.com.pl\/wp-content\/uploads\/2021\/03\/Logo-Fundusze-Europejskie.jpg &quot;_builder_version =&quot; 4.9.2 \u2033 _module_preset = &quot;default&quot; animation_style = &quot;Fade&quot;] [\/ image_hotspot_parent] [\/ et_pb_column] [et_pb_column type = &quot;3_5 \u2033 _builder_version =&quot; 4.9.2 \u2033 _module_preset = &quot;default&quot;] [et_pb_text = &quot;4.9.2 \u2033 _module =&quot; default_preset = &quot;|||_preset = &quot;||_forudindstillet|0|0| text_font_size = &quot;22px&quot; text_line_height = &quot;1.4em&quot; ul_font_size = &quot;22px&quot; ul_line_height = &quot;1.9em&quot; header_2_font = &quot;| 300 ||||||&quot; header_2_font_size = &quot;40px&quot; header_2_line_height = &quot;1,4em&quot; animation_style = &quot;slide&quot; animation_direction = &quot;h\u00f8jre&quot;]<\/p><h2>Medfinansiering til byggeri? LED belysning i kommune og by<\/h2><p>Udskiftning af gadelys er en engangsudgift, der garanterer besparelser. LED gadebelysning fra APE LED er i de fleste kommuner kun en udskiftning af &quot;p\u00e6rer&quot;, hvis omkostninger kan reduceres pr. ved hj\u00e6lp af tilskud, s\u00e5som:<\/p><ul>\n<li>Europa<span class=\"text_exposed_show\">Polsk Regional Udviklingsfond (tjek ind i dit voivodskab)<br><\/span>\n<ul>\n<li><span class=\"text_exposed_show\">OM? prioritet 3? Effektiv og gr\u00f8n energi, Foranstaltning 3.4 Lavemissionsstrategi, st\u00f8tte til b\u00e6redygtig multimodal bymobilitet - konkurrence om projekter vedr\u00f8rende modernisering af gadebelysning (gader, pladser, offentlige omr\u00e5der) for energibesparelser.<\/span><\/li>\n<li><span class=\"text_exposed_show\">OM? prioritet 4 Lavemissions\u00f8konomi, foranstaltninger 4.1 St\u00f8tte til brugen af vedvarende energikilder <\/span>\n<ul>\n<li><span class=\"text_exposed_show\"><\/span>4.5 Lavemissionsbytransport og effektiv belysning<\/li>\n<\/ul>\n<\/li>\n<li><span class=\"text_exposed_show\">OM? prioritet 5 - Effektivitet ?? energi og kulstoffattig \u00f8konomi, Foranstaltning 5.5 Fremme af kulstoffattige emissioner<\/span><\/li>\n<\/ul>\n<\/li>\n<li><span class=\"text_exposed_show\"><span class=\"aCOpRe\">NFO? IGW <\/span>(<a href=\"http:\/\/nfosigw.gov.pl\/o-nfosigw\/aktualnosci\/art,1429,nowoczesne-systemy-oswietlenia-ulicznego-i-czystsze-powietrze-w-kolejnych-miejscowosciach.html\" target=\"_blank\" rel=\"noopener\">eksempler p\u00e5 finansiering Nu om dage<\/a>), tidligere SOWA-programmet (tjek nu, om der er en ny udgave)<br><\/span><\/li>\n<li><span class=\"text_exposed_show\">Investerings- og renoveringsbudgetter for byer og kommuner<\/span><\/li>\n<li><span class=\"text_exposed_show\">Statens Fond for Lokale Investeringer<\/span><\/li>\n<li><span class=\"text_exposed_show\">WFO IGW - Modernisering af energibelysning?<\/span><\/li>\n<li><span class=\"text_exposed_show\">Offentlig-privat partnerskab (OPP)<\/span><\/li>\n<li><span class=\"text_exposed_show\"><a href=\"https:\/\/mapadotacji.gov.pl\/\" target=\"_blank\" rel=\"noopener\">Bevillingskort?<\/a>, kontrollere hvorfra skal bevilges? god forn\u00f8jelse andre<\/span><\/li>\n<\/ul><p>[\/ et_pb_text] [\/ et_pb_column] [\/ et_pb_row] [\/ et_pb_section] [et_pb_section fb_built = &quot;1 \u2033 _builder_version =&quot; 4.9.2 \u2033 _module_preset = &quot;default = &quot;baggrund&quot; baggrund &quot;ground_off_grad_5=&quot;ground_off_grad_5=&quot;ground_off_grad_5=&quot;ground_off_grad_5 ,35,0.54) &quot;background_color_gradient_end =&quot; rgba (17,3,3,0.88) &quot;background_color_gradient_overlays_image =&quot; p\u00e5 &quot;background_image =&quot; https:\/\/led.ape.com.pl\/wp-content\/uploads\/2021 \/03\/ Ozimek-APELED-ZA.35W-scaled.jpg][et_pb_row column_structure = \u201d2_5,3_5 \u2033 use_custom_gutter =\u201d p\u00e5 \u201dgutter_width =\u201d 2 \u2033 make_equal = \u201don\u201d _builder_version = \u201d4.9.2 \u2033 forudindstillet = _\u201dmodule &quot; 94% &quot;max_width =&quot; ingen &quot;] [et_pb_column type =&quot; 2_5 \u2033 _builder_version = &quot;4.9.2 \u2033 _module_preset =&quot; default &quot;] [et_pb_text = _builder_version =&quot; 4.9.2 &quot;default_font&quot; &quot;modul&quot; |default &quot;default&quot; | |||||| &quot; text_text_color = &quot;#FFFFFF&quot; text_font_size = &quot;48px&quot; text_line_height = &quot;1,3em&quot;]<\/p><p>Dit f\u00f8rste skridt mod et innovativt f\u00e6llesskab med lavt kulstofindhold med APE LED<\/p><p>[\/ et_pb_text] [et_pb_image src = &quot;https:\/\/led.ape.com.pl\/wp-content\/uploads\/2021\/03\/zarowkadrogowa.png&quot; alt = &quot;? APE LED vejp\u00e6re&quot; title_text = &quot;? vejp\u00e6re APE LED &quot;_builder_version =&quot; 4.9.2 \u2033 _module_preset = &quot;default&quot;] [\/ et_pb_image] [\/ et_pb_column] [et_pb_column type = &quot;3_5 \u2033 _builder_version =&quot; 4.9.2 &quot;def_preset =builder&quot;_set =def_pb_set _modul ] [etbuilder_version .2 \u2033 _module_preset = &quot;standard&quot; text_font = &quot;| 300 |||||||&quot; text_text_color = &quot;#FFFFFF&quot; text_font_size = &quot;24px&quot; text_line_height = &quot;1.8em&quot; background_color = &quot;rgba (35,35,35,0.69)&quot; custom_padding = &quot;2vw | 2vw | 2vw | 2vw = &quot;false | false&quot; border 15px | 15px | 15px | 15px &quot;]<\/p><p>Hvert \u00e5r bruger belysning p\u00e5 offentlige steder i Polen tusindvis af GWh energi. Til kommuner, der bruger gamle, energikr\u00e6vende natriumlamper, tilbyder vi erstatninger for natriumlamper, som er lavet af i de nyeste LED-teknologier og bringe? h\u00f8j styrke? besparelser i energiomkostninger til belysning af veje, gader og offentlige steder, energieffektiviteten af gadebelysningssystemet i byen og reduktionen af forurenende emissioner for milj\u00f8et. Det ansl\u00e5s, at der i Polen er omkring 3,3 millioner gadelamper, herunder omkring 60-65% er natriumlamper, hvis effektivitet er ca. er cirka 40%, s\u00e5 60% er deres energiforbrug tabt? g\u00e5r op i luften?. Udskiftning af gamle kilder? Belysning til energibesparende LED-p\u00e6rer er mange gange mere rentabel, for det er den vores APE LED p\u00e6rer er kendetegnet ved si? meget h\u00f8j ydeevne? og derfor en meget kort tilbagebetalingstid uden behov for at udskifte hele gadelygten.<br>Virksomheden APE muligg\u00f8r? lyseffektivitet gennem brug af LED-natriump\u00e6rer i eksisterende gadearmaturer. Vi er ophavsm\u00e6nd til projekter og producent af LED-p\u00e6rer, der erstatter traditionelle natriump\u00e6rer i de eksisterende, effektive gadearmaturer. Vores LED lyskilder er udstyret med patenterede designl\u00f8sninger og produceret i Opole. APE-virksomheden har eksisteret siden 1984 og besk\u00e6ftiger n\u00e6sten 100 personer, heraf 55 personer med lette og moderate handicap.<\/p><p>[\/ et_pb_text] [\/ et_pb_column] [\/ et_pb_row] [\/ et_pb_section] [et_pb_section fb_built = &quot;1 \u2033 _builder_version =&quot; 4.9.2 \u2033 _module_preset = &quot;standard&quot; px_pad = &quot;907 px_pad ||| top_divider_flip = &quot;horisontal&quot;] [et_pb_row _builder_version = &quot;4.9.2 \u2033 _module_preset =&quot; default &quot;] [et_pb_column type =&quot; 4_4 \u2033 _builder_version = &quot;4.9.2 \u2033 =&quot; _pr\u00fcft_module_preset &quot;_et_module_preset &quot;_et_pb_column type =&quot; 4_4 \u2033 _builder_version = &quot;4.9.2 \u2033 =&quot; _pdf_module_preset&quot; text_font = &quot;| 300 |||||||&quot; text_text_color = &quot;#212121 \u2033 text_font_size =&quot; 21px &quot;text_line_height =&quot; 1,8em &quot;header_2_font =&quot; | 300 ||||||&quot;]<\/p><blockquote>\n<h2>Hvorfor er det v\u00e6rd at starte? arbejde med os at udskifte belysningen, allerede? nu?<\/h2>\n<p>? vi specialiserer os i gadebelysning<br>? Vi tilbyder LED-p\u00e6rer med en estimeret levetid p\u00e5 10-15 \u00e5r<br>? Vi udv\u00e6lger lyskilderne p\u00e5 baggrund af projekter i Dialux programmet<br>? forbedring af sikkerheden p\u00e5 veje og byrum ved at belyse omr\u00e5det<br>? risikofri tilbud fordi? omkostningerne ved investeringen betaler sig i l\u00f8bet af 12-18 m\u00e5neder, alts\u00e5 i garantiperioden<br>? v\u00e6sentlig reduktion af energiregningen elektrisk<br>? mulighed?? test installation af LED p\u00e6rer<\/p>\n<p>L\u00e6re? mere om LED gadebelysning fra APE LED eller kontakt os med APE LED allerede? nu!<\/p>\n<\/blockquote><p>[\/et_pb_text][et_pb_button button_text=&rdquo;Referencje&rdquo; _builder_version=&rdquo;4.9.2&Prime; _module_preset=&rdquo;default&rdquo; button_url=&rdquo;https:\/\/led.ape.com.pl\/referencje\/&rdquo; hover_enabled=&rdquo;0&Prime; sticky_enabled=&rdquo;0&Prime; custom_button=&rdquo;on&rdquo; button_text_color=&rdquo;#191919&Prime; button_font=&rdquo;|300|||||||&rdquo; button_text_size=&rdquo;20px&rdquo; button_icon=&rdquo;%%71%%&rdquo;][\/et_pb_button][\/et_pb_column][\/et_pb_row][\/et_pb_section][et_pb_section fb_built=&rdquo;1&Prime; _builder_version=&rdquo;4.9.2&Prime; _module_preset=&rdquo;default&rdquo; use_background_color_gradient=&rdquo;on&rdquo; background_color_gradient_start=&rdquo;rgba(0,0,0,0.69)&rdquo; background_color_gradient_end=&rdquo;rgba(0,0,0,0)&rdquo; background_color_gradient_overlays_image=&rdquo;on&rdquo; background_image=&rdquo;https:\/\/led.ape.com.pl\/wp-content\/uploads\/2021\/04\/ue.jpg&rdquo;][et_pb_row _builder_version=&rdquo;4.9.2&Prime; _module_preset=&rdquo;default&rdquo;][et_pb_column type=&rdquo;4_4&Prime; _builder_version=&rdquo;4.9.2&Prime; _module_preset=&rdquo;default&rdquo;][et_pb_text _builder_version=&rdquo;4.9.2&Prime; _module_preset=&rdquo;default&rdquo; text_font=&rdquo;|300|||||||&rdquo; text_text_color=&rdquo;#FFFFFF&rdquo; text_font_size=&rdquo;32px&rdquo; text_line_height=&rdquo;1.4em&rdquo; text_orientation=&rdquo;center&rdquo;]<\/p><p>Ju? nu ind i udvekslinger? belysning i din handlingsplan mod b\u00e6redygtig energi og begynde at reducere? problem HVAD? med APE LED.<\/p><p>[\/ et_pb_text] [et_pb_image src = &quot;https:\/\/led.ape.com.pl\/wp-content\/uploads\/2021\/04\/ssbes.png&quot; title_text = &quot;ssbes&quot; _builder_version = &quot;4.9.2 \u2033 _module_preset =&quot; standard &quot;filter_opacity =&quot; 77% &quot;box_shadow_style =&quot; preset2 \u2033] [\/ et_pb_image] [\/ et_pb_column] [\/ et_pb_row] [\/ et_pb_section]<\/p><\/p>","protected":false},"excerpt":{"rendered":"<p>[et_pb_section fb_built = &quot;1 \u2033 _builder_version =&quot; 4.9.2 \u2033 _module_preset = &quot;default&quot; custom_padding = &quot;0px || 0px || false | false&quot;] [et_pb_row\u2033 use_custom_gutter = &quot;on&quot; _1_module_wide = &quot;on&quot; gutter_2 = &quot;default&quot; width = &quot;100%&quot; max_width = &quot;ingen&quot; custom_padding = &quot;0px || 0px |||&quot;] [et_pb_column type = &quot;4_4 \u2033 _builder_version =&quot; 4.9.2 \u2033 _et_module_preset&quot;] = &quot;deliderb_version_preset &quot;4.9.2 \u2033 _module_preset =&quot; standard &quot;header_level =&quot; h1 \u2033 header_font_size = &quot;58px&quot; custom_padding = &quot;327px || 19px |||&quot;] [et_pb_slide heading = &quot;Gade LED-belysning af kommuner 4.9._2&quot; &quot;default&quot; header_level = &quot;h1 \u2033 header_font =&quot; | 300 ||||||&quot; header_text_align = &quot;venstre&quot; header_font_size = &quot;50px&quot; header_line_height = &quot;1.4em&quot; body_font = &quot;| 300 |||||||&quot; body_text_align = &quot;venstre&quot; body_font_size = &quot;26px&quot; background_image = &quot;https:\/\/led.ape.com.pl\/wp-content\/uploads\/2021\/03\/Pokoj-APELED-ZA.75W-2-scaled.jpg&quot; background_enable_image = &quot;On&quot; custom_padding = &quot;|||| false | false&quot; sticky_transition = &quot;on&quot;] Room Commune [\/ et_pb_slide] [\/ et_pb_slider] [\/ et_pb_column] [\/ et_pb_row] [\/ et_pb_section] [et_pb_section \u201d1 . _builder_version = &quot;4.9.2 \u2033 _module_preset =&quot; standard &quot;custom_padding =&quot; 100px |||| &quot;] [et_pb_row column_structure =&quot; 2_5,3_5 \u2033 _builder_version = &quot;4.9.2 \u2033 : 1. modul &quot;2th _max. = &quot;Ingen&quot;] [et_pb_column type = &quot;2_5 \u2033 _builder_version =&quot; 4.9.2 \u2033 _module_preset = &quot;default&quot;] [image_hotspot_parent image = &quot;https:\/\/led.ape.com.pl\/wp-content\/uploads\/2021\/ 03 \/ Logo-European-Funduszy.jpg &quot;_builder_version =&quot; 4.9.2 \u2033 [...]<\/p>","protected":false},"author":1,"featured_media":0,"parent":0,"menu_order":0,"comment_status":"closed","ping_status":"closed","template":"","meta":{"_et_pb_use_builder":"on","_et_pb_old_content":"","_et_gb_content_width":"","footnotes":""},"yoast_head":"<!-- This site is optimized with the Yoast SEO plugin v22.8 - https:\/\/yoast.com\/wordpress\/plugins\/seo\/ -->\n<title>Lampy uliczne LED dla gmin - APE LED producent o\u015bwietlenia LED<\/title>\n<meta name=\"robots\" content=\"index, follow, max-snippet:-1, max-image-preview:large, max-video-preview:-1\" \/>\n<link rel=\"canonical\" href=\"https:\/\/led.ape.com.pl\/da\/\u8857\u706f-\u30b3\u30df\u30e5\u30cb\u30c6\u30a3\u4e3b\u5c0e\/\" \/>\n<meta property=\"og:locale\" content=\"da_DK\" \/>\n<meta property=\"og:type\" content=\"article\" \/>\n<meta property=\"og:title\" content=\"Lampy uliczne LED dla gmin - APE LED producent o\u015bwietlenia LED\" \/>\n<meta property=\"og:description\" content=\"[et_pb_section fb_built=&#8221;1&#8243; _builder_version=&#8221;4.9.2&#8243; _module_preset=&#8221;default&#8221; custom_padding=&#8221;0px||0px||false|false&#8221;][et_pb_row use_custom_gutter=&#8221;on&#8221; gutter_width=&#8221;1&#8243; _builder_version=&#8221;4.9.2&#8243; _module_preset=&#8221;default&#8221; width=&#8221;100%&#8221; max_width=&#8221;none&#8221; custom_padding=&#8221;0px||0px|||&#8221;][et_pb_column type=&#8221;4_4&#8243; _builder_version=&#8221;4.9.2&#8243; _module_preset=&#8221;default&#8221;][et_pb_slider _builder_version=&#8221;4.9.2&#8243; _module_preset=&#8221;default&#8221; header_level=&#8221;h1&#8243; header_font_size=&#8221;58px&#8221; custom_padding=&#8221;327px||19px|||&#8221;][et_pb_slide heading=&#8221;O\u015bwietlenie uliczne LED gmin&#8221; _builder_version=&#8221;4.9.2&#8243; _module_preset=&#8221;default&#8221; header_level=&#8221;h1&#8243; header_font=&#8221;|300|||||||&#8221; header_text_align=&#8221;left&#8221; header_font_size=&#8221;50px&#8221; header_line_height=&#8221;1.4em&#8221; body_font=&#8221;|300|||||||&#8221; body_text_align=&#8221;left&#8221; body_font_size=&#8221;26px&#8221; background_image=&#8221;https:\/\/led.ape.com.pl\/wp-content\/uploads\/2021\/03\/Pokoj-APELED-ZA.75W-2-scaled.jpg&#8221; background_enable_image=&#8221;on&#8221; custom_padding=&#8221;||||false|false&#8221; sticky_transition=&#8221;on&#8221;] Gmina Pok\u00f3j [\/et_pb_slide][\/et_pb_slider][\/et_pb_column][\/et_pb_row][\/et_pb_section][et_pb_section fb_built=&#8221;1&#8243; _builder_version=&#8221;4.9.2&#8243; _module_preset=&#8221;default&#8221; custom_padding=&#8221;100px|||||&#8221;][et_pb_row column_structure=&#8221;2_5,3_5&#8243; _builder_version=&#8221;4.9.2&#8243; _module_preset=&#8221;default&#8221; width=&#8221;90%&#8221; max_width=&#8221;none&#8221;][et_pb_column type=&#8221;2_5&#8243; _builder_version=&#8221;4.9.2&#8243; _module_preset=&#8221;default&#8221;][image_hotspot_parent image=&#8221;https:\/\/led.ape.com.pl\/wp-content\/uploads\/2021\/03\/Logo-Fundusze-Europejskie.jpg&#8221; _builder_version=&#8221;4.9.2&#8243; [&hellip;]\" \/>\n<meta property=\"og:url\" content=\"https:\/\/led.ape.com.pl\/da\/\u8857\u706f-\u30b3\u30df\u30e5\u30cb\u30c6\u30a3\u4e3b\u5c0e\/\" \/>\n<meta property=\"og:site_name\" content=\"APE LED producent o\u015bwietlenia LED\" \/>\n<meta property=\"article:modified_time\" content=\"2021-04-23T22:34:50+00:00\" \/>\n<meta name=\"twitter:card\" content=\"summary_large_image\" \/>\n<meta name=\"twitter:label1\" content=\"Estimeret l\u00e6setid\" \/>\n\t<meta name=\"twitter:data1\" content=\"6 minutter\" \/>\n<script type=\"application\/ld+json\" class=\"yoast-schema-graph\">{\"@context\":\"https:\/\/schema.org\",\"@graph\":[{\"@type\":\"WebPage\",\"@id\":\"https:\/\/led.ape.com.pl\/ja\/%e8%a1%97%e7%81%af-%e3%82%b3%e3%83%9f%e3%83%a5%e3%83%8b%e3%83%86%e3%82%a3%e4%b8%bb%e5%b0%8e\/\",\"url\":\"https:\/\/led.ape.com.pl\/ja\/%e8%a1%97%e7%81%af-%e3%82%b3%e3%83%9f%e3%83%a5%e3%83%8b%e3%83%86%e3%82%a3%e4%b8%bb%e5%b0%8e\/\",\"name\":\"Lampy uliczne LED dla gmin - APE LED producent o\u015bwietlenia LED\",\"isPartOf\":{\"@id\":\"https:\/\/led.ape.com.pl\/#website\"},\"datePublished\":\"2021-03-28T20:17:53+00:00\",\"dateModified\":\"2021-04-23T22:34:50+00:00\",\"breadcrumb\":{\"@id\":\"https:\/\/led.ape.com.pl\/ja\/%e8%a1%97%e7%81%af-%e3%82%b3%e3%83%9f%e3%83%a5%e3%83%8b%e3%83%86%e3%82%a3%e4%b8%bb%e5%b0%8e\/#breadcrumb\"},\"inLanguage\":\"da-DK\",\"potentialAction\":[{\"@type\":\"ReadAction\",\"target\":[\"https:\/\/led.ape.com.pl\/ja\/%e8%a1%97%e7%81%af-%e3%82%b3%e3%83%9f%e3%83%a5%e3%83%8b%e3%83%86%e3%82%a3%e4%b8%bb%e5%b0%8e\/\"]}]},{\"@type\":\"BreadcrumbList\",\"@id\":\"https:\/\/led.ape.com.pl\/ja\/%e8%a1%97%e7%81%af-%e3%82%b3%e3%83%9f%e3%83%a5%e3%83%8b%e3%83%86%e3%82%a3%e4%b8%bb%e5%b0%8e\/#breadcrumb\",\"itemListElement\":[{\"@type\":\"ListItem\",\"position\":1,\"name\":\"Strona g\u0142\u00f3wna\",\"item\":\"https:\/\/led.ape.com.pl\/\"},{\"@type\":\"ListItem\",\"position\":2,\"name\":\"Lampy uliczne LED dla gmin\"}]},{\"@type\":\"WebSite\",\"@id\":\"https:\/\/led.ape.com.pl\/#website\",\"url\":\"https:\/\/led.ape.com.pl\/\",\"name\":\"APE LED producent o\u015bwietlenia LED\",\"description\":\"Strona APE LED polskiego producenta o\u015bwietlenia led, lamp ulicznych, o\u015bwietlenia akwarystycznego i o\u015bwietlenia przemys\u0142owego LED\",\"potentialAction\":[{\"@type\":\"SearchAction\",\"target\":{\"@type\":\"EntryPoint\",\"urlTemplate\":\"https:\/\/led.ape.com.pl\/?s={search_term_string}\"},\"query-input\":\"required name=search_term_string\"}],\"inLanguage\":\"da-DK\"}]}<\/script>\n<!-- \/ Yoast SEO plugin. -->","yoast_head_json":{"title":"Lampy uliczne LED dla gmin - APE LED producent o\u015bwietlenia LED","robots":{"index":"index","follow":"follow","max-snippet":"max-snippet:-1","max-image-preview":"max-image-preview:large","max-video-preview":"max-video-preview:-1"},"canonical":"https:\/\/led.ape.com.pl\/da\/\u8857\u706f-\u30b3\u30df\u30e5\u30cb\u30c6\u30a3\u4e3b\u5c0e\/","og_locale":"da_DK","og_type":"article","og_title":"Lampy uliczne LED dla gmin - APE LED producent o\u015bwietlenia LED","og_description":"[et_pb_section fb_built=&#8221;1&#8243; _builder_version=&#8221;4.9.2&#8243; _module_preset=&#8221;default&#8221; custom_padding=&#8221;0px||0px||false|false&#8221;][et_pb_row use_custom_gutter=&#8221;on&#8221; gutter_width=&#8221;1&#8243; _builder_version=&#8221;4.9.2&#8243; _module_preset=&#8221;default&#8221; width=&#8221;100%&#8221; max_width=&#8221;none&#8221; custom_padding=&#8221;0px||0px|||&#8221;][et_pb_column type=&#8221;4_4&#8243; _builder_version=&#8221;4.9.2&#8243; _module_preset=&#8221;default&#8221;][et_pb_slider _builder_version=&#8221;4.9.2&#8243; _module_preset=&#8221;default&#8221; header_level=&#8221;h1&#8243; header_font_size=&#8221;58px&#8221; custom_padding=&#8221;327px||19px|||&#8221;][et_pb_slide heading=&#8221;O\u015bwietlenie uliczne LED gmin&#8221; _builder_version=&#8221;4.9.2&#8243; _module_preset=&#8221;default&#8221; header_level=&#8221;h1&#8243; header_font=&#8221;|300|||||||&#8221; header_text_align=&#8221;left&#8221; header_font_size=&#8221;50px&#8221; header_line_height=&#8221;1.4em&#8221; body_font=&#8221;|300|||||||&#8221; body_text_align=&#8221;left&#8221; body_font_size=&#8221;26px&#8221; background_image=&#8221;https:\/\/led.ape.com.pl\/wp-content\/uploads\/2021\/03\/Pokoj-APELED-ZA.75W-2-scaled.jpg&#8221; background_enable_image=&#8221;on&#8221; custom_padding=&#8221;||||false|false&#8221; sticky_transition=&#8221;on&#8221;] Gmina Pok\u00f3j [\/et_pb_slide][\/et_pb_slider][\/et_pb_column][\/et_pb_row][\/et_pb_section][et_pb_section fb_built=&#8221;1&#8243; _builder_version=&#8221;4.9.2&#8243; _module_preset=&#8221;default&#8221; custom_padding=&#8221;100px|||||&#8221;][et_pb_row column_structure=&#8221;2_5,3_5&#8243; _builder_version=&#8221;4.9.2&#8243; _module_preset=&#8221;default&#8221; width=&#8221;90%&#8221; max_width=&#8221;none&#8221;][et_pb_column type=&#8221;2_5&#8243; _builder_version=&#8221;4.9.2&#8243; _module_preset=&#8221;default&#8221;][image_hotspot_parent image=&#8221;https:\/\/led.ape.com.pl\/wp-content\/uploads\/2021\/03\/Logo-Fundusze-Europejskie.jpg&#8221; _builder_version=&#8221;4.9.2&#8243; [&hellip;]","og_url":"https:\/\/led.ape.com.pl\/da\/\u8857\u706f-\u30b3\u30df\u30e5\u30cb\u30c6\u30a3\u4e3b\u5c0e\/","og_site_name":"APE LED producent o\u015bwietlenia LED","article_modified_time":"2021-04-23T22:34:50+00:00","twitter_card":"summary_large_image","twitter_misc":{"Estimeret l\u00e6setid":"6 minutter"},"schema":{"@context":"https:\/\/schema.org","@graph":[{"@type":"WebPage","@id":"https:\/\/led.ape.com.pl\/ja\/%e8%a1%97%e7%81%af-%e3%82%b3%e3%83%9f%e3%83%a5%e3%83%8b%e3%83%86%e3%82%a3%e4%b8%bb%e5%b0%8e\/","url":"https:\/\/led.ape.com.pl\/ja\/%e8%a1%97%e7%81%af-%e3%82%b3%e3%83%9f%e3%83%a5%e3%83%8b%e3%83%86%e3%82%a3%e4%b8%bb%e5%b0%8e\/","name":"Lampy uliczne LED dla gmin - APE LED producent o\u015bwietlenia LED","isPartOf":{"@id":"https:\/\/led.ape.com.pl\/#website"},"datePublished":"2021-03-28T20:17:53+00:00","dateModified":"2021-04-23T22:34:50+00:00","breadcrumb":{"@id":"https:\/\/led.ape.com.pl\/ja\/%e8%a1%97%e7%81%af-%e3%82%b3%e3%83%9f%e3%83%a5%e3%83%8b%e3%83%86%e3%82%a3%e4%b8%bb%e5%b0%8e\/#breadcrumb"},"inLanguage":"da-DK","potentialAction":[{"@type":"ReadAction","target":["https:\/\/led.ape.com.pl\/ja\/%e8%a1%97%e7%81%af-%e3%82%b3%e3%83%9f%e3%83%a5%e3%83%8b%e3%83%86%e3%82%a3%e4%b8%bb%e5%b0%8e\/"]}]},{"@type":"BreadcrumbList","@id":"https:\/\/led.ape.com.pl\/ja\/%e8%a1%97%e7%81%af-%e3%82%b3%e3%83%9f%e3%83%a5%e3%83%8b%e3%83%86%e3%82%a3%e4%b8%bb%e5%b0%8e\/#breadcrumb","itemListElement":[{"@type":"ListItem","position":1,"name":"Strona g\u0142\u00f3wna","item":"https:\/\/led.ape.com.pl\/"},{"@type":"ListItem","position":2,"name":"Lampy uliczne LED dla gmin"}]},{"@type":"WebSite","@id":"https:\/\/led.ape.com.pl\/#website","url":"https:\/\/led.ape.com.pl\/","name":"APE LED producent o\u015bwietlenia LED","description":"Strona APE LED polskiego producenta o\u015bwietlenia led, lamp ulicznych, o\u015bwietlenia akwarystycznego i o\u015bwietlenia przemys\u0142owego LED","potentialAction":[{"@type":"SearchAction","target":{"@type":"EntryPoint","urlTemplate":"https:\/\/led.ape.com.pl\/?s={search_term_string}"},"query-input":"required name=search_term_string"}],"inLanguage":"da-DK"}]}},"_links":{"self":[{"href":"https:\/\/led.ape.com.pl\/da\/wp-json\/wp\/v2\/pages\/3387"}],"collection":[{"href":"https:\/\/led.ape.com.pl\/da\/wp-json\/wp\/v2\/pages"}],"about":[{"href":"https:\/\/led.ape.com.pl\/da\/wp-json\/wp\/v2\/types\/page"}],"author":[{"embeddable":true,"href":"https:\/\/led.ape.com.pl\/da\/wp-json\/wp\/v2\/users\/1"}],"replies":[{"embeddable":true,"href":"https:\/\/led.ape.com.pl\/da\/wp-json\/wp\/v2\/comments?post=3387"}],"version-history":[{"count":22,"href":"https:\/\/led.ape.com.pl\/da\/wp-json\/wp\/v2\/pages\/3387\/revisions"}],"predecessor-version":[{"id":4163,"href":"https:\/\/led.ape.com.pl\/da\/wp-json\/wp\/v2\/pages\/3387\/revisions\/4163"}],"wp:attachment":[{"href":"https:\/\/led.ape.com.pl\/da\/wp-json\/wp\/v2\/media?parent=3387"}],"curies":[{"name":"wp","href":"https:\/\/api.w.org\/{rel}","templated":true}]}}