{"id":3136,"date":"2021-03-25T22:29:43","date_gmt":"2021-03-25T21:29:43","guid":{"rendered":"https:\/\/led.ape.com.pl\/?page_id=3136"},"modified":"2021-03-31T22:34:26","modified_gmt":"2021-03-31T20:34:26","slug":"referencje","status":"publish","type":"page","link":"https:\/\/led.ape.com.pl\/en\/reference\/","title":{"rendered":"<p>Reference<\/p>"},"content":{"rendered":"<p>[et_pb_section fb_built = &quot;1 \u2033 _builder_version =&quot; 4.9.2 \u2033 _module_preset = &quot;default&quot; custom_padding = &quot;0px || 0px |||&quot;] [et_pb_row _builder_version = &quot;4.9.2 \u2033 _module_preset =&quot; default &quot;widthT =&quot; 100% = &quot;100% =&quot; max_width = &quot;none&quot; custom_padding = &quot;0px || 0px |||&quot;] [et_pb_column type = &quot;4_4 \u2033 _builder_version =&quot; 4.9.2 \u2033 _module_preset = &quot;default&quot;] [et_pb_slider _builder_version = &quot;4.9.2 \u2033 _module_preset =&quot; default_preset = &quot;default_preset =&quot; &quot;Use_background_color_gradient =&quot; on &quot;background_color_gradient_start =&quot; rgba (0,0,0,0) &quot;background_color_gradient_end =&quot; rgba (0,0,0,0.76) &quot;background_color_gradient_overlays_image =&quot; on &quot;custom_padding =&quot; 346px || 63px ||| &quot; animation_style = &quot;slide&quot; animation_direction = &quot;top&quot;] [et_pb_slide heading = &quot;References from our clients&quot; _builder_version = &quot;4.9.2 \u2033 _module_preset =&quot; default &quot;header_font =&quot; | 300 ||||||| &quot; header_text_align = &quot;left&quot; background_enable_color = &quot;off&quot; background_image = &quot;https:\/\/led.ape.com.pl\/wp-content\/uploads\/2021\/03\/Opole-scaled.jpg&quot; background_enable_image = &quot;on&quot; sticky_transition = &quot;on \u201d] [\/ Et_pb_slide] [\/ et_pb_slider] [\/ et_pb_column] [\/ et_pb_row] [\/ et_pb_section] [et_pb_section fb_built =&quot; 1 \u2033 _builder_version = &quot;4.9.2 \u2033 _module_preset = &quot;|| 40 custom_xpad | &quot;] [Et_pb_row column_structure =&quot; 1_4,1_4,1_4,1_4 \u2033 use_custom_gutter = &quot;on&quot; _builder_version = &quot;4.9.2 \u2033 _module_preset =&quot; default &quot;width =&quot; 92% &quot;max_width =&quot; none &quot;animation_style =&quot; slide &quot;animation_direction =&quot; bottom &quot;animation_speed_curve =&quot; ease-in &quot;] [et_pb_column type =&quot; 1_4 \u2033 _builder_version = &quot;4.9.2 \u2033 _module_preset =&quot; default &quot;] [et_pb_blurb title =&quot; Besko Municipality &quot;image =&quot; https:\/\/led.ape.com .pl \/ wp-content \/ uploads \/ 2021\/03 \/ 503px-POL_gmina_Besko_COA.svg_.png &quot;alt =&quot; Besko &quot;image_max_width =&quot; 60% &quot;_builder_version =&quot; 4.9.2 \u2033 _module_preset = &quot;default&quot; header_level = &quot;h3 \u2033 header_font &quot;| 300 |||||||&quot; header_text_align = &quot;center&quot; header_text_color = &quot;#000000 \u2033 header_font_size =&quot; 24px &quot;body_font =&quot; | 300 ||||||| &quot; body_text_align = &quot;center&quot; body_text_color = &quot;#2b2b2b&quot; body_font_size = &quot;18px&quot; body_line_height = &quot;1.6em&quot; background_color = &quot;#f7f7f7 \u2033 custom_margin =&quot; |||| true | false 10x | 10px | 10p false 10x | 10p | 10p false &quot;border_width_left =&quot; 8px &quot;border_color_left =&quot; #82bb31 \u2033 box_shadow_style = &quot;preset3 \u2033]<p>\u201cThanks to the intelligent APE LED bulbs, we have achieved significant savings in electricity costs, i.e. 50-60%, and in visual energy costs. correct? lighting quality. &quot;<\/p><p><a href=\"https:\/\/led.ape.com.pl\/wp-content\/uploads\/2021\/03\/Besko.pdf\">Download Recommendation? from the Besko Commune<\/a><\/p><p>[\/ et_pb_blurb] [\/ et_pb_column] [et_pb_column type = &quot;1_4 \u2033 _builder_version =&quot; 4.9.2 \u2033 _module_preset = &quot;default&quot;] [et_pb_blurb title = &quot;Pabianice&quot; image = &quot;https:\/\/led.ape.com.pl\/ wp-content \/ uploads \/ 2021\/03 \/ 320px-POL_Pabianice_COA.svg_.png &quot;alt =&quot; Besko &quot;image_max_width =&quot; 60% &quot;_builder_version =&quot; 4.9.2 \u2033 _module_preset = &quot;default&quot; header_level = &quot;h3 \u2033 header_font =&quot; | 300 ||||||| &quot; header_text_align = &quot;center&quot; header_text_color = &quot;#000000 \u2033 header_font_size =&quot; 24px &quot;body_font =&quot; | 300 ||||||| &quot; body_text_align = &quot;center&quot; body_text_color = &quot;#2b2b2b&quot; body_font_size = &quot;18px&quot; body_line_height = &quot;1.6em&quot; background_color = &quot;#f7f7f7 \u2033 custom_margin =&quot; |||| true | false 10x | 10px | 10p false 10x | 10p | 10p false &quot;border_width_left =&quot; 8px &quot;border_color_left =&quot; #82bb31 \u2033 box_shadow_style = &quot;preset3 \u2033]<\/p><p>&quot;The delivered products meet the highest standards, are durable, easy to use, do not make operational problems. &quot;<\/p><p><a href=\"https:\/\/led.ape.com.pl\/wp-content\/uploads\/2021\/03\/Pabianice.pdf\">Download Recommendation? from the Mayor of Pabianice<\/a><\/p><p>[\/ et_pb_blurb] [\/ et_pb_column] [et_pb_column type = &quot;1_4 \u2033 _builder_version =&quot; 4.9.2 \u2033 _module_preset = &quot;default&quot;] [et_pb_blurb title = &quot;Municipality? cranberry&quot; image = &quot;https:\/\/led.ape.com. pl \/ wp-content \/ uploads \/ 2021\/03 \/ 491px-POL_Zorawina_COA.svg_.png &quot;alt =&quot; Besko &quot;image_max_width =&quot; 60% &quot;_builder_version =&quot; 4.9.2 \u2033 _module_preset = &quot;default&quot; header_level = &quot;h3 \u2033 header_font =&quot; | 300 ||||||| &quot; header_text_align = &quot;center&quot; header_text_color = &quot;#000000 \u2033 header_font_size =&quot; 24px &quot;body_font =&quot; | 300 ||||||| &quot; body_text_align = &quot;center&quot; body_text_color = &quot;#2b2b2b&quot; body_font_size = &quot;18px&quot; body_line_height = &quot;1.6em&quot; background_color = &quot;#f7f7f7 \u2033 custom_margin =&quot; |||| true | false 10x | 10px | 10p false 10x | 10p | 10p false &quot;border_width_left =&quot; 8px &quot;border_color_left =&quot; #82bb31 \u2033 box_shadow_style = &quot;preset3 \u2033]<\/p><p>&quot;Taking advantage of the APE LED offer was an excellent choice ...&quot;<\/p><p><a href=\"https:\/\/led.ape.com.pl\/wp-content\/uploads\/2021\/03\/POSWIADCZENIE-Zorawina.pdf\">Download Recommendation? from the Commune of? \u00f3rawina<\/a><\/p><p>[\/ et_pb_blurb] [\/ et_pb_column] [et_pb_column type = &quot;1_4 \u2033 _builder_version =&quot; 4.9.2 \u2033 _module_preset = &quot;default&quot;] [et_pb_blurb title = &quot;Stawiguda Commune&quot; image = &quot;https:\/\/led.ape.com.pl \/wp-content\/uploads\/2021\/03\/1200px-POL_gmina_Stawiguda_COA.svg_.png &quot;alt =&quot; Besko &quot;image_max_width =&quot; 60% &quot;_builder_version =&quot; 4.9.2 \u2033 _module_preset = &quot;default&quot; header_level = &quot;h3&quot; \u2033 header_font 300 ||||||| &quot; header_text_align = &quot;center&quot; header_text_color = &quot;#000000 \u2033 header_font_size =&quot; 24px &quot;body_font =&quot; | 300 ||||||| &quot; body_text_align = &quot;center&quot; body_text_color = &quot;#2b2b2b&quot; body_font_size = &quot;18px&quot; body_line_height = &quot;1.6em&quot; background_color = &quot;#f7f7f7 \u2033 custom_margin =&quot; |||| true | false 10x | 10px | 10p false 10x | 10p | 10p false &quot;border_width_left =&quot; 8px &quot;border_color_left =&quot; #82bb31 \u2033 box_shadow_style = &quot;preset3 \u2033]<\/p><p>&quot;... we obtained a visual? correct? quality of lighting, and significant savings of up to 50% in electricity costs ... &quot;<\/p><p><a href=\"https:\/\/led.ape.com.pl\/wp-content\/uploads\/2021\/03\/Stawiguda.pdf\">Download Recommendation? from the Stawiguda Commune<\/a><\/p><p>[\/ et_pb_blurb] [\/ et_pb_column] [\/ et_pb_row] [et_pb_row column_structure = &quot;1_4.1_4.1_4.1_4 \u2033 use_custom_gutter =&quot; on &quot;_builder_version =&quot; 4.9.2 \u2033 _module_preset = &quot;default&quot; width = &quot;921TPwidthT&quot; none &quot;animation_style =&quot; slide &quot;animation_direction =&quot; bottom &quot;] [et_pb_column type =&quot; 1_4 \u2033 _builder_version = &quot;4.9.2 \u2033 _module_preset =&quot; default &quot;] [et_pb_blurb title =&quot; Gogolin Municipality &quot;image =&quot; https: \/\/ led. ape.com.pl\/wp-content\/uploads\/2021\/03\/1200px-POL_Gogolin_COA.svg_.png &quot;alt =&quot; Besko &quot;image_max_width =&quot; 60% &quot;_builder_version =&quot; 4.9.2 \u2033 _module_preset = &quot;default&quot; header_level = &quot;h3 \u2033 Header_font = &quot;| 300 |||||||&quot; header_text_align = &quot;center&quot; header_text_color = &quot;#000000 \u2033 header_font_size =&quot; 24px &quot;body_font =&quot; | 300 ||||||| &quot; body_text_align = &quot;center&quot; body_text_color = &quot;#2b2b2b&quot; body_font_size = &quot;18px&quot; body_line_height = &quot;1.6em&quot; background_color = &quot;#f7f7f7 \u2033 custom_margin =&quot; |||| true | false 10x | 10px | 10p false 10x | 10p | 10p false false &quot;border_width_left =&quot; 8px &quot;border_color_left =&quot; #82bb31 \u2033 box_shadow_style = &quot;preset3 \u2033]<\/p><p>&quot;Warranty service by? made quickly and efficiently. &quot;<\/p><p><a href=\"https:\/\/led.ape.com.pl\/wp-content\/uploads\/2021\/03\/Gogolin.pdf\">Download Recommendation? from the Gogolin Commune<\/a><\/p><p>[\/ et_pb_blurb] [\/ et_pb_column] [et_pb_column type = &quot;1_4 \u2033 _builder_version =&quot; 4.9.2 \u2033 _module_preset = &quot;default&quot;] [et_pb_blurb title = &quot;Wodzis? aw? l? ski&quot; image = &quot;https: \/\/ led. ape.com.pl\/wp-content\/uploads\/2021\/03\/1200px-POL_Wodzislaw_Slaski_COA.png &quot;alt =&quot; Besko &quot;image_max_width =&quot; 60% &quot;_builder_version =&quot; 4.9.2 \u2033 _module_preset = &quot;default&quot; header_level = &quot;h3 \u2033 header_font = &quot;| 300 |||||||&quot; header_text_align = &quot;center&quot; header_text_color = &quot;#000000 \u2033 header_font_size =&quot; 24px &quot;body_font =&quot; | 300 ||||||| &quot; body_text_align = &quot;center&quot; body_text_color = &quot;#2b2b2b&quot; body_font_size = &quot;18px&quot; body_line_height = &quot;1.6em&quot; background_color = &quot;#f7f7f7 \u2033 custom_margin =&quot; |||| true | false 10x | 10px | 10p false 10x | 10p | 10p false &quot;border_width_left =&quot; 8px &quot;border_color_left =&quot; #82bb31 \u2033 box_shadow_style = &quot;preset3 \u2033]<\/p><p>\u201cThe purchased bulbs were installed in the park lanterns located in the market square of the town of Wodzis? Awia? L? Skie. The contract was performed on time ... &quot;<\/p><p><a href=\"https:\/\/led.ape.com.pl\/wp-content\/uploads\/2021\/03\/Poswiadczenie-nalezytego-wykonania-umowy-Wodzislaw.pdf\">Download Recommendation? Wodzis? W? In \u015bl\u0105ski<\/a><\/p><p>[\/ et_pb_blurb] [\/ et_pb_column] [et_pb_column type = &quot;1_4 \u2033 _builder_version =&quot; 4.9.2 \u2033 _module_preset = &quot;default&quot;] [et_pb_blurb title = &quot;Call of the Municipalities of Many Lands&quot; image = &quot;https: \/\/ led .ape.com.pl \/ wp-content \/ uploads \/ 2021\/03 \/ zgzw_mini.jpg &quot;alt =&quot; Besko &quot;image_max_width =&quot; 60% &quot;_builder_version =&quot; 4.9.2 \u2033 _module_preset = &quot;default&quot; header_level = &quot;h3 \u2033 header_font = &quot;| 300 |||||||&quot; header_text_align = &quot;center&quot; header_text_color = &quot;#000000 \u2033 header_font_size =&quot; 24px &quot;body_font =&quot; | 300 ||||||| &quot; body_text_align = &quot;center&quot; body_text_color = &quot;#2b2b2b&quot; body_font_size = &quot;18px&quot; body_line_height = &quot;1.6em&quot; background_color = &quot;#f7f7f7 \u2033 custom_margin =&quot; |||| true | false 10x | 10px | 10p false 10x | 10p | 10p false &quot;border_width_left =&quot; 8px &quot;border_color_left =&quot; #82bb31 \u2033 box_shadow_style = &quot;preset3 \u2033]<\/p><p>&quot;The delivered products meet the highest standards, are very durable?<\/p><p><a href=\"https:\/\/led.ape.com.pl\/wp-content\/uploads\/2021\/03\/Zwiazek-Gmin-Wielunskich-Lumen.pdf\">Download Recommendation? from PW-ZGZW &quot;LUMEN&quot;<\/a><\/p><p>[\/ et_pb_blurb] [\/ et_pb_column] [et_pb_column type = &quot;1_4 \u2033 _builder_version =&quot; 4.9.2 \u2033 _module_preset = &quot;default&quot;] [et_pb_blurb title = &quot;ALE company&quot; image = &quot;https:\/\/led.ape.com.pl \/wp-content\/uploads\/2021\/03\/aleco.png &quot;alt =&quot; Besko &quot;_builder_version =&quot; 4.9.2 \u2033 _module_preset = &quot;default&quot; header_level = &quot;h3 \u2033 header_font =&quot; | 300 ||||||| &quot; header_text_align = &quot;center&quot; header_text_color = &quot;#000000 \u2033 header_font_size =&quot; 24px &quot;body_font =&quot; | 300 ||||||| &quot; body_text_align = &quot;center&quot; body_text_color = &quot;#2b2b2b&quot; body_font_size = &quot;18px&quot; body_line_height = &quot;1.6em&quot; background_color = &quot;#f7f7f7 \u2033 custom_margin =&quot; |||| true | false 10x | 10px | 10p false 10x | 10p | 10p false &quot;hover_enabled =&quot; 0 \u2033 border_width_left = &quot;8px&quot; border_color_left = &quot;#82bb31 \u2033 box_shadow_style =&quot; preset3 \u2033 sticky_enabled = &quot;0 \u2033]<\/p><p>&quot;Taking advantage of the APE LED offer was an excellent choice ...&quot;<\/p><p><a href=\"https:\/\/led.ape.com.pl\/wp-content\/uploads\/2021\/03\/Rekomendacje-ALE.pdf\">Download Recommendation? from ALE<\/a><\/p><p>[\/ et_pb_blurb] [\/ et_pb_column] [\/ et_pb_row] [et_pb_row _builder_version = &quot;4.9.2 \u2033 _module_preset =&quot; default &quot;] [et_pb_column type =&quot; 4_4 \u2033 _builder_version = &quot;4.9.2 \u2033 _ etmodule_tersion =&quot; 4.9.2 \u2033 _ etmodule_preset_ = &quot;4.9.2 \u2033 _module_preset =&quot; default &quot;]<\/p><p style=\"text-align: center;\">Contact me with APE LED already? now, start saving? thanks to the innovative Polish source of LED light.<\/p><p>[\/ et_pb_text] [\/ et_pb_column] [\/ et_pb_row] [\/ et_pb_section]<\/p><\/p>","protected":false},"excerpt":{"rendered":"<p>[et_pb_section fb_built = &quot;1 \u2033 _builder_version =&quot; 4.9.2 \u2033 _module_preset = &quot;default&quot; custom_padding = &quot;0px || 0px |||&quot;] [et_pb_row _builder_version = &quot;4.9.2 \u2033 _module_preset =&quot; default &quot;widthT =&quot; 100% = &quot;100% =&quot; max_width = &quot;none&quot; custom_padding = &quot;0px || 0px |||&quot;] [et_pb_column type = &quot;4_4 \u2033 _builder_version =&quot; 4.9.2 \u2033 _module_preset = &quot;default&quot;] [et_pb_slider _builder_version = &quot;4.9.2 \u2033 _module_preset =&quot; default_preset = &quot;default_preset =&quot; &quot;Use_background_color_gradient =&quot; on &quot;background_color_gradient_start =&quot; rgba (0,0,0,0) &quot;background_color_gradient_end =&quot; rgba (0,0,0,0.76) &quot;background_color_gradient_overlays_image =&quot; on &quot;custom_padding =&quot; 346px || 63px ||| &quot; animation_style = &quot;slide&quot; animation_direction = &quot;top&quot;] [et_pb_slide heading = &quot;References from our clients&quot; _builder_version = &quot;4.9.2 \u2033 _module_preset =&quot; default &quot;header_font =&quot; | 300 ||||||| &quot; header_text_align = &quot;left&quot; background_enable_color = &quot;off&quot; background_image = &quot;https:\/\/led.ape.com.pl\/wp-content\/uploads\/2021\/03\/Opole-scaled.jpg&quot; background_enable_image = &quot;on&quot; sticky_transition = &quot;on \u201d] [\/ Et_pb_slide] [\/ et_pb_slider] [\/ et_pb_column] [\/ et_pb_row] [\/ et_pb_section] [et_pb_section fb_built =&quot; 1 \u2033 _builder_version = &quot;4.9.2 \u2033 _module_preset = &quot;|| 40 custom_xpad | &quot;] [Et_pb_row column_structure =&quot; 1_4,1_4,1_4,1_4 \u2033 use_custom_gutter = &quot;on&quot; _builder_version = &quot;4.9.2 \u2033 _module_preset =&quot; default &quot;width =&quot; 92% &quot;max_width =&quot; none &quot;animation_style =&quot; slide &quot;animation_direction =&quot; bottom &quot;animation_speed_curve =&quot; ease-in &quot;] [et_pb_column type =&quot; 1_4 \u2033 _builder_version = &quot;4.9.2 \u2033 _module_preset =&quot; default &quot;] [et_pb_blurb title =&quot; Besko Municipality &quot;image =&quot; https:\/\/led.ape.com .pl \/ wp-content \/ uploads \/ 2021\/03 \/ 503px-POL_gmina_Besko_COA.svg_.png &quot;alt =&quot; Besko &quot;image_max_width =&quot; 60% &quot;[...]<\/p>","protected":false},"author":1,"featured_media":0,"parent":0,"menu_order":0,"comment_status":"closed","ping_status":"closed","template":"","meta":{"_et_pb_use_builder":"on","_et_pb_old_content":"","_et_gb_content_width":"","footnotes":""},"yoast_head":"<!-- This site is optimized with the Yoast SEO plugin v22.8 - https:\/\/yoast.com\/wordpress\/plugins\/seo\/ -->\n<title>Referencje - APE LED producent o\u015bwietlenia LED<\/title>\n<meta name=\"robots\" content=\"index, follow, max-snippet:-1, max-image-preview:large, max-video-preview:-1\" \/>\n<link rel=\"canonical\" href=\"https:\/\/led.ape.com.pl\/en\/\u0441\u043f\u0440\u0430\u0432\u043a\u0430\/\" \/>\n<meta property=\"og:locale\" content=\"en_GB\" \/>\n<meta property=\"og:type\" content=\"article\" \/>\n<meta property=\"og:title\" content=\"Referencje - APE LED producent o\u015bwietlenia LED\" \/>\n<meta property=\"og:description\" content=\"[et_pb_section fb_built=&#8221;1&#8243; _builder_version=&#8221;4.9.2&#8243; _module_preset=&#8221;default&#8221; custom_padding=&#8221;0px||0px|||&#8221;][et_pb_row _builder_version=&#8221;4.9.2&#8243; _module_preset=&#8221;default&#8221; width=&#8221;100%&#8221; max_width=&#8221;none&#8221; custom_padding=&#8221;0px||0px|||&#8221;][et_pb_column type=&#8221;4_4&#8243; _builder_version=&#8221;4.9.2&#8243; _module_preset=&#8221;default&#8221;][et_pb_slider _builder_version=&#8221;4.9.2&#8243; _module_preset=&#8221;default&#8221; use_background_color_gradient=&#8221;on&#8221; background_color_gradient_start=&#8221;rgba(0,0,0,0)&#8221; background_color_gradient_end=&#8221;rgba(0,0,0,0.76)&#8221; background_color_gradient_overlays_image=&#8221;on&#8221; custom_padding=&#8221;346px||63px|||&#8221; animation_style=&#8221;slide&#8221; animation_direction=&#8221;top&#8221;][et_pb_slide heading=&#8221;Referencje od Naszych klient\u00f3w&#8221; _builder_version=&#8221;4.9.2&#8243; _module_preset=&#8221;default&#8221; header_font=&#8221;|300|||||||&#8221; header_text_align=&#8221;left&#8221; background_enable_color=&#8221;off&#8221; background_image=&#8221;https:\/\/led.ape.com.pl\/wp-content\/uploads\/2021\/03\/Opole-scaled.jpg&#8221; background_enable_image=&#8221;on&#8221; sticky_transition=&#8221;on&#8221;][\/et_pb_slide][\/et_pb_slider][\/et_pb_column][\/et_pb_row][\/et_pb_section][et_pb_section fb_built=&#8221;1&#8243; _builder_version=&#8221;4.9.2&#8243; _module_preset=&#8221;default&#8221; custom_padding=&#8221;40px|||||&#8221;][et_pb_row column_structure=&#8221;1_4,1_4,1_4,1_4&#8243; use_custom_gutter=&#8221;on&#8221; _builder_version=&#8221;4.9.2&#8243; _module_preset=&#8221;default&#8221; width=&#8221;92%&#8221; max_width=&#8221;none&#8221; animation_style=&#8221;slide&#8221; animation_direction=&#8221;bottom&#8221; animation_speed_curve=&#8221;ease-in&#8221;][et_pb_column type=&#8221;1_4&#8243; _builder_version=&#8221;4.9.2&#8243; _module_preset=&#8221;default&#8221;][et_pb_blurb title=&#8221;Gmina Besko&#8221; image=&#8221;https:\/\/led.ape.com.pl\/wp-content\/uploads\/2021\/03\/503px-POL_gmina_Besko_COA.svg_.png&#8221; alt=&#8221;Besko&#8221; image_max_width=&#8221;60%&#8221; [&hellip;]\" \/>\n<meta property=\"og:url\" content=\"https:\/\/led.ape.com.pl\/en\/\u0441\u043f\u0440\u0430\u0432\u043a\u0430\/\" \/>\n<meta property=\"og:site_name\" content=\"APE LED producent o\u015bwietlenia LED\" \/>\n<meta property=\"article:modified_time\" content=\"2021-03-31T20:34:26+00:00\" \/>\n<meta name=\"twitter:card\" content=\"summary_large_image\" \/>\n<meta name=\"twitter:label1\" content=\"Estimated reading time\" \/>\n\t<meta name=\"twitter:data1\" content=\"7 minutes\" \/>\n<script type=\"application\/ld+json\" class=\"yoast-schema-graph\">{\"@context\":\"https:\/\/schema.org\",\"@graph\":[{\"@type\":\"WebPage\",\"@id\":\"https:\/\/led.ape.com.pl\/bg\/%d1%81%d0%bf%d1%80%d0%b0%d0%b2%d0%ba%d0%b0\/\",\"url\":\"https:\/\/led.ape.com.pl\/bg\/%d1%81%d0%bf%d1%80%d0%b0%d0%b2%d0%ba%d0%b0\/\",\"name\":\"Referencje - APE LED producent o\u015bwietlenia LED\",\"isPartOf\":{\"@id\":\"https:\/\/led.ape.com.pl\/#website\"},\"datePublished\":\"2021-03-25T21:29:43+00:00\",\"dateModified\":\"2021-03-31T20:34:26+00:00\",\"breadcrumb\":{\"@id\":\"https:\/\/led.ape.com.pl\/bg\/%d1%81%d0%bf%d1%80%d0%b0%d0%b2%d0%ba%d0%b0\/#breadcrumb\"},\"inLanguage\":\"en-GB\",\"potentialAction\":[{\"@type\":\"ReadAction\",\"target\":[\"https:\/\/led.ape.com.pl\/bg\/%d1%81%d0%bf%d1%80%d0%b0%d0%b2%d0%ba%d0%b0\/\"]}]},{\"@type\":\"BreadcrumbList\",\"@id\":\"https:\/\/led.ape.com.pl\/bg\/%d1%81%d0%bf%d1%80%d0%b0%d0%b2%d0%ba%d0%b0\/#breadcrumb\",\"itemListElement\":[{\"@type\":\"ListItem\",\"position\":1,\"name\":\"Strona g\u0142\u00f3wna\",\"item\":\"https:\/\/led.ape.com.pl\/\"},{\"@type\":\"ListItem\",\"position\":2,\"name\":\"Referencje\"}]},{\"@type\":\"WebSite\",\"@id\":\"https:\/\/led.ape.com.pl\/#website\",\"url\":\"https:\/\/led.ape.com.pl\/\",\"name\":\"APE LED producent o\u015bwietlenia LED\",\"description\":\"Strona APE LED polskiego producenta o\u015bwietlenia led, lamp ulicznych, o\u015bwietlenia akwarystycznego i o\u015bwietlenia przemys\u0142owego LED\",\"potentialAction\":[{\"@type\":\"SearchAction\",\"target\":{\"@type\":\"EntryPoint\",\"urlTemplate\":\"https:\/\/led.ape.com.pl\/?s={search_term_string}\"},\"query-input\":\"required name=search_term_string\"}],\"inLanguage\":\"en-GB\"}]}<\/script>\n<!-- \/ Yoast SEO plugin. -->","yoast_head_json":{"title":"Referencje - APE LED producent o\u015bwietlenia LED","robots":{"index":"index","follow":"follow","max-snippet":"max-snippet:-1","max-image-preview":"max-image-preview:large","max-video-preview":"max-video-preview:-1"},"canonical":"https:\/\/led.ape.com.pl\/en\/\u0441\u043f\u0440\u0430\u0432\u043a\u0430\/","og_locale":"en_GB","og_type":"article","og_title":"Referencje - APE LED producent o\u015bwietlenia LED","og_description":"[et_pb_section fb_built=&#8221;1&#8243; _builder_version=&#8221;4.9.2&#8243; _module_preset=&#8221;default&#8221; custom_padding=&#8221;0px||0px|||&#8221;][et_pb_row _builder_version=&#8221;4.9.2&#8243; _module_preset=&#8221;default&#8221; width=&#8221;100%&#8221; max_width=&#8221;none&#8221; custom_padding=&#8221;0px||0px|||&#8221;][et_pb_column type=&#8221;4_4&#8243; _builder_version=&#8221;4.9.2&#8243; _module_preset=&#8221;default&#8221;][et_pb_slider _builder_version=&#8221;4.9.2&#8243; _module_preset=&#8221;default&#8221; use_background_color_gradient=&#8221;on&#8221; background_color_gradient_start=&#8221;rgba(0,0,0,0)&#8221; background_color_gradient_end=&#8221;rgba(0,0,0,0.76)&#8221; background_color_gradient_overlays_image=&#8221;on&#8221; custom_padding=&#8221;346px||63px|||&#8221; animation_style=&#8221;slide&#8221; animation_direction=&#8221;top&#8221;][et_pb_slide heading=&#8221;Referencje od Naszych klient\u00f3w&#8221; _builder_version=&#8221;4.9.2&#8243; _module_preset=&#8221;default&#8221; header_font=&#8221;|300|||||||&#8221; header_text_align=&#8221;left&#8221; background_enable_color=&#8221;off&#8221; background_image=&#8221;https:\/\/led.ape.com.pl\/wp-content\/uploads\/2021\/03\/Opole-scaled.jpg&#8221; background_enable_image=&#8221;on&#8221; sticky_transition=&#8221;on&#8221;][\/et_pb_slide][\/et_pb_slider][\/et_pb_column][\/et_pb_row][\/et_pb_section][et_pb_section fb_built=&#8221;1&#8243; _builder_version=&#8221;4.9.2&#8243; _module_preset=&#8221;default&#8221; custom_padding=&#8221;40px|||||&#8221;][et_pb_row column_structure=&#8221;1_4,1_4,1_4,1_4&#8243; use_custom_gutter=&#8221;on&#8221; _builder_version=&#8221;4.9.2&#8243; _module_preset=&#8221;default&#8221; width=&#8221;92%&#8221; max_width=&#8221;none&#8221; animation_style=&#8221;slide&#8221; animation_direction=&#8221;bottom&#8221; animation_speed_curve=&#8221;ease-in&#8221;][et_pb_column type=&#8221;1_4&#8243; _builder_version=&#8221;4.9.2&#8243; _module_preset=&#8221;default&#8221;][et_pb_blurb title=&#8221;Gmina Besko&#8221; image=&#8221;https:\/\/led.ape.com.pl\/wp-content\/uploads\/2021\/03\/503px-POL_gmina_Besko_COA.svg_.png&#8221; alt=&#8221;Besko&#8221; image_max_width=&#8221;60%&#8221; [&hellip;]","og_url":"https:\/\/led.ape.com.pl\/en\/\u0441\u043f\u0440\u0430\u0432\u043a\u0430\/","og_site_name":"APE LED producent o\u015bwietlenia LED","article_modified_time":"2021-03-31T20:34:26+00:00","twitter_card":"summary_large_image","twitter_misc":{"Estimated reading time":"7 minutes"},"schema":{"@context":"https:\/\/schema.org","@graph":[{"@type":"WebPage","@id":"https:\/\/led.ape.com.pl\/bg\/%d1%81%d0%bf%d1%80%d0%b0%d0%b2%d0%ba%d0%b0\/","url":"https:\/\/led.ape.com.pl\/bg\/%d1%81%d0%bf%d1%80%d0%b0%d0%b2%d0%ba%d0%b0\/","name":"Referencje - APE LED producent o\u015bwietlenia LED","isPartOf":{"@id":"https:\/\/led.ape.com.pl\/#website"},"datePublished":"2021-03-25T21:29:43+00:00","dateModified":"2021-03-31T20:34:26+00:00","breadcrumb":{"@id":"https:\/\/led.ape.com.pl\/bg\/%d1%81%d0%bf%d1%80%d0%b0%d0%b2%d0%ba%d0%b0\/#breadcrumb"},"inLanguage":"en-GB","potentialAction":[{"@type":"ReadAction","target":["https:\/\/led.ape.com.pl\/bg\/%d1%81%d0%bf%d1%80%d0%b0%d0%b2%d0%ba%d0%b0\/"]}]},{"@type":"BreadcrumbList","@id":"https:\/\/led.ape.com.pl\/bg\/%d1%81%d0%bf%d1%80%d0%b0%d0%b2%d0%ba%d0%b0\/#breadcrumb","itemListElement":[{"@type":"ListItem","position":1,"name":"Strona g\u0142\u00f3wna","item":"https:\/\/led.ape.com.pl\/"},{"@type":"ListItem","position":2,"name":"Referencje"}]},{"@type":"WebSite","@id":"https:\/\/led.ape.com.pl\/#website","url":"https:\/\/led.ape.com.pl\/","name":"APE LED producent o\u015bwietlenia LED","description":"Strona APE LED polskiego producenta o\u015bwietlenia led, lamp ulicznych, o\u015bwietlenia akwarystycznego i o\u015bwietlenia przemys\u0142owego LED","potentialAction":[{"@type":"SearchAction","target":{"@type":"EntryPoint","urlTemplate":"https:\/\/led.ape.com.pl\/?s={search_term_string}"},"query-input":"required name=search_term_string"}],"inLanguage":"en-GB"}]}},"_links":{"self":[{"href":"https:\/\/led.ape.com.pl\/en\/wp-json\/wp\/v2\/pages\/3136"}],"collection":[{"href":"https:\/\/led.ape.com.pl\/en\/wp-json\/wp\/v2\/pages"}],"about":[{"href":"https:\/\/led.ape.com.pl\/en\/wp-json\/wp\/v2\/types\/page"}],"author":[{"embeddable":true,"href":"https:\/\/led.ape.com.pl\/en\/wp-json\/wp\/v2\/users\/1"}],"replies":[{"embeddable":true,"href":"https:\/\/led.ape.com.pl\/en\/wp-json\/wp\/v2\/comments?post=3136"}],"version-history":[{"count":23,"href":"https:\/\/led.ape.com.pl\/en\/wp-json\/wp\/v2\/pages\/3136\/revisions"}],"predecessor-version":[{"id":3461,"href":"https:\/\/led.ape.com.pl\/en\/wp-json\/wp\/v2\/pages\/3136\/revisions\/3461"}],"wp:attachment":[{"href":"https:\/\/led.ape.com.pl\/en\/wp-json\/wp\/v2\/media?parent=3136"}],"curies":[{"name":"wp","href":"https:\/\/api.w.org\/{rel}","templated":true}]}}