{"id":10,"date":"2021-03-16T15:53:28","date_gmt":"2021-03-16T14:53:28","guid":{"rendered":"http:\/\/led.ape.com.pl\/?page_id=10"},"modified":"2021-03-16T15:57:32","modified_gmt":"2021-03-16T14:57:32","slug":"aktualizacja","status":"publish","type":"page","link":"https:\/\/led.ape.com.pl\/es\/actualizar\/","title":{"rendered":"<p>Actualizar<\/p>"},"content":{"rendered":"<p>[et_pb_section fb_built=&rdquo;1&Prime; _builder_version=&rdquo;4.9.2&Prime; _module_preset=&rdquo;default&rdquo; custom_padding=&rdquo;0px||0px|||&rdquo;][et_pb_row _builder_version=&rdquo;4.9.2&Prime; _module_preset=&rdquo;default&rdquo; width=&rdquo;100%&rdquo; max_width=&rdquo;none&rdquo; hover_enabled=&rdquo;0&Prime; sticky_enabled=&rdquo;0&Prime; custom_margin=&rdquo;-3px|auto||auto||&rdquo; custom_padding=&rdquo;0px||0px|||&rdquo;][et_pb_column _builder_version=&rdquo;4.9.2&Prime; _module_preset=&rdquo;default&rdquo; type=&rdquo;4_4&Prime;][et_pb_slider _builder_version=&rdquo;4.9.2&Prime; _module_preset=&rdquo;default&rdquo; title_text=&rdquo;Wiew,Of,Opole,City,In,Opolskie,Voivodeship,With,Old,Hertiage&rdquo; background_image=&rdquo;http:\/\/led.ape.com.pl\/wp-content\/uploads\/2021\/03\/shutterstock_1565696605-scaled.jpg&rdquo; hover_enabled=&rdquo;0&Prime; sticky_enabled=&rdquo;0&Prime;][et_pb_slide heading=&rdquo;Trwa aktualizacja strony. Wracamy niebawem.&rdquo; _builder_version=&rdquo;4.9.2&Prime; _module_preset=&rdquo;default&rdquo; hover_enabled=&rdquo;0&Prime; sticky_enabled=&rdquo;0&Prime; use_background_color_gradient=&rdquo;on&rdquo; background_color_gradient_overlays_image=&rdquo;on&rdquo; background_color_gradient_start=&rdquo;rgba(9,28,61,0.4)&rdquo; background_color_gradient_end=&rdquo;rgba(6,43,42,0.26)&rdquo;][\/et_pb_slide][\/et_pb_slider][\/et_pb_column][\/et_pb_row][\/et_pb_section]<\/p>","protected":false},"excerpt":{"rendered":"<p>[et_pb_section fb_built=&rdquo;1&Prime; _builder_version=&rdquo;4.9.2&Prime; _module_preset=&rdquo;default&rdquo; custom_padding=&rdquo;0px||0px|||&rdquo;][et_pb_row _builder_version=&rdquo;4.9.2&Prime; _module_preset=&rdquo;default&rdquo; width=&rdquo;100%&rdquo; max_width=&rdquo;none&rdquo; hover_enabled=&rdquo;0&Prime; sticky_enabled=&rdquo;0&Prime; custom_margin=&rdquo;-3px|auto||auto||&rdquo; custom_padding=&rdquo;0px||0px|||&rdquo;][et_pb_column _builder_version=&rdquo;4.9.2&Prime; _module_preset=&rdquo;default&rdquo; type=&rdquo;4_4&Prime;][et_pb_slider _builder_version=&rdquo;4.9.2&Prime; _module_preset=&rdquo;default&rdquo; title_text=&rdquo;Wiew,Of,Opole,City,In,Opolskie,Voivodeship,With,Old,Hertiage&rdquo; background_image=&rdquo;http:\/\/led.ape.com.pl\/wp-content\/uploads\/2021\/03\/shutterstock_1565696605-scaled.jpg&rdquo; hover_enabled=&rdquo;0&Prime; sticky_enabled=&rdquo;0&Prime;][et_pb_slide heading=&rdquo;Trwa aktualizacja strony. Wracamy niebawem.&rdquo; _builder_version=&rdquo;4.9.2&Prime; _module_preset=&rdquo;default&rdquo; hover_enabled=&rdquo;0&Prime; sticky_enabled=&rdquo;0&Prime; use_background_color_gradient=&rdquo;on&rdquo; background_color_gradient_overlays_image=&rdquo;on&rdquo; background_color_gradient_start=&rdquo;rgba(9,28,61,0.4)&rdquo; background_color_gradient_end=&rdquo;rgba(6,43,42,0.26)&rdquo;][\/et_pb_slide][\/et_pb_slider][\/et_pb_column][\/et_pb_row][\/et_pb_section]<\/p>","protected":false},"author":1,"featured_media":0,"parent":0,"menu_order":0,"comment_status":"closed","ping_status":"closed","template":"page-template-blank.php","meta":{"_et_pb_use_builder":"on","_et_pb_old_content":"","_et_gb_content_width":"","footnotes":""},"yoast_head":"<!-- This site is optimized with the Yoast SEO plugin v22.8 - https:\/\/yoast.com\/wordpress\/plugins\/seo\/ -->\n<title>Aktualizacja - APE LED producent o\u015bwietlenia LED<\/title>\n<meta name=\"robots\" content=\"index, follow, max-snippet:-1, max-image-preview:large, max-video-preview:-1\" \/>\n<link rel=\"canonical\" href=\"https:\/\/led.ape.com.pl\/es\/\u0430\u043a\u0442\u0443\u0430\u043b\u0438\u0437\u0438\u0440\u0430\u043d\u0435\/\" \/>\n<meta property=\"og:locale\" content=\"es_ES\" \/>\n<meta property=\"og:type\" content=\"article\" \/>\n<meta property=\"og:title\" content=\"Aktualizacja - APE LED producent o\u015bwietlenia LED\" \/>\n<meta property=\"og:description\" content=\"[et_pb_section fb_built=&#8221;1&#8243; _builder_version=&#8221;4.9.2&#8243; _module_preset=&#8221;default&#8221; custom_padding=&#8221;0px||0px|||&#8221;][et_pb_row _builder_version=&#8221;4.9.2&#8243; _module_preset=&#8221;default&#8221; width=&#8221;100%&#8221; max_width=&#8221;none&#8221; hover_enabled=&#8221;0&#8243; sticky_enabled=&#8221;0&#8243; custom_margin=&#8221;-3px|auto||auto||&#8221; custom_padding=&#8221;0px||0px|||&#8221;][et_pb_column _builder_version=&#8221;4.9.2&#8243; _module_preset=&#8221;default&#8221; type=&#8221;4_4&#8243;][et_pb_slider _builder_version=&#8221;4.9.2&#8243; _module_preset=&#8221;default&#8221; title_text=&#8221;Wiew,Of,Opole,City,In,Opolskie,Voivodeship,With,Old,Hertiage&#8221; background_image=&#8221;http:\/\/led.ape.com.pl\/wp-content\/uploads\/2021\/03\/shutterstock_1565696605-scaled.jpg&#8221; hover_enabled=&#8221;0&#8243; sticky_enabled=&#8221;0&#8243;][et_pb_slide heading=&#8221;Trwa aktualizacja strony. Wracamy niebawem.&#8221; _builder_version=&#8221;4.9.2&#8243; _module_preset=&#8221;default&#8221; hover_enabled=&#8221;0&#8243; sticky_enabled=&#8221;0&#8243; use_background_color_gradient=&#8221;on&#8221; background_color_gradient_overlays_image=&#8221;on&#8221; background_color_gradient_start=&#8221;rgba(9,28,61,0.4)&#8221; background_color_gradient_end=&#8221;rgba(6,43,42,0.26)&#8221;][\/et_pb_slide][\/et_pb_slider][\/et_pb_column][\/et_pb_row][\/et_pb_section]\" \/>\n<meta property=\"og:url\" content=\"https:\/\/led.ape.com.pl\/es\/\u0430\u043a\u0442\u0443\u0430\u043b\u0438\u0437\u0438\u0440\u0430\u043d\u0435\/\" \/>\n<meta property=\"og:site_name\" content=\"APE LED producent o\u015bwietlenia LED\" \/>\n<meta property=\"article:modified_time\" content=\"2021-03-16T14:57:32+00:00\" \/>\n<meta name=\"twitter:card\" content=\"summary_large_image\" \/>\n<meta name=\"twitter:label1\" content=\"Tiempo de lectura\" \/>\n\t<meta name=\"twitter:data1\" content=\"1 minuto\" \/>\n<script type=\"application\/ld+json\" class=\"yoast-schema-graph\">{\"@context\":\"https:\/\/schema.org\",\"@graph\":[{\"@type\":\"WebPage\",\"@id\":\"https:\/\/led.ape.com.pl\/bg\/%d0%b0%d0%ba%d1%82%d1%83%d0%b0%d0%bb%d0%b8%d0%b7%d0%b8%d1%80%d0%b0%d0%bd%d0%b5\/\",\"url\":\"https:\/\/led.ape.com.pl\/bg\/%d0%b0%d0%ba%d1%82%d1%83%d0%b0%d0%bb%d0%b8%d0%b7%d0%b8%d1%80%d0%b0%d0%bd%d0%b5\/\",\"name\":\"Aktualizacja - APE LED producent o\u015bwietlenia LED\",\"isPartOf\":{\"@id\":\"https:\/\/led.ape.com.pl\/#website\"},\"datePublished\":\"2021-03-16T14:53:28+00:00\",\"dateModified\":\"2021-03-16T14:57:32+00:00\",\"breadcrumb\":{\"@id\":\"https:\/\/led.ape.com.pl\/bg\/%d0%b0%d0%ba%d1%82%d1%83%d0%b0%d0%bb%d0%b8%d0%b7%d0%b8%d1%80%d0%b0%d0%bd%d0%b5\/#breadcrumb\"},\"inLanguage\":\"es\",\"potentialAction\":[{\"@type\":\"ReadAction\",\"target\":[\"https:\/\/led.ape.com.pl\/bg\/%d0%b0%d0%ba%d1%82%d1%83%d0%b0%d0%bb%d0%b8%d0%b7%d0%b8%d1%80%d0%b0%d0%bd%d0%b5\/\"]}]},{\"@type\":\"BreadcrumbList\",\"@id\":\"https:\/\/led.ape.com.pl\/bg\/%d0%b0%d0%ba%d1%82%d1%83%d0%b0%d0%bb%d0%b8%d0%b7%d0%b8%d1%80%d0%b0%d0%bd%d0%b5\/#breadcrumb\",\"itemListElement\":[{\"@type\":\"ListItem\",\"position\":1,\"name\":\"Strona g\u0142\u00f3wna\",\"item\":\"https:\/\/led.ape.com.pl\/\"},{\"@type\":\"ListItem\",\"position\":2,\"name\":\"Aktualizacja\"}]},{\"@type\":\"WebSite\",\"@id\":\"https:\/\/led.ape.com.pl\/#website\",\"url\":\"https:\/\/led.ape.com.pl\/\",\"name\":\"APE LED producent o\u015bwietlenia LED\",\"description\":\"Strona APE LED polskiego producenta o\u015bwietlenia led, lamp ulicznych, o\u015bwietlenia akwarystycznego i o\u015bwietlenia przemys\u0142owego LED\",\"potentialAction\":[{\"@type\":\"SearchAction\",\"target\":{\"@type\":\"EntryPoint\",\"urlTemplate\":\"https:\/\/led.ape.com.pl\/?s={search_term_string}\"},\"query-input\":\"required name=search_term_string\"}],\"inLanguage\":\"es\"}]}<\/script>\n<!-- \/ Yoast SEO plugin. -->","yoast_head_json":{"title":"Aktualizacja - APE LED producent o\u015bwietlenia LED","robots":{"index":"index","follow":"follow","max-snippet":"max-snippet:-1","max-image-preview":"max-image-preview:large","max-video-preview":"max-video-preview:-1"},"canonical":"https:\/\/led.ape.com.pl\/es\/\u0430\u043a\u0442\u0443\u0430\u043b\u0438\u0437\u0438\u0440\u0430\u043d\u0435\/","og_locale":"es_ES","og_type":"article","og_title":"Aktualizacja - APE LED producent o\u015bwietlenia LED","og_description":"[et_pb_section fb_built=&#8221;1&#8243; _builder_version=&#8221;4.9.2&#8243; _module_preset=&#8221;default&#8221; custom_padding=&#8221;0px||0px|||&#8221;][et_pb_row _builder_version=&#8221;4.9.2&#8243; _module_preset=&#8221;default&#8221; width=&#8221;100%&#8221; max_width=&#8221;none&#8221; hover_enabled=&#8221;0&#8243; sticky_enabled=&#8221;0&#8243; custom_margin=&#8221;-3px|auto||auto||&#8221; custom_padding=&#8221;0px||0px|||&#8221;][et_pb_column _builder_version=&#8221;4.9.2&#8243; _module_preset=&#8221;default&#8221; type=&#8221;4_4&#8243;][et_pb_slider _builder_version=&#8221;4.9.2&#8243; _module_preset=&#8221;default&#8221; title_text=&#8221;Wiew,Of,Opole,City,In,Opolskie,Voivodeship,With,Old,Hertiage&#8221; background_image=&#8221;http:\/\/led.ape.com.pl\/wp-content\/uploads\/2021\/03\/shutterstock_1565696605-scaled.jpg&#8221; hover_enabled=&#8221;0&#8243; sticky_enabled=&#8221;0&#8243;][et_pb_slide heading=&#8221;Trwa aktualizacja strony. Wracamy niebawem.&#8221; _builder_version=&#8221;4.9.2&#8243; _module_preset=&#8221;default&#8221; hover_enabled=&#8221;0&#8243; sticky_enabled=&#8221;0&#8243; use_background_color_gradient=&#8221;on&#8221; background_color_gradient_overlays_image=&#8221;on&#8221; background_color_gradient_start=&#8221;rgba(9,28,61,0.4)&#8221; background_color_gradient_end=&#8221;rgba(6,43,42,0.26)&#8221;][\/et_pb_slide][\/et_pb_slider][\/et_pb_column][\/et_pb_row][\/et_pb_section]","og_url":"https:\/\/led.ape.com.pl\/es\/\u0430\u043a\u0442\u0443\u0430\u043b\u0438\u0437\u0438\u0440\u0430\u043d\u0435\/","og_site_name":"APE LED producent o\u015bwietlenia LED","article_modified_time":"2021-03-16T14:57:32+00:00","twitter_card":"summary_large_image","twitter_misc":{"Tiempo de lectura":"1 minuto"},"schema":{"@context":"https:\/\/schema.org","@graph":[{"@type":"WebPage","@id":"https:\/\/led.ape.com.pl\/bg\/%d0%b0%d0%ba%d1%82%d1%83%d0%b0%d0%bb%d0%b8%d0%b7%d0%b8%d1%80%d0%b0%d0%bd%d0%b5\/","url":"https:\/\/led.ape.com.pl\/bg\/%d0%b0%d0%ba%d1%82%d1%83%d0%b0%d0%bb%d0%b8%d0%b7%d0%b8%d1%80%d0%b0%d0%bd%d0%b5\/","name":"Aktualizacja - APE LED producent o\u015bwietlenia LED","isPartOf":{"@id":"https:\/\/led.ape.com.pl\/#website"},"datePublished":"2021-03-16T14:53:28+00:00","dateModified":"2021-03-16T14:57:32+00:00","breadcrumb":{"@id":"https:\/\/led.ape.com.pl\/bg\/%d0%b0%d0%ba%d1%82%d1%83%d0%b0%d0%bb%d0%b8%d0%b7%d0%b8%d1%80%d0%b0%d0%bd%d0%b5\/#breadcrumb"},"inLanguage":"es","potentialAction":[{"@type":"ReadAction","target":["https:\/\/led.ape.com.pl\/bg\/%d0%b0%d0%ba%d1%82%d1%83%d0%b0%d0%bb%d0%b8%d0%b7%d0%b8%d1%80%d0%b0%d0%bd%d0%b5\/"]}]},{"@type":"BreadcrumbList","@id":"https:\/\/led.ape.com.pl\/bg\/%d0%b0%d0%ba%d1%82%d1%83%d0%b0%d0%bb%d0%b8%d0%b7%d0%b8%d1%80%d0%b0%d0%bd%d0%b5\/#breadcrumb","itemListElement":[{"@type":"ListItem","position":1,"name":"Strona g\u0142\u00f3wna","item":"https:\/\/led.ape.com.pl\/"},{"@type":"ListItem","position":2,"name":"Aktualizacja"}]},{"@type":"WebSite","@id":"https:\/\/led.ape.com.pl\/#website","url":"https:\/\/led.ape.com.pl\/","name":"APE LED producent o\u015bwietlenia LED","description":"Strona APE LED polskiego producenta o\u015bwietlenia led, lamp ulicznych, o\u015bwietlenia akwarystycznego i o\u015bwietlenia przemys\u0142owego LED","potentialAction":[{"@type":"SearchAction","target":{"@type":"EntryPoint","urlTemplate":"https:\/\/led.ape.com.pl\/?s={search_term_string}"},"query-input":"required name=search_term_string"}],"inLanguage":"es"}]}},"_links":{"self":[{"href":"https:\/\/led.ape.com.pl\/es\/wp-json\/wp\/v2\/pages\/10"}],"collection":[{"href":"https:\/\/led.ape.com.pl\/es\/wp-json\/wp\/v2\/pages"}],"about":[{"href":"https:\/\/led.ape.com.pl\/es\/wp-json\/wp\/v2\/types\/page"}],"author":[{"embeddable":true,"href":"https:\/\/led.ape.com.pl\/es\/wp-json\/wp\/v2\/users\/1"}],"replies":[{"embeddable":true,"href":"https:\/\/led.ape.com.pl\/es\/wp-json\/wp\/v2\/comments?post=10"}],"version-history":[{"count":4,"href":"https:\/\/led.ape.com.pl\/es\/wp-json\/wp\/v2\/pages\/10\/revisions"}],"predecessor-version":[{"id":16,"href":"https:\/\/led.ape.com.pl\/es\/wp-json\/wp\/v2\/pages\/10\/revisions\/16"}],"wp:attachment":[{"href":"https:\/\/led.ape.com.pl\/es\/wp-json\/wp\/v2\/media?parent=10"}],"curies":[{"name":"wp","href":"https:\/\/api.w.org\/{rel}","templated":true}]}}