{"id":3136,"date":"2021-03-25T22:29:43","date_gmt":"2021-03-25T21:29:43","guid":{"rendered":"https:\/\/led.ape.com.pl\/?page_id=3136"},"modified":"2021-03-31T22:34:26","modified_gmt":"2021-03-31T20:34:26","slug":"referencje","status":"publish","type":"page","link":"https:\/\/led.ape.com.pl\/fi\/viite\/","title":{"rendered":"<p>Viite<\/p>"},"content":{"rendered":"<p>[et_pb_section fb_built = &quot;1 \u2033 _builder_version =&quot; 4.9.2 \u2033 _module_preset = &quot;default&quot; custom_padding = &quot;0px || 0px |||&quot;] [et_pb_row _builder_version = &quot;T module 1 oletusrakennus_versio = &quot;T_tth_1 &quot;4.9.2&quot; &quot;100% =&quot; max_width = &quot;ei mit\u00e4\u00e4n&quot; custom_padding = &quot;0px || 0px |||&quot;] [et_pb_column type = &quot;4_4 \u2033 _builder_version =&quot; 4.9.2 \u2033 _module_preset = &quot;default&quot; versio = &quot;oletusversio&quot; \u2033 \u2033 \u2033b_builder] [et_9. _module_preset =&quot; default_preset = &quot;default_preset =&quot; &quot;Use_background_color_gradient =&quot; taustav\u00e4riss\u00e4 &quot; 346px || 63px ||| &quot; animation_style = &quot;slide&quot; animation_direction = &quot;top&quot;] [et_pb_slide heading = &quot;Referenssit asiakkailtamme&quot; _builder_version = &quot;4.9.2 \u2033 _module_preset =&quot; oletus &quot;header_font =&quot; | 300 ||||||| &quot; header_text_align = &quot;left&quot; background_enable_color = &quot;off&quot; background_image = &quot;https:\/\/led.ape.com.pl\/wp-content\/uploads\/2021\/03\/Opole-scaled.jpg&quot; background_enable_image = &quot;p\u00e4\u00e4ll\u00e4&quot; sticky_transition = &quot;p\u00e4\u00e4ll\u00e4 \u201d] [\/ Et_pb_slider] [\/ et_pb_slider] [\/ et_pb_column] [\/ et_pb_row] [\/ et_pb_section] [et_pb_section fb_built =&quot; 1 \u2033 _builder_version = &quot;4.9.2 \u2033 _module_pres.p] | &quot; 1_4,1_4,1_4,1_4 \u2033 use_custom_gutter = &quot;on&quot; _builder_version = &quot;4.9.2 \u2033 _module_preset =&quot; oletus &quot;width =&quot; 92% &quot;max_width =&quot; none = &quot;animation_style =&quot; helpotettu_ dia &quot;animation_style =&quot; helpotettu_ dia &quot;animation_style =&quot; -in &quot;] [et_pb_column type =&quot; 1_4 \u2033 _builder_version = &quot;4.9.2 \u2033 _module_preset =&quot; oletus&quot;] [et_pb_blurb title =&quot; Besko Municipality &quot;image =&quot; https:\/\/led.ape.com .pl \/ wp-content \/ lataukset \/ 2021\/03 \/ 503px-POL_gmina_Besko_COA.svg_.png &quot;alt =&quot; Besko &quot;image_max_width =&quot; 60% &quot;_builder_version =&quot; 4.9.2 \u2033 _module_preset = &quot;0&quot; = &quot;h&quot; header_|0 header_| |||&quot; header_text_align = &quot;keskell\u00e4&quot; header_text_color = &quot;#000000 \u2033 header_font_size =&quot; 24px &quot;body_font =&quot; | 300 ||||||| &quot; body_text_align = &quot;center&quot; body_text_color = &quot;#2b2b2b&quot; body_font_size = &quot;18px&quot; body_line_height = &quot;1.6em&quot; background_color = &quot;#f7f7f7 \u2033 custom_margin =&quot; ||||||| totta | false 10x | 10pxpthpdxse |0 =&quot; 8px &quot;border_color_left =&quot; #82bb31 \u2033 box_shadow_style = &quot;esiasetus3 \u2033]<p>&quot;\u00c4lykk\u00e4iden APE-LED-lamppujen ansiosta saavutimme merkitt\u00e4vi\u00e4 s\u00e4\u00e4st\u00f6j\u00e4 s\u00e4hk\u00f6kustannuksissa, eli 50-60%, ja visuaalisissa energians\u00e4\u00e4st\u00f6iss\u00e4. oikea? valaistuksen laatu. &quot;<\/p><p><a href=\"https:\/\/led.ape.com.pl\/wp-content\/uploads\/2021\/03\/Besko.pdf\">Ladataanko suositus? Beskon kunnasta<\/a><\/p><p>[\/ et_pb_blurb] [\/ et_pb_column] [et_pb_column type = &quot;1_4 \u2033 _builder_version =&quot; 4.9.2 \u2033 _module_preset = &quot;default&quot;] [et_pb_blurb title = &quot;Pabianice&quot; image = &quot;https:\/\/pl.ape.com\/pl.a. wp-content \/ uploads \/ 2021\/03 \/ 320px-POL_Pabianice_COA.svg_.png &quot;alt =&quot; Besko &quot;image_max_width =&quot; 60% &quot;_builder_version =&quot; 4.9.2 =&quot; 4.9.2 =&quot; \u2033 _module_h head_3 | ||||||| &quot; header_text_align = &quot;keskell\u00e4&quot; header_text_color = &quot;#000000 \u2033 header_font_size =&quot; 24px &quot;body_font =&quot; | 300 ||||||| &quot; body_text_align = &quot;center&quot; body_text_color = &quot;#2b2b2b&quot; body_font_size = &quot;18px&quot; body_line_height = &quot;1.6em&quot; background_color = &quot;#f7f7f7 \u2033 custom_margin =&quot; ||||||| totta | false 10x | 10pxpthpdxse |0 =&quot; 8px &quot;border_color_left =&quot; #82bb31 \u2033 box_shadow_style = &quot;esiasetus3 \u2033]<\/p><p>&quot;Toimitetut tuotteet kohtaavat korkeimmat standardit ovat kest\u00e4v\u00e4, helppo k\u00e4ytt\u00e4\u00e4, \u00e4l\u00e4 tee toiminnalliset ongelmat. &quot;<\/p><p><a href=\"https:\/\/led.ape.com.pl\/wp-content\/uploads\/2021\/03\/Pabianice.pdf\">Ladataanko suositus? Pabianicen pormestarilta<\/a><\/p><p>[\/ et_pb_blurb] [\/ et_pb_column] [et_pb_column type = &quot;1_4 \u2033 _builder_version =&quot; 4.9.2 \u2033 _module_preset = &quot;default&quot;] [et_pb_blurb title = &quot;Kunta?https:\/\/karpalo.ape = &quot;.https:\/\/comled&quot; image. pl \/ wp-content \/ uploads \/ 2021\/03 \/ 491px-POL_Zorawina_COA.svg_.png &quot;alt =&quot; Besko &quot;image_max_width =&quot; 60% &quot;_builder_version =&quot; 4.9.2 =&quot; _builder_version =&quot; 4.9.2 \u2033 _module_presh3 &quot;et _module_presh&quot; head_ | 300 ||||||| &quot; header_text_align = &quot;keskell\u00e4&quot; header_text_color = &quot;#000000 \u2033 header_font_size =&quot; 24px &quot;body_font =&quot; | 300 ||||||| &quot; body_text_align = &quot;center&quot; body_text_color = &quot;#2b2b2b&quot; body_font_size = &quot;18px&quot; body_line_height = &quot;1.6em&quot; background_color = &quot;#f7f7f7 \u2033 custom_margin =&quot; ||||||| totta | false 10x | 10pxpthpdxse |0 =&quot; 8px &quot;border_color_left =&quot; #82bb31 \u2033 box_shadow_style = &quot;esiasetus3 \u2033]<\/p><p>&quot;APE LED -tuotteen hy\u00f6dynt\u00e4minen oli erinomainen valinta ...&quot;<\/p><p><a href=\"https:\/\/led.ape.com.pl\/wp-content\/uploads\/2021\/03\/POSWIADCZENIE-Zorawina.pdf\">Ladataanko suositus? ? \u00f3rawinan kunnasta<\/a><\/p><p>[\/ et_pb_blurb] [\/ et_pb_column] [et_pb_column type = &quot;1_4 \u2033 _builder_version =&quot; 4.9.2 \u2033 _module_preset = &quot;default&quot;] [et_pb_blurb title = &quot;Stawiguda Commune&quot; image = &quot;.https:\/\/pl.pl.a &quot;.https:\/\/pl. \/wp-content\/uploads\/2021\/03\/1200px-POL_gmina_Stawiguda_COA.svg_.png &quot;alt =&quot; Besko &quot;image_max_width =&quot; 60% &quot;_builder_version =&quot; 4.9.2 \u2033 head__de_ |||||| &quot; header_text_align = &quot;keskell\u00e4&quot; header_text_color = &quot;#000000 \u2033 header_font_size =&quot; 24px &quot;body_font =&quot; | 300 ||||||| &quot; body_text_align = &quot;center&quot; body_text_color = &quot;#2b2b2b&quot; body_font_size = &quot;18px&quot; body_line_height = &quot;1.6em&quot; background_color = &quot;#f7f7f7 \u2033 custom_margin =&quot; ||||||| totta | false 10x | 10pxpthpdxse |0 =&quot; 8px &quot;border_color_left =&quot; #82bb31 \u2033 box_shadow_style = &quot;esiasetus3 \u2033]<\/p><p>&quot;... meill\u00e4 on? Visuaalinen? oikea? valaistuksen laatu ja merkitt\u00e4v\u00e4t s\u00e4\u00e4st\u00f6t jopa 50% s\u00e4hk\u00f6kustannuksissa ... &quot;<\/p><p><a href=\"https:\/\/led.ape.com.pl\/wp-content\/uploads\/2021\/03\/Stawiguda.pdf\">Ladataanko suositus? Stawigudan kunnasta<\/a><\/p><p>[\/ et_pb_blurb] [\/ et_pb_column] [\/ et_pb_row] [et_pb_row column_structure = &quot;1_4.1_4.1_4.1_4 \u2033 use_custom_gutter =&quot; on &quot;_builder_version =&quot; = &quot; 4.9.2 \u2033 &quot;dethimfaulta1TP&quot;etwimoduule2 =&quot; slide &quot;animation_direction =&quot; bottom &quot;] [et_pb_column type =&quot; 1_4 \u2033 _builder_version = &quot;4.9.2 \u2033 _module_preset =&quot; oletus&quot;] [et_pb_blurb title =&quot; Gogolinin kunta &quot;image =&quot; https: \/\/ led. ape. &quot; &quot;| 300 |||||||&quot; header_text_align = &quot;keskell\u00e4&quot; header_text_color = &quot;#000000 \u2033 header_font_size =&quot; 24px &quot;body_font =&quot; | 300 ||||||| &quot; body_text_align = &quot;center&quot; body_text_color = &quot;#2b2b2b&quot; body_font_size = &quot;18px&quot; body_line_height = &quot;1.6em&quot; background_color = &quot;#f7f7f7 \u2033 custom_margin =&quot; ||||||| totta | false 10x | 10pxpthpdxse |0 =&quot; 8px &quot;border_color_left =&quot; #82bb31 \u2033 box_shadow_style = &quot;esiasetus3 \u2033]<\/p><p>&quot;Takuupalvelu menness\u00e4? tehty nopeasti ja tehokkaasti. &quot;<\/p><p><a href=\"https:\/\/led.ape.com.pl\/wp-content\/uploads\/2021\/03\/Gogolin.pdf\">Ladataanko suositus? Gogolin-kunnasta<\/a><\/p><p>[\/ et_pb_blurb] [\/ et_pb_column] [et_pb_column type = &quot;1_4 \u2033 _builder_version =&quot; 4.9.2 \u2033 _module_preset = &quot;default&quot;] [et_pb_blurb title = &quot;Wodzis? aw? aw? l. &quot;https \/\/ kuva ape.com.pl\/wp-content\/uploads\/2021\/03\/1200px-POL_Wodzislaw_Slaski_COA.png &quot;alt =&quot; Besko &quot;image_max_width =&quot; 60% &quot;_builder_version =&quot; _builder_version =&quot; 4.9.2 &quot;moduli&quot; head__presh_ult = &quot;| 300 |||||||&quot; header_text_align = &quot;keskell\u00e4&quot; header_text_color = &quot;#000000 \u2033 header_font_size =&quot; 24px &quot;body_font =&quot; | 300 ||||||| &quot; body_text_align = &quot;center&quot; body_text_color = &quot;#2b2b2b&quot; body_font_size = &quot;18px&quot; body_line_height = &quot;1.6em&quot; background_color = &quot;#f7f7f7 \u2033 custom_margin =&quot; ||||||| totta | false 10x | 10pxpthpdxse |0 =&quot; 8px &quot;border_color_left =&quot; #82bb31 \u2033 box_shadow_style = &quot;esiasetus3 \u2033]<\/p><p>&quot;Ostetut sipulit asennettiin Wodzis? Awia? L? Skien kaupungin torilla sijaitseviin puistol lyhtyihin. Sopimus toteutettiin ajoissa ... &quot;<\/p><p><a href=\"https:\/\/led.ape.com.pl\/wp-content\/uploads\/2021\/03\/Poswiadczenie-nalezytego-wykonania-umowy-Wodzislaw.pdf\">Ladataanko suositus? Wodzis? W? \u015al\u0105skissa<\/a><\/p><p>[\/ et_pb_blurb] [\/ et_pb_column] [et_pb_column type = &quot;1_4 \u2033 _builder_version =&quot; 4.9.2 \u2033 _module_preset = &quot;default&quot;] [et_pb_blurb title = &quot;Monien kuntien kutsu: \/ kuva = &quot;https. ape.com.pl \/ wp-content \/ uploads \/ 2021\/03 \/ zgzw_mini.jpg &quot;alt =&quot; Besko &quot;image_max_width =&quot; 60% &quot;_builder_version =&quot; 4.9.2 \u2033 _module_preset = &quot;oletus&quot;_h header_t | 300 |||||||&quot; header_text_align = &quot;keskell\u00e4&quot; header_text_color = &quot;#000000 \u2033 header_font_size =&quot; 24px &quot;body_font =&quot; | 300 ||||||| &quot; body_text_align = &quot;center&quot; body_text_color = &quot;#2b2b2b&quot; body_font_size = &quot;18px&quot; body_line_height = &quot;1.6em&quot; background_color = &quot;#f7f7f7 \u2033 custom_margin =&quot; ||||||| totta | false 10x | 10pxpthpdxse |0 =&quot; 8px &quot;border_color_left =&quot; #82bb31 \u2033 box_shadow_style = &quot;esiasetus3 \u2033]<\/p><p>&quot;Toimitetut tuotteet kohtaavat korkeimmat standardit ovat eritt\u00e4in kest\u00e4v\u00e4?<\/p><p><a href=\"https:\/\/led.ape.com.pl\/wp-content\/uploads\/2021\/03\/Zwiazek-Gmin-Wielunskich-Lumen.pdf\">Ladataanko suositus? tuotemerkilt\u00e4 PW-ZGZW &quot;LUMEN&quot;<\/a><\/p><p>[\/ et_pb_blurb] [\/ et_pb_column] [et_pb_column type = &quot;1_4 \u2033 _builder_version =&quot; 4.9.2 \u2033 _module_preset = &quot;default&quot;] [et_pb_blurb title = &quot;ALE yritys&quot; image = &quot;https:\/\/pl.ape.com. \/wp-content\/uploads\/2021\/03\/aleco.png &quot;alt =&quot; Besko &quot;_builder_version =&quot; 4.9.2 \u2033 _module_preset = &quot;oletus&quot; header_level = &quot;h3 \u2033 header_font =&quot; | 300 |||||| header_text_align = &quot;keskell\u00e4&quot; header_text_color = &quot;#000000 \u2033 header_font_size =&quot; 24px &quot;body_font =&quot; | 300 ||||||| &quot; body_text_align = &quot;center&quot; body_text_color = &quot;#2b2b2b&quot; body_font_size = &quot;18px&quot; body_line_height = &quot;1.6em&quot; background_color = &quot;#f7f7f7 \u2033 custom_margin =&quot; |||||| totta | false 10x | 1xphoend10p 10p | =&quot; 0 \u2033 border_width_left = &quot;8px&quot; border_color_left = &quot;#82bb31 \u2033 box_shadow_style =&quot; preset3 \u2033 sticky_enabled = &quot;0 \u2033]<\/p><p>&quot;APE LED -tuotteen hy\u00f6dynt\u00e4minen oli erinomainen valinta ...&quot;<\/p><p><a href=\"https:\/\/led.ape.com.pl\/wp-content\/uploads\/2021\/03\/Rekomendacje-ALE.pdf\">Ladataanko suositus? alkaen ALE<\/a><\/p><p>[\/ et_pb_blurb] [\/ et_pb_column] [\/ et_pb_row] [et_pb_row _builder_version = &quot;4.9.2 \u2033 _module_preset =&quot; oletus&quot;] [et_pb_column type =&quot; 4_4 =&quot; \u2033 \u2033 _builder__9.2.2. etmodule_preset_ = &quot;4.9.2 \u2033 _module_preset =&quot; oletus&quot;]<\/p><p style=\"text-align: center;\">Ota yhteytt\u00e4 minuun jo APE LED: n kanssa? nyt alkaa s\u00e4\u00e4st\u00e4\u00e4? kiitos innovatiivisen puolalaisen LED-valonl\u00e4hteen.<\/p><p>[\/ et_pb_text] [\/ et_pb_column] [\/ et_pb_row] [\/ et_pb_section]<\/p><\/p>","protected":false},"excerpt":{"rendered":"<p>[et_pb_section fb_built = &quot;1 \u2033 _builder_version =&quot; 4.9.2 \u2033 _module_preset = &quot;default&quot; custom_padding = &quot;0px || 0px |||&quot;] [et_pb_row _builder_version = &quot;T module 1 oletusrakennus_versio = &quot;T_tth_1 &quot;4.9.2&quot; &quot;100% =&quot; max_width = &quot;ei mit\u00e4\u00e4n&quot; custom_padding = &quot;0px || 0px |||&quot;] [et_pb_column type = &quot;4_4 \u2033 _builder_version =&quot; 4.9.2 \u2033 _module_preset = &quot;default&quot; versio = &quot;oletusversio&quot; \u2033 \u2033 \u2033b_builder] [et_9. _module_preset =&quot; default_preset = &quot;default_preset =&quot; &quot;Use_background_color_gradient =&quot; taustav\u00e4riss\u00e4 &quot; 346px || 63px ||| &quot; animation_style = &quot;slide&quot; animation_direction = &quot;top&quot;] [et_pb_slide heading = &quot;Referenssit asiakkailtamme&quot; _builder_version = &quot;4.9.2 \u2033 _module_preset =&quot; oletus &quot;header_font =&quot; | 300 ||||||| &quot; header_text_align = &quot;left&quot; background_enable_color = &quot;off&quot; background_image = &quot;https:\/\/led.ape.com.pl\/wp-content\/uploads\/2021\/03\/Opole-scaled.jpg&quot; background_enable_image = &quot;p\u00e4\u00e4ll\u00e4&quot; sticky_transition = &quot;p\u00e4\u00e4ll\u00e4 \u201d] [\/ Et_pb_slider] [\/ et_pb_slider] [\/ et_pb_column] [\/ et_pb_row] [\/ et_pb_section] [et_pb_section fb_built =&quot; 1 \u2033 _builder_version = &quot;4.9.2 \u2033 _module_pres.p] | &quot; 1_4,1_4,1_4,1_4 \u2033 use_custom_gutter = &quot;on&quot; _builder_version = &quot;4.9.2 \u2033 _module_preset =&quot; oletus &quot;width =&quot; 92% &quot;max_width =&quot; none = &quot;animation_style =&quot; helpotettu_ dia &quot;animation_style =&quot; helpotettu_ dia &quot;animation_style =&quot; -in &quot;] [et_pb_column type =&quot; 1_4 \u2033 _builder_version = &quot;4.9.2 \u2033 _module_preset =&quot; oletus&quot;] [et_pb_blurb title =&quot; Besko Municipality &quot;image =&quot; https:\/\/led.ape.com .pl \/ wp-content \/ lataukset \/ 2021\/03 \/ 503px-POL_gmina_Besko_COA.svg_.png &quot;alt =&quot; Besko &quot;image_max_width =&quot; 60% &quot;[...]<\/p>","protected":false},"author":1,"featured_media":0,"parent":0,"menu_order":0,"comment_status":"closed","ping_status":"closed","template":"","meta":{"_et_pb_use_builder":"on","_et_pb_old_content":"","_et_gb_content_width":"","footnotes":""},"yoast_head":"<!-- This site is optimized with the Yoast SEO plugin v22.8 - https:\/\/yoast.com\/wordpress\/plugins\/seo\/ -->\n<title>Referencje - APE LED producent o\u015bwietlenia LED<\/title>\n<meta name=\"robots\" content=\"index, follow, max-snippet:-1, max-image-preview:large, max-video-preview:-1\" \/>\n<link rel=\"canonical\" href=\"https:\/\/led.ape.com.pl\/fi\/\u0441\u043f\u0440\u0430\u0432\u043a\u0430\/\" \/>\n<meta property=\"og:locale\" content=\"fi_FI\" \/>\n<meta property=\"og:type\" content=\"article\" \/>\n<meta property=\"og:title\" content=\"Referencje - APE LED producent o\u015bwietlenia LED\" \/>\n<meta property=\"og:description\" content=\"[et_pb_section fb_built=&#8221;1&#8243; _builder_version=&#8221;4.9.2&#8243; _module_preset=&#8221;default&#8221; custom_padding=&#8221;0px||0px|||&#8221;][et_pb_row _builder_version=&#8221;4.9.2&#8243; _module_preset=&#8221;default&#8221; width=&#8221;100%&#8221; max_width=&#8221;none&#8221; custom_padding=&#8221;0px||0px|||&#8221;][et_pb_column type=&#8221;4_4&#8243; _builder_version=&#8221;4.9.2&#8243; _module_preset=&#8221;default&#8221;][et_pb_slider _builder_version=&#8221;4.9.2&#8243; _module_preset=&#8221;default&#8221; use_background_color_gradient=&#8221;on&#8221; background_color_gradient_start=&#8221;rgba(0,0,0,0)&#8221; background_color_gradient_end=&#8221;rgba(0,0,0,0.76)&#8221; background_color_gradient_overlays_image=&#8221;on&#8221; custom_padding=&#8221;346px||63px|||&#8221; animation_style=&#8221;slide&#8221; animation_direction=&#8221;top&#8221;][et_pb_slide heading=&#8221;Referencje od Naszych klient\u00f3w&#8221; _builder_version=&#8221;4.9.2&#8243; _module_preset=&#8221;default&#8221; header_font=&#8221;|300|||||||&#8221; header_text_align=&#8221;left&#8221; background_enable_color=&#8221;off&#8221; background_image=&#8221;https:\/\/led.ape.com.pl\/wp-content\/uploads\/2021\/03\/Opole-scaled.jpg&#8221; background_enable_image=&#8221;on&#8221; sticky_transition=&#8221;on&#8221;][\/et_pb_slide][\/et_pb_slider][\/et_pb_column][\/et_pb_row][\/et_pb_section][et_pb_section fb_built=&#8221;1&#8243; _builder_version=&#8221;4.9.2&#8243; _module_preset=&#8221;default&#8221; custom_padding=&#8221;40px|||||&#8221;][et_pb_row column_structure=&#8221;1_4,1_4,1_4,1_4&#8243; use_custom_gutter=&#8221;on&#8221; _builder_version=&#8221;4.9.2&#8243; _module_preset=&#8221;default&#8221; width=&#8221;92%&#8221; max_width=&#8221;none&#8221; animation_style=&#8221;slide&#8221; animation_direction=&#8221;bottom&#8221; animation_speed_curve=&#8221;ease-in&#8221;][et_pb_column type=&#8221;1_4&#8243; _builder_version=&#8221;4.9.2&#8243; _module_preset=&#8221;default&#8221;][et_pb_blurb title=&#8221;Gmina Besko&#8221; image=&#8221;https:\/\/led.ape.com.pl\/wp-content\/uploads\/2021\/03\/503px-POL_gmina_Besko_COA.svg_.png&#8221; alt=&#8221;Besko&#8221; image_max_width=&#8221;60%&#8221; [&hellip;]\" \/>\n<meta property=\"og:url\" content=\"https:\/\/led.ape.com.pl\/fi\/\u0441\u043f\u0440\u0430\u0432\u043a\u0430\/\" \/>\n<meta property=\"og:site_name\" content=\"APE LED producent o\u015bwietlenia LED\" \/>\n<meta property=\"article:modified_time\" content=\"2021-03-31T20:34:26+00:00\" \/>\n<meta name=\"twitter:card\" content=\"summary_large_image\" \/>\n<meta name=\"twitter:label1\" content=\"Arvioitu lukuaika\" \/>\n\t<meta name=\"twitter:data1\" content=\"7 minuuttia\" \/>\n<script type=\"application\/ld+json\" class=\"yoast-schema-graph\">{\"@context\":\"https:\/\/schema.org\",\"@graph\":[{\"@type\":\"WebPage\",\"@id\":\"https:\/\/led.ape.com.pl\/bg\/%d1%81%d0%bf%d1%80%d0%b0%d0%b2%d0%ba%d0%b0\/\",\"url\":\"https:\/\/led.ape.com.pl\/bg\/%d1%81%d0%bf%d1%80%d0%b0%d0%b2%d0%ba%d0%b0\/\",\"name\":\"Referencje - APE LED producent o\u015bwietlenia LED\",\"isPartOf\":{\"@id\":\"https:\/\/led.ape.com.pl\/#website\"},\"datePublished\":\"2021-03-25T21:29:43+00:00\",\"dateModified\":\"2021-03-31T20:34:26+00:00\",\"breadcrumb\":{\"@id\":\"https:\/\/led.ape.com.pl\/bg\/%d1%81%d0%bf%d1%80%d0%b0%d0%b2%d0%ba%d0%b0\/#breadcrumb\"},\"inLanguage\":\"fi\",\"potentialAction\":[{\"@type\":\"ReadAction\",\"target\":[\"https:\/\/led.ape.com.pl\/bg\/%d1%81%d0%bf%d1%80%d0%b0%d0%b2%d0%ba%d0%b0\/\"]}]},{\"@type\":\"BreadcrumbList\",\"@id\":\"https:\/\/led.ape.com.pl\/bg\/%d1%81%d0%bf%d1%80%d0%b0%d0%b2%d0%ba%d0%b0\/#breadcrumb\",\"itemListElement\":[{\"@type\":\"ListItem\",\"position\":1,\"name\":\"Strona g\u0142\u00f3wna\",\"item\":\"https:\/\/led.ape.com.pl\/\"},{\"@type\":\"ListItem\",\"position\":2,\"name\":\"Referencje\"}]},{\"@type\":\"WebSite\",\"@id\":\"https:\/\/led.ape.com.pl\/#website\",\"url\":\"https:\/\/led.ape.com.pl\/\",\"name\":\"APE LED producent o\u015bwietlenia LED\",\"description\":\"Strona APE LED polskiego producenta o\u015bwietlenia led, lamp ulicznych, o\u015bwietlenia akwarystycznego i o\u015bwietlenia przemys\u0142owego LED\",\"potentialAction\":[{\"@type\":\"SearchAction\",\"target\":{\"@type\":\"EntryPoint\",\"urlTemplate\":\"https:\/\/led.ape.com.pl\/?s={search_term_string}\"},\"query-input\":\"required name=search_term_string\"}],\"inLanguage\":\"fi\"}]}<\/script>\n<!-- \/ Yoast SEO plugin. -->","yoast_head_json":{"title":"Referencje - APE LED producent o\u015bwietlenia LED","robots":{"index":"index","follow":"follow","max-snippet":"max-snippet:-1","max-image-preview":"max-image-preview:large","max-video-preview":"max-video-preview:-1"},"canonical":"https:\/\/led.ape.com.pl\/fi\/\u0441\u043f\u0440\u0430\u0432\u043a\u0430\/","og_locale":"fi_FI","og_type":"article","og_title":"Referencje - APE LED producent o\u015bwietlenia LED","og_description":"[et_pb_section fb_built=&#8221;1&#8243; _builder_version=&#8221;4.9.2&#8243; _module_preset=&#8221;default&#8221; custom_padding=&#8221;0px||0px|||&#8221;][et_pb_row _builder_version=&#8221;4.9.2&#8243; _module_preset=&#8221;default&#8221; width=&#8221;100%&#8221; max_width=&#8221;none&#8221; custom_padding=&#8221;0px||0px|||&#8221;][et_pb_column type=&#8221;4_4&#8243; _builder_version=&#8221;4.9.2&#8243; _module_preset=&#8221;default&#8221;][et_pb_slider _builder_version=&#8221;4.9.2&#8243; _module_preset=&#8221;default&#8221; use_background_color_gradient=&#8221;on&#8221; background_color_gradient_start=&#8221;rgba(0,0,0,0)&#8221; background_color_gradient_end=&#8221;rgba(0,0,0,0.76)&#8221; background_color_gradient_overlays_image=&#8221;on&#8221; custom_padding=&#8221;346px||63px|||&#8221; animation_style=&#8221;slide&#8221; animation_direction=&#8221;top&#8221;][et_pb_slide heading=&#8221;Referencje od Naszych klient\u00f3w&#8221; _builder_version=&#8221;4.9.2&#8243; _module_preset=&#8221;default&#8221; header_font=&#8221;|300|||||||&#8221; header_text_align=&#8221;left&#8221; background_enable_color=&#8221;off&#8221; background_image=&#8221;https:\/\/led.ape.com.pl\/wp-content\/uploads\/2021\/03\/Opole-scaled.jpg&#8221; background_enable_image=&#8221;on&#8221; sticky_transition=&#8221;on&#8221;][\/et_pb_slide][\/et_pb_slider][\/et_pb_column][\/et_pb_row][\/et_pb_section][et_pb_section fb_built=&#8221;1&#8243; _builder_version=&#8221;4.9.2&#8243; _module_preset=&#8221;default&#8221; custom_padding=&#8221;40px|||||&#8221;][et_pb_row column_structure=&#8221;1_4,1_4,1_4,1_4&#8243; use_custom_gutter=&#8221;on&#8221; _builder_version=&#8221;4.9.2&#8243; _module_preset=&#8221;default&#8221; width=&#8221;92%&#8221; max_width=&#8221;none&#8221; animation_style=&#8221;slide&#8221; animation_direction=&#8221;bottom&#8221; animation_speed_curve=&#8221;ease-in&#8221;][et_pb_column type=&#8221;1_4&#8243; _builder_version=&#8221;4.9.2&#8243; _module_preset=&#8221;default&#8221;][et_pb_blurb title=&#8221;Gmina Besko&#8221; image=&#8221;https:\/\/led.ape.com.pl\/wp-content\/uploads\/2021\/03\/503px-POL_gmina_Besko_COA.svg_.png&#8221; alt=&#8221;Besko&#8221; image_max_width=&#8221;60%&#8221; [&hellip;]","og_url":"https:\/\/led.ape.com.pl\/fi\/\u0441\u043f\u0440\u0430\u0432\u043a\u0430\/","og_site_name":"APE LED producent o\u015bwietlenia LED","article_modified_time":"2021-03-31T20:34:26+00:00","twitter_card":"summary_large_image","twitter_misc":{"Arvioitu lukuaika":"7 minuuttia"},"schema":{"@context":"https:\/\/schema.org","@graph":[{"@type":"WebPage","@id":"https:\/\/led.ape.com.pl\/bg\/%d1%81%d0%bf%d1%80%d0%b0%d0%b2%d0%ba%d0%b0\/","url":"https:\/\/led.ape.com.pl\/bg\/%d1%81%d0%bf%d1%80%d0%b0%d0%b2%d0%ba%d0%b0\/","name":"Referencje - APE LED producent o\u015bwietlenia LED","isPartOf":{"@id":"https:\/\/led.ape.com.pl\/#website"},"datePublished":"2021-03-25T21:29:43+00:00","dateModified":"2021-03-31T20:34:26+00:00","breadcrumb":{"@id":"https:\/\/led.ape.com.pl\/bg\/%d1%81%d0%bf%d1%80%d0%b0%d0%b2%d0%ba%d0%b0\/#breadcrumb"},"inLanguage":"fi","potentialAction":[{"@type":"ReadAction","target":["https:\/\/led.ape.com.pl\/bg\/%d1%81%d0%bf%d1%80%d0%b0%d0%b2%d0%ba%d0%b0\/"]}]},{"@type":"BreadcrumbList","@id":"https:\/\/led.ape.com.pl\/bg\/%d1%81%d0%bf%d1%80%d0%b0%d0%b2%d0%ba%d0%b0\/#breadcrumb","itemListElement":[{"@type":"ListItem","position":1,"name":"Strona g\u0142\u00f3wna","item":"https:\/\/led.ape.com.pl\/"},{"@type":"ListItem","position":2,"name":"Referencje"}]},{"@type":"WebSite","@id":"https:\/\/led.ape.com.pl\/#website","url":"https:\/\/led.ape.com.pl\/","name":"APE LED producent o\u015bwietlenia LED","description":"Strona APE LED polskiego producenta o\u015bwietlenia led, lamp ulicznych, o\u015bwietlenia akwarystycznego i o\u015bwietlenia przemys\u0142owego LED","potentialAction":[{"@type":"SearchAction","target":{"@type":"EntryPoint","urlTemplate":"https:\/\/led.ape.com.pl\/?s={search_term_string}"},"query-input":"required name=search_term_string"}],"inLanguage":"fi"}]}},"_links":{"self":[{"href":"https:\/\/led.ape.com.pl\/fi\/wp-json\/wp\/v2\/pages\/3136"}],"collection":[{"href":"https:\/\/led.ape.com.pl\/fi\/wp-json\/wp\/v2\/pages"}],"about":[{"href":"https:\/\/led.ape.com.pl\/fi\/wp-json\/wp\/v2\/types\/page"}],"author":[{"embeddable":true,"href":"https:\/\/led.ape.com.pl\/fi\/wp-json\/wp\/v2\/users\/1"}],"replies":[{"embeddable":true,"href":"https:\/\/led.ape.com.pl\/fi\/wp-json\/wp\/v2\/comments?post=3136"}],"version-history":[{"count":23,"href":"https:\/\/led.ape.com.pl\/fi\/wp-json\/wp\/v2\/pages\/3136\/revisions"}],"predecessor-version":[{"id":3461,"href":"https:\/\/led.ape.com.pl\/fi\/wp-json\/wp\/v2\/pages\/3136\/revisions\/3461"}],"wp:attachment":[{"href":"https:\/\/led.ape.com.pl\/fi\/wp-json\/wp\/v2\/media?parent=3136"}],"curies":[{"name":"wp","href":"https:\/\/api.w.org\/{rel}","templated":true}]}}