{"id":548,"date":"2021-03-20T21:52:33","date_gmt":"2021-03-20T20:52:33","guid":{"rendered":"https:\/\/led.ape.com.pl\/?page_id=548"},"modified":"2025-10-15T08:05:00","modified_gmt":"2025-10-15T06:05:00","slug":"kontakt-ape-led","status":"publish","type":"page","link":"https:\/\/led.ape.com.pl\/fi\/kontakti-apina-johti\/","title":{"rendered":"<p>APE LED -kosketin<\/p>"},"content":{"rendered":"<p>[et_pb_section fb_built = &quot;1 \u2033 _builder_version =&quot; 4.9.2 \u2033 _module_preset = &quot;default&quot; custom_padding = &quot;0px || 0px |||&quot;] [et_pb_row _builder_version = &quot;T module 1 oletusrakennus_versio = &quot;T_tth_1 &quot;4.9.2&quot; &quot;100% =&quot; max_width = &quot;ei mit\u00e4\u00e4n&quot; custom_padding = &quot;0px || 0px |||&quot;] [et_pb_column type = &quot;4_4 \u2033 _builder_version =&quot; 4.9.2 \u2033 _module_preset = &quot;default&quot;] [et_s\/brc_image LED oletus &quot;] [\/ et_pb_image] [\/ et_pb_column] [\/ et_pb_row] [\/ et_pb_section] [et_pb_section fb_built =&quot; 1 \u2033 _builder_version = &quot;4.9.2 \u2033 _module_preset =&quot; _module_preset =&quot;_oletus&quot; 4 &quot;et.9.m. &quot;Default&quot; hover_enabled = &quot;0 \u2033 column_structure =&quot; 1_3,1_3,1_3 \u2033 sticky_enabled = &quot;0 \u2033] [et_pb_column type =&quot; 1_3 \u2033 _builder_version = &quot;4.9.2 \u2033 module_pder_text] = &quot;oletus&quot; text_font = &quot;| 300 |||||||&quot; text_text_color = &quot;#000000 \u2033 text_font_size =&quot; 22px &quot;text_line_height =&quot; 1.4em &quot;background_enable_color =&quot; off &quot;hover_enabled =&quot; 0 \u2033 sticky_enabled = &quot;0 \u2033] Auto Power Electronic<br>\nPiotr Skrobotowicz<br>\nul. Zbo\u017cowa 12<br>\n45-837 Opole<br>\nPuola<br>\nNIP PL7540134699<p>Ty\u00f6ajat:<br>\nma? pe: 07:00? 15:00 [\/ et_pb_text] [\/ et_pb_column] [et_pb_column type = &quot;1_3 \u2033 _builder_version =&quot; 4.9.2 \u2033 _module_preset = &quot;default&quot;] [et_pb_text =&quot;t oletusarvoinen &quot; ||||||| &quot; text_text_color = &quot;#000000 \u2033 text_font_size =&quot; 22px &quot;text_line_height =&quot; 1.4em &quot;background_enable_color =&quot; off &quot;hover_enabled =&quot; 0 \u2033 sticky_enabled = &quot;0 \u2033] Toimiiko? myyntiin<br>\nMariusz Poli\u0144ski<br>\n+48 77474 56 74 alanumero 138<br>\n+48 692 478 886<\/p><p>O?wietlenie akwarystyczne<br>\nAndrzej Wacha<br>\n+48 600 021 224<br>\na.wacha@ape.com.pl<\/p><p>[\/ et_pb_text] [\/ et_pb_column] [et_pb_column type = \u201d1_3 \u2033 _builder_version =&quot; 4.9.2 \u2033 _module_preset = &quot;default&quot;] [et_pb_text _builder_version = &quot;pres module=&quot;t default_fon_ = &quot;4.9.2 |_font =&quot; oletus &quot;||_font |||| &quot; text_text_color = &quot;#000000 \u2033 text_font_size =&quot; 22px &quot;text_line_height =&quot; 1.4em &quot;background_enable_color =&quot; off &quot;hover_enabled =&quot; 0 \u2033 sticky_enabled = &quot;0 \u2033] Waldemar Buhl<br>\n+48 77474 56 74 alanumero 138<br>\n+48 602 211 519<\/p><p>Kirjanpito<br>\n+48 77 474 8143<br>\nfinanse@ape.com.pl<\/p><p>[\/ et_pb_text] [\/ et_pb_column] [\/ et_pb_row] [\/ et_pb_section]<\/p><\/p>","protected":false},"excerpt":{"rendered":"<p>[et_pb_section fb_built = &quot;1 \u2033 _builder_version =&quot; 4.9.2 \u2033 _module_preset = &quot;default&quot; custom_padding = &quot;0px || 0px |||&quot;] [et_pb_row _builder_version = &quot;T module 1 oletusrakennus_versio = &quot;T_tth_1 &quot;4.9.2&quot; &quot;100% =&quot; max_width = &quot;ei mit\u00e4\u00e4n&quot; custom_padding = &quot;0px || 0px |||&quot;] [et_pb_column type = &quot;4_4 \u2033 _builder_version =&quot; 4.9.2 \u2033 _module_preset = &quot;default&quot;] [et_s\/brc_image LED oletus &quot;] [\/ et_pb_image] [\/ et_pb_column] [\/ et_pb_row] [\/ et_pb_section] [et_pb_section fb_built =&quot; 1 \u2033 _builder_version = &quot;4.9.2 \u2033 _module_preset =&quot; _module_preset =&quot;_oletus&quot; 4 &quot;et.9.m. &quot;Default&quot; hover_enabled = &quot;0 \u2033 column_structure =&quot; 1_3,1_3,1_3 \u2033 sticky_enabled = &quot;0 \u2033] [et_pb_column type =&quot; 1_3 \u2033 _builder_version = &quot;4.9.2 \u2033 module_pder_text] = &quot;oletus&quot; text_font = &quot;| 300 |||||||&quot; text_text_color = &quot;#000000 \u2033 text_font_size =&quot; 22px &quot;text_line_height =&quot; 1.4em &quot;background_enable_color =&quot; off &quot;hover_enabled =&quot; 0 \u2033 sticky_enabled = &quot;0 \u2033] Auto Power Electronic Piotr Skrob. Zbo? Owa 12 45-837 Opole [...]<\/p>","protected":false},"author":1,"featured_media":0,"parent":0,"menu_order":0,"comment_status":"closed","ping_status":"closed","template":"","meta":{"_et_pb_use_builder":"on","_et_pb_old_content":"","_et_gb_content_width":"","footnotes":""},"yoast_head":"<!-- This site is optimized with the Yoast SEO plugin v22.8 - https:\/\/yoast.com\/wordpress\/plugins\/seo\/ -->\n<title>Kontakt APE LED - APE LED producent o\u015bwietlenia LED<\/title>\n<meta name=\"robots\" content=\"index, follow, max-snippet:-1, max-image-preview:large, max-video-preview:-1\" \/>\n<link rel=\"canonical\" href=\"https:\/\/led.ape.com.pl\/fi\/kontakti-apina-johti\/\" \/>\n<meta property=\"og:locale\" content=\"fi_FI\" \/>\n<meta property=\"og:type\" content=\"article\" \/>\n<meta property=\"og:title\" content=\"Kontakt APE LED - APE LED producent o\u015bwietlenia LED\" \/>\n<meta property=\"og:description\" content=\"[et_pb_section fb_built=&#8221;1&#8243; _builder_version=&#8221;4.9.2&#8243; _module_preset=&#8221;default&#8221; custom_padding=&#8221;0px||0px|||&#8221;][et_pb_row _builder_version=&#8221;4.9.2&#8243; _module_preset=&#8221;default&#8221; width=&#8221;100%&#8221; max_width=&#8221;none&#8221; custom_padding=&#8221;0px||0px|||&#8221;][et_pb_column type=&#8221;4_4&#8243; _builder_version=&#8221;4.9.2&#8243; _module_preset=&#8221;default&#8221;][et_pb_image src=&#8221;https:\/\/led.ape.com.pl\/wp-content\/uploads\/2021\/03\/shutterstock_1408037903.jpg&#8221; alt=&#8221;APE LED producent o\u015bwietlenia LED&#8221; title_text=&#8221;APE LED producent o\u015bwietlenia LED&#8221; _builder_version=&#8221;4.9.2&#8243; _module_preset=&#8221;default&#8221;][\/et_pb_image][\/et_pb_column][\/et_pb_row][\/et_pb_section][et_pb_section fb_built=&#8221;1&#8243; _builder_version=&#8221;4.9.2&#8243; _module_preset=&#8221;default&#8221;][et_pb_row _builder_version=&#8221;4.9.2&#8243; _module_preset=&#8221;default&#8221; hover_enabled=&#8221;0&#8243; column_structure=&#8221;1_3,1_3,1_3&#8243; sticky_enabled=&#8221;0&#8243;][et_pb_column type=&#8221;1_3&#8243; _builder_version=&#8221;4.9.2&#8243; _module_preset=&#8221;default&#8221;][et_pb_text _builder_version=&#8221;4.9.2&#8243; _module_preset=&#8221;default&#8221; text_font=&#8221;|300|||||||&#8221; text_text_color=&#8221;#000000&#8243; text_font_size=&#8221;22px&#8221; text_line_height=&#8221;1.4em&#8221; background_enable_color=&#8221;off&#8221; hover_enabled=&#8221;0&#8243; sticky_enabled=&#8221;0&#8243;]Auto Power Electronic Piotr Skrobotowicz ul. Zbo\u017cowa 12 45-837 Opole [&hellip;]\" \/>\n<meta property=\"og:url\" content=\"https:\/\/led.ape.com.pl\/fi\/kontakti-apina-johti\/\" \/>\n<meta property=\"og:site_name\" content=\"APE LED producent o\u015bwietlenia LED\" \/>\n<meta property=\"article:modified_time\" content=\"2025-10-15T06:05:00+00:00\" \/>\n<meta name=\"twitter:card\" content=\"summary_large_image\" \/>\n<meta name=\"twitter:label1\" content=\"Arvioitu lukuaika\" \/>\n\t<meta name=\"twitter:data1\" content=\"1 minuutti\" \/>\n<script type=\"application\/ld+json\" class=\"yoast-schema-graph\">{\"@context\":\"https:\/\/schema.org\",\"@graph\":[{\"@type\":\"WebPage\",\"@id\":\"https:\/\/led.ape.com.pl\/kontakt-ape-led\/\",\"url\":\"https:\/\/led.ape.com.pl\/kontakt-ape-led\/\",\"name\":\"Kontakt APE LED - APE LED producent o\u015bwietlenia LED\",\"isPartOf\":{\"@id\":\"https:\/\/led.ape.com.pl\/#website\"},\"datePublished\":\"2021-03-20T20:52:33+00:00\",\"dateModified\":\"2025-10-15T06:05:00+00:00\",\"breadcrumb\":{\"@id\":\"https:\/\/led.ape.com.pl\/kontakt-ape-led\/#breadcrumb\"},\"inLanguage\":\"fi\",\"potentialAction\":[{\"@type\":\"ReadAction\",\"target\":[\"https:\/\/led.ape.com.pl\/kontakt-ape-led\/\"]}]},{\"@type\":\"BreadcrumbList\",\"@id\":\"https:\/\/led.ape.com.pl\/kontakt-ape-led\/#breadcrumb\",\"itemListElement\":[{\"@type\":\"ListItem\",\"position\":1,\"name\":\"Strona g\u0142\u00f3wna\",\"item\":\"https:\/\/led.ape.com.pl\/\"},{\"@type\":\"ListItem\",\"position\":2,\"name\":\"Kontakt APE LED\"}]},{\"@type\":\"WebSite\",\"@id\":\"https:\/\/led.ape.com.pl\/#website\",\"url\":\"https:\/\/led.ape.com.pl\/\",\"name\":\"APE LED producent o\u015bwietlenia LED\",\"description\":\"Strona APE LED polskiego producenta o\u015bwietlenia led, lamp ulicznych, o\u015bwietlenia akwarystycznego i o\u015bwietlenia przemys\u0142owego LED\",\"potentialAction\":[{\"@type\":\"SearchAction\",\"target\":{\"@type\":\"EntryPoint\",\"urlTemplate\":\"https:\/\/led.ape.com.pl\/?s={search_term_string}\"},\"query-input\":\"required name=search_term_string\"}],\"inLanguage\":\"fi\"}]}<\/script>\n<!-- \/ Yoast SEO plugin. -->","yoast_head_json":{"title":"Kontakt APE LED - APE LED producent o\u015bwietlenia LED","robots":{"index":"index","follow":"follow","max-snippet":"max-snippet:-1","max-image-preview":"max-image-preview:large","max-video-preview":"max-video-preview:-1"},"canonical":"https:\/\/led.ape.com.pl\/fi\/kontakti-apina-johti\/","og_locale":"fi_FI","og_type":"article","og_title":"Kontakt APE LED - APE LED producent o\u015bwietlenia LED","og_description":"[et_pb_section fb_built=&#8221;1&#8243; _builder_version=&#8221;4.9.2&#8243; _module_preset=&#8221;default&#8221; custom_padding=&#8221;0px||0px|||&#8221;][et_pb_row _builder_version=&#8221;4.9.2&#8243; _module_preset=&#8221;default&#8221; width=&#8221;100%&#8221; max_width=&#8221;none&#8221; custom_padding=&#8221;0px||0px|||&#8221;][et_pb_column type=&#8221;4_4&#8243; _builder_version=&#8221;4.9.2&#8243; _module_preset=&#8221;default&#8221;][et_pb_image src=&#8221;https:\/\/led.ape.com.pl\/wp-content\/uploads\/2021\/03\/shutterstock_1408037903.jpg&#8221; alt=&#8221;APE LED producent o\u015bwietlenia LED&#8221; title_text=&#8221;APE LED producent o\u015bwietlenia LED&#8221; _builder_version=&#8221;4.9.2&#8243; _module_preset=&#8221;default&#8221;][\/et_pb_image][\/et_pb_column][\/et_pb_row][\/et_pb_section][et_pb_section fb_built=&#8221;1&#8243; _builder_version=&#8221;4.9.2&#8243; _module_preset=&#8221;default&#8221;][et_pb_row _builder_version=&#8221;4.9.2&#8243; _module_preset=&#8221;default&#8221; hover_enabled=&#8221;0&#8243; column_structure=&#8221;1_3,1_3,1_3&#8243; sticky_enabled=&#8221;0&#8243;][et_pb_column type=&#8221;1_3&#8243; _builder_version=&#8221;4.9.2&#8243; _module_preset=&#8221;default&#8221;][et_pb_text _builder_version=&#8221;4.9.2&#8243; _module_preset=&#8221;default&#8221; text_font=&#8221;|300|||||||&#8221; text_text_color=&#8221;#000000&#8243; text_font_size=&#8221;22px&#8221; text_line_height=&#8221;1.4em&#8221; background_enable_color=&#8221;off&#8221; hover_enabled=&#8221;0&#8243; sticky_enabled=&#8221;0&#8243;]Auto Power Electronic Piotr Skrobotowicz ul. Zbo\u017cowa 12 45-837 Opole [&hellip;]","og_url":"https:\/\/led.ape.com.pl\/fi\/kontakti-apina-johti\/","og_site_name":"APE LED producent o\u015bwietlenia LED","article_modified_time":"2025-10-15T06:05:00+00:00","twitter_card":"summary_large_image","twitter_misc":{"Arvioitu lukuaika":"1 minuutti"},"schema":{"@context":"https:\/\/schema.org","@graph":[{"@type":"WebPage","@id":"https:\/\/led.ape.com.pl\/kontakt-ape-led\/","url":"https:\/\/led.ape.com.pl\/kontakt-ape-led\/","name":"Kontakt APE LED - APE LED producent o\u015bwietlenia LED","isPartOf":{"@id":"https:\/\/led.ape.com.pl\/#website"},"datePublished":"2021-03-20T20:52:33+00:00","dateModified":"2025-10-15T06:05:00+00:00","breadcrumb":{"@id":"https:\/\/led.ape.com.pl\/kontakt-ape-led\/#breadcrumb"},"inLanguage":"fi","potentialAction":[{"@type":"ReadAction","target":["https:\/\/led.ape.com.pl\/kontakt-ape-led\/"]}]},{"@type":"BreadcrumbList","@id":"https:\/\/led.ape.com.pl\/kontakt-ape-led\/#breadcrumb","itemListElement":[{"@type":"ListItem","position":1,"name":"Strona g\u0142\u00f3wna","item":"https:\/\/led.ape.com.pl\/"},{"@type":"ListItem","position":2,"name":"Kontakt APE LED"}]},{"@type":"WebSite","@id":"https:\/\/led.ape.com.pl\/#website","url":"https:\/\/led.ape.com.pl\/","name":"APE LED producent o\u015bwietlenia LED","description":"Strona APE LED polskiego producenta o\u015bwietlenia led, lamp ulicznych, o\u015bwietlenia akwarystycznego i o\u015bwietlenia przemys\u0142owego LED","potentialAction":[{"@type":"SearchAction","target":{"@type":"EntryPoint","urlTemplate":"https:\/\/led.ape.com.pl\/?s={search_term_string}"},"query-input":"required name=search_term_string"}],"inLanguage":"fi"}]}},"_links":{"self":[{"href":"https:\/\/led.ape.com.pl\/fi\/wp-json\/wp\/v2\/pages\/548"}],"collection":[{"href":"https:\/\/led.ape.com.pl\/fi\/wp-json\/wp\/v2\/pages"}],"about":[{"href":"https:\/\/led.ape.com.pl\/fi\/wp-json\/wp\/v2\/types\/page"}],"author":[{"embeddable":true,"href":"https:\/\/led.ape.com.pl\/fi\/wp-json\/wp\/v2\/users\/1"}],"replies":[{"embeddable":true,"href":"https:\/\/led.ape.com.pl\/fi\/wp-json\/wp\/v2\/comments?post=548"}],"version-history":[{"count":5,"href":"https:\/\/led.ape.com.pl\/fi\/wp-json\/wp\/v2\/pages\/548\/revisions"}],"predecessor-version":[{"id":4332,"href":"https:\/\/led.ape.com.pl\/fi\/wp-json\/wp\/v2\/pages\/548\/revisions\/4332"}],"wp:attachment":[{"href":"https:\/\/led.ape.com.pl\/fi\/wp-json\/wp\/v2\/media?parent=548"}],"curies":[{"name":"wp","href":"https:\/\/api.w.org\/{rel}","templated":true}]}}