{"id":565,"date":"2021-03-20T22:28:14","date_gmt":"2021-03-20T21:28:14","guid":{"rendered":"https:\/\/led.ape.com.pl\/?page_id=565"},"modified":"2021-11-26T08:00:24","modified_gmt":"2021-11-26T07:00:24","slug":"dofinansowanie-dla-ape-led","status":"publish","type":"page","link":"https:\/\/led.ape.com.pl\/ro\/cofinantare-pentru-maimuta\/","title":{"rendered":"<p>Cofinan\u021bare pentru APE LED<\/p>"},"content":{"rendered":"<p>[et_pb_section fb_built=&rdquo;1&Prime; _builder_version=&rdquo;4.9.2&Prime; _module_preset=&rdquo;default&rdquo; custom_padding=&rdquo;0px||0px|||&rdquo;][et_pb_row _builder_version=&rdquo;4.9.2&Prime; _module_preset=&rdquo;default&rdquo; width=&rdquo;100%&rdquo; max_width=&rdquo;none&rdquo; custom_padding=&rdquo;0px||0px|||&rdquo;][et_pb_column type=&rdquo;4_4&Prime; _builder_version=&rdquo;4.9.2&Prime; _module_preset=&rdquo;default&rdquo;][et_pb_image src=&rdquo;https:\/\/led.ape.com.pl\/wp-content\/uploads\/2021\/03\/shutterstock_1408037903.jpg&rdquo; alt=&rdquo;APE LED producent o?wietlenia LED&rdquo; title_text=&rdquo;APE LED producent o?wietlenia LED&rdquo; _builder_version=&rdquo;4.9.2&Prime; _module_preset=&rdquo;default&rdquo;][\/et_pb_image][\/et_pb_column][\/et_pb_row][\/et_pb_section][et_pb_section fb_built=&rdquo;1&Prime; _builder_version=&rdquo;4.9.2&Prime; _module_preset=&rdquo;default&rdquo; custom_padding=&rdquo;0px|||||&rdquo;][et_pb_row _builder_version=&rdquo;4.9.2&Prime; _module_preset=&rdquo;default&rdquo; custom_padding=&rdquo;0px|||||&rdquo;][et_pb_column type=&rdquo;4_4&Prime; _builder_version=&rdquo;4.9.2&Prime; _module_preset=&rdquo;default&rdquo;][et_pb_image src=&rdquo;https:\/\/led.ape.com.pl\/wp-content\/uploads\/2021\/03\/opolskie.png&rdquo; alt=&rdquo;APE LED producent ?ar&oacute;wek LED&rdquo; title_text=&rdquo;APE LED producent ?ar&oacute;wek LED&rdquo; _builder_version=&rdquo;4.9.2&Prime; _module_preset=&rdquo;default&rdquo; transform_scale_last_edited=&rdquo;off|desktop&rdquo; transform_translate=&rdquo;0px|-53px&rdquo; transform_translate_tablet=&rdquo;0px|0px&rdquo; transform_translate_phone=&rdquo;0px|0px&rdquo; transform_translate_last_edited=&rdquo;off|desktop&rdquo; transform_translate_linked=&rdquo;off&rdquo; transform_rotate_last_edited=&rdquo;off|desktop&rdquo; transform_skew_last_edited=&rdquo;off|desktop&rdquo; transform_origin_last_edited=&rdquo;off|desktop&rdquo; transform_styles_last_edited=&rdquo;off|desktop&rdquo; custom_margin=&rdquo;||84px|||&rdquo; box_shadow_style=&rdquo;preset3&Prime;][\/et_pb_image][et_pb_text _builder_version=&rdquo;4.9.2&Prime; _module_preset=&rdquo;default&rdquo; header_2_font_size=&rdquo;23px&rdquo; header_2_line_height=&rdquo;1.3em&rdquo; hover_enabled=&rdquo;0&Prime; sticky_enabled=&rdquo;0&Prime;]<p style=\"text-align: center;\">AUTO POWER ELECTRONIC Piotr Skrobotowicz implementeaz\u0103 un proiect cofinan\u021bat din fonduri europene numit ? Dezvoltarea cooper\u0103rii economice \u0219i promovarea activit\u0103\u021bilor AUTO POWER ELECTRONIC Piotr Skrobotowicz pe arena interna\u021bional\u0103.<br><strong>Proiect nr: RPOP.02.04.00-16-0035 \/ 19<\/strong><\/p><p><strong>Programul Opera\u021bional Regional al Voievodatului Opolskie pentru 2014-2020<\/strong><br>II O? prioritate: Economie competitiv\u0103<br>Ac\u021biune: 2.4 Cooperare \u0219i promovare economic\u0103<br>PERIOADA DE IMPLEMENTARE A PROIECTULUI: 01.11.2019 - 31.07.2021<br>VALOR\u0102 TOT? PROIECT: 95.000,00 PLN<br>IN VALOARE DE ?? COFINAN\u021aARE: 66.500,00 PLN<\/p><p>Scopul proiectului este cre\u0219terea competitivit\u0103\u021bii companiei prin dezvoltarea activit\u0103\u021bilor de export, cooperarea economic\u0103 \u0219i promovarea companiei pe noile pie\u021be cehe \u0219i germane.<\/p><p>Activit\u0103\u021bile vizate planificate \u00een proiect vor fi pe:<br>- sprijin pentru dezvoltarea de noi modele de afaceri, inclusiv strategii de ac\u021biune interna\u021bional, deschiderea de noi canale de afaceri, diversificare geografic\u0103 sau sectorial\u0103 (TIP 1);<br>- sprijinirea cooper\u0103rii economice a \u00eentreprinderilor pe dimensiunea na\u0163ional\u0103 \u015fi interna\u0163ional\u0103 (TIP 2); - promovarea \u00eentreprinderilor, inclusiv participarea la la evenimente nationale si internationale, incl. \u00een t\u00e2rguri, spectacole de tehnologie, ca parte a proiect, fiind justificat \u00een strategia de dezvoltare a companiei sau noile modele de afaceri introduse (TIP 3).<\/p><p>Efectele directe ale implement\u0103rii proiectului vor fi sprijinirea Solicitantului \u00een domeniul interna\u021bionaliz\u0103rii activit\u0103\u021bilor, consultan\u021b\u0103 de specialitate, sprijin pentru implementarea proiectelor, informarea \u0219i promovarea cu caracter interna\u021bional \u0219i investirea resurselor proprii.<\/p><p>[\/ et_pb_text] [\/ et_pb_column] [\/ et_pb_row] [\/ et_pb_section]<\/p><\/p>","protected":false},"excerpt":{"rendered":"<p>[et_pb_section fb_built=&rdquo;1&Prime; _builder_version=&rdquo;4.9.2&Prime; _module_preset=&rdquo;default&rdquo; custom_padding=&rdquo;0px||0px|||&rdquo;][et_pb_row _builder_version=&rdquo;4.9.2&Prime; _module_preset=&rdquo;default&rdquo; width=&rdquo;100%&rdquo; max_width=&rdquo;none&rdquo; custom_padding=&rdquo;0px||0px|||&rdquo;][et_pb_column type=&rdquo;4_4&Prime; _builder_version=&rdquo;4.9.2&Prime; _module_preset=&rdquo;default&rdquo;][et_pb_image src=&rdquo;https:\/\/led.ape.com.pl\/wp-content\/uploads\/2021\/03\/shutterstock_1408037903.jpg&rdquo; alt=&rdquo;APE LED producent o?wietlenia LED&rdquo; title_text=&rdquo;APE LED producent o?wietlenia LED&rdquo; _builder_version=&rdquo;4.9.2&Prime; _module_preset=&rdquo;default&rdquo;][\/et_pb_image][\/et_pb_column][\/et_pb_row][\/et_pb_section][et_pb_section fb_built=&rdquo;1&Prime; _builder_version=&rdquo;4.9.2&Prime; _module_preset=&rdquo;default&rdquo; custom_padding=&rdquo;0px|||||&rdquo;][et_pb_row _builder_version=&rdquo;4.9.2&Prime; _module_preset=&rdquo;default&rdquo; custom_padding=&rdquo;0px|||||&rdquo;][et_pb_column type=&rdquo;4_4&Prime; _builder_version=&rdquo;4.9.2&Prime; _module_preset=&rdquo;default&rdquo;][et_pb_image src=&rdquo;https:\/\/led.ape.com.pl\/wp-content\/uploads\/2021\/03\/opolskie.png&rdquo; alt=&rdquo;APE LED producent ?ar&oacute;wek LED&rdquo; title_text=&rdquo;APE LED producent ?ar&oacute;wek LED&rdquo; _builder_version=&rdquo;4.9.2&Prime; _module_preset=&rdquo;default&rdquo; transform_scale_last_edited=&rdquo;off|desktop&rdquo; transform_translate=&rdquo;0px|-53px&rdquo; transform_translate_tablet=&rdquo;0px|0px&rdquo; transform_translate_phone=&rdquo;0px|0px&rdquo; transform_translate_last_edited=&rdquo;off|desktop&rdquo; transform_translate_linked=&rdquo;off&rdquo; [&hellip;]<\/p>","protected":false},"author":1,"featured_media":0,"parent":0,"menu_order":0,"comment_status":"closed","ping_status":"closed","template":"","meta":{"_et_pb_use_builder":"on","_et_pb_old_content":"","_et_gb_content_width":"","footnotes":""},"yoast_head":"<!-- This site is optimized with the Yoast SEO plugin v22.8 - https:\/\/yoast.com\/wordpress\/plugins\/seo\/ -->\n<title>Dofinansowanie dla APE LED - APE LED producent o\u015bwietlenia LED<\/title>\n<meta name=\"robots\" content=\"index, follow, max-snippet:-1, max-image-preview:large, max-video-preview:-1\" \/>\n<link rel=\"canonical\" href=\"https:\/\/led.ape.com.pl\/ro\/co-financing-for-ape-led\/\" \/>\n<meta property=\"og:locale\" content=\"ro_RO\" \/>\n<meta property=\"og:type\" content=\"article\" \/>\n<meta property=\"og:title\" content=\"Dofinansowanie dla APE LED - APE LED producent o\u015bwietlenia LED\" \/>\n<meta property=\"og:description\" content=\"[et_pb_section fb_built=&#8221;1&#8243; _builder_version=&#8221;4.9.2&#8243; _module_preset=&#8221;default&#8221; custom_padding=&#8221;0px||0px|||&#8221;][et_pb_row _builder_version=&#8221;4.9.2&#8243; _module_preset=&#8221;default&#8221; width=&#8221;100%&#8221; max_width=&#8221;none&#8221; custom_padding=&#8221;0px||0px|||&#8221;][et_pb_column type=&#8221;4_4&#8243; _builder_version=&#8221;4.9.2&#8243; _module_preset=&#8221;default&#8221;][et_pb_image src=&#8221;https:\/\/led.ape.com.pl\/wp-content\/uploads\/2021\/03\/shutterstock_1408037903.jpg&#8221; alt=&#8221;APE LED producent o\u015bwietlenia LED&#8221; title_text=&#8221;APE LED producent o\u015bwietlenia LED&#8221; _builder_version=&#8221;4.9.2&#8243; _module_preset=&#8221;default&#8221;][\/et_pb_image][\/et_pb_column][\/et_pb_row][\/et_pb_section][et_pb_section fb_built=&#8221;1&#8243; _builder_version=&#8221;4.9.2&#8243; _module_preset=&#8221;default&#8221; custom_padding=&#8221;0px|||||&#8221;][et_pb_row _builder_version=&#8221;4.9.2&#8243; _module_preset=&#8221;default&#8221; custom_padding=&#8221;0px|||||&#8221;][et_pb_column type=&#8221;4_4&#8243; _builder_version=&#8221;4.9.2&#8243; _module_preset=&#8221;default&#8221;][et_pb_image src=&#8221;https:\/\/led.ape.com.pl\/wp-content\/uploads\/2021\/03\/opolskie.png&#8221; alt=&#8221;APE LED producent \u017car\u00f3wek LED&#8221; title_text=&#8221;APE LED producent \u017car\u00f3wek LED&#8221; _builder_version=&#8221;4.9.2&#8243; _module_preset=&#8221;default&#8221; transform_scale_last_edited=&#8221;off|desktop&#8221; transform_translate=&#8221;0px|-53px&#8221; transform_translate_tablet=&#8221;0px|0px&#8221; transform_translate_phone=&#8221;0px|0px&#8221; transform_translate_last_edited=&#8221;off|desktop&#8221; transform_translate_linked=&#8221;off&#8221; [&hellip;]\" \/>\n<meta property=\"og:url\" content=\"https:\/\/led.ape.com.pl\/ro\/co-financing-for-ape-led\/\" \/>\n<meta property=\"og:site_name\" content=\"APE LED producent o\u015bwietlenia LED\" \/>\n<meta property=\"article:modified_time\" content=\"2021-11-26T07:00:24+00:00\" \/>\n<meta name=\"twitter:card\" content=\"summary_large_image\" \/>\n<meta name=\"twitter:label1\" content=\"Timp estimat pentru citire\" \/>\n\t<meta name=\"twitter:data1\" content=\"2 minute\" \/>\n<script type=\"application\/ld+json\" class=\"yoast-schema-graph\">{\"@context\":\"https:\/\/schema.org\",\"@graph\":[{\"@type\":\"WebPage\",\"@id\":\"https:\/\/led.ape.com.pl\/en\/co-financing-for-ape-led\/\",\"url\":\"https:\/\/led.ape.com.pl\/en\/co-financing-for-ape-led\/\",\"name\":\"Dofinansowanie dla APE LED - APE LED producent o\u015bwietlenia LED\",\"isPartOf\":{\"@id\":\"https:\/\/led.ape.com.pl\/#website\"},\"datePublished\":\"2021-03-20T21:28:14+00:00\",\"dateModified\":\"2021-11-26T07:00:24+00:00\",\"breadcrumb\":{\"@id\":\"https:\/\/led.ape.com.pl\/en\/co-financing-for-ape-led\/#breadcrumb\"},\"inLanguage\":\"ro-RO\",\"potentialAction\":[{\"@type\":\"ReadAction\",\"target\":[\"https:\/\/led.ape.com.pl\/en\/co-financing-for-ape-led\/\"]}]},{\"@type\":\"BreadcrumbList\",\"@id\":\"https:\/\/led.ape.com.pl\/en\/co-financing-for-ape-led\/#breadcrumb\",\"itemListElement\":[{\"@type\":\"ListItem\",\"position\":1,\"name\":\"Strona g\u0142\u00f3wna\",\"item\":\"https:\/\/led.ape.com.pl\/\"},{\"@type\":\"ListItem\",\"position\":2,\"name\":\"Dofinansowanie dla APE LED\"}]},{\"@type\":\"WebSite\",\"@id\":\"https:\/\/led.ape.com.pl\/#website\",\"url\":\"https:\/\/led.ape.com.pl\/\",\"name\":\"APE LED producent o\u015bwietlenia LED\",\"description\":\"Strona APE LED polskiego producenta o\u015bwietlenia led, lamp ulicznych, o\u015bwietlenia akwarystycznego i o\u015bwietlenia przemys\u0142owego LED\",\"potentialAction\":[{\"@type\":\"SearchAction\",\"target\":{\"@type\":\"EntryPoint\",\"urlTemplate\":\"https:\/\/led.ape.com.pl\/?s={search_term_string}\"},\"query-input\":\"required name=search_term_string\"}],\"inLanguage\":\"ro-RO\"}]}<\/script>\n<!-- \/ Yoast SEO plugin. -->","yoast_head_json":{"title":"Dofinansowanie dla APE LED - APE LED producent o\u015bwietlenia LED","robots":{"index":"index","follow":"follow","max-snippet":"max-snippet:-1","max-image-preview":"max-image-preview:large","max-video-preview":"max-video-preview:-1"},"canonical":"https:\/\/led.ape.com.pl\/ro\/co-financing-for-ape-led\/","og_locale":"ro_RO","og_type":"article","og_title":"Dofinansowanie dla APE LED - APE LED producent o\u015bwietlenia LED","og_description":"[et_pb_section fb_built=&#8221;1&#8243; _builder_version=&#8221;4.9.2&#8243; _module_preset=&#8221;default&#8221; custom_padding=&#8221;0px||0px|||&#8221;][et_pb_row _builder_version=&#8221;4.9.2&#8243; _module_preset=&#8221;default&#8221; width=&#8221;100%&#8221; max_width=&#8221;none&#8221; custom_padding=&#8221;0px||0px|||&#8221;][et_pb_column type=&#8221;4_4&#8243; _builder_version=&#8221;4.9.2&#8243; _module_preset=&#8221;default&#8221;][et_pb_image src=&#8221;https:\/\/led.ape.com.pl\/wp-content\/uploads\/2021\/03\/shutterstock_1408037903.jpg&#8221; alt=&#8221;APE LED producent o\u015bwietlenia LED&#8221; title_text=&#8221;APE LED producent o\u015bwietlenia LED&#8221; _builder_version=&#8221;4.9.2&#8243; _module_preset=&#8221;default&#8221;][\/et_pb_image][\/et_pb_column][\/et_pb_row][\/et_pb_section][et_pb_section fb_built=&#8221;1&#8243; _builder_version=&#8221;4.9.2&#8243; _module_preset=&#8221;default&#8221; custom_padding=&#8221;0px|||||&#8221;][et_pb_row _builder_version=&#8221;4.9.2&#8243; _module_preset=&#8221;default&#8221; custom_padding=&#8221;0px|||||&#8221;][et_pb_column type=&#8221;4_4&#8243; _builder_version=&#8221;4.9.2&#8243; _module_preset=&#8221;default&#8221;][et_pb_image src=&#8221;https:\/\/led.ape.com.pl\/wp-content\/uploads\/2021\/03\/opolskie.png&#8221; alt=&#8221;APE LED producent \u017car\u00f3wek LED&#8221; title_text=&#8221;APE LED producent \u017car\u00f3wek LED&#8221; _builder_version=&#8221;4.9.2&#8243; _module_preset=&#8221;default&#8221; transform_scale_last_edited=&#8221;off|desktop&#8221; transform_translate=&#8221;0px|-53px&#8221; transform_translate_tablet=&#8221;0px|0px&#8221; transform_translate_phone=&#8221;0px|0px&#8221; transform_translate_last_edited=&#8221;off|desktop&#8221; transform_translate_linked=&#8221;off&#8221; [&hellip;]","og_url":"https:\/\/led.ape.com.pl\/ro\/co-financing-for-ape-led\/","og_site_name":"APE LED producent o\u015bwietlenia LED","article_modified_time":"2021-11-26T07:00:24+00:00","twitter_card":"summary_large_image","twitter_misc":{"Timp estimat pentru citire":"2 minute"},"schema":{"@context":"https:\/\/schema.org","@graph":[{"@type":"WebPage","@id":"https:\/\/led.ape.com.pl\/en\/co-financing-for-ape-led\/","url":"https:\/\/led.ape.com.pl\/en\/co-financing-for-ape-led\/","name":"Dofinansowanie dla APE LED - APE LED producent o\u015bwietlenia LED","isPartOf":{"@id":"https:\/\/led.ape.com.pl\/#website"},"datePublished":"2021-03-20T21:28:14+00:00","dateModified":"2021-11-26T07:00:24+00:00","breadcrumb":{"@id":"https:\/\/led.ape.com.pl\/en\/co-financing-for-ape-led\/#breadcrumb"},"inLanguage":"ro-RO","potentialAction":[{"@type":"ReadAction","target":["https:\/\/led.ape.com.pl\/en\/co-financing-for-ape-led\/"]}]},{"@type":"BreadcrumbList","@id":"https:\/\/led.ape.com.pl\/en\/co-financing-for-ape-led\/#breadcrumb","itemListElement":[{"@type":"ListItem","position":1,"name":"Strona g\u0142\u00f3wna","item":"https:\/\/led.ape.com.pl\/"},{"@type":"ListItem","position":2,"name":"Dofinansowanie dla APE LED"}]},{"@type":"WebSite","@id":"https:\/\/led.ape.com.pl\/#website","url":"https:\/\/led.ape.com.pl\/","name":"APE LED producent o\u015bwietlenia LED","description":"Strona APE LED polskiego producenta o\u015bwietlenia led, lamp ulicznych, o\u015bwietlenia akwarystycznego i o\u015bwietlenia przemys\u0142owego LED","potentialAction":[{"@type":"SearchAction","target":{"@type":"EntryPoint","urlTemplate":"https:\/\/led.ape.com.pl\/?s={search_term_string}"},"query-input":"required name=search_term_string"}],"inLanguage":"ro-RO"}]}},"_links":{"self":[{"href":"https:\/\/led.ape.com.pl\/ro\/wp-json\/wp\/v2\/pages\/565"}],"collection":[{"href":"https:\/\/led.ape.com.pl\/ro\/wp-json\/wp\/v2\/pages"}],"about":[{"href":"https:\/\/led.ape.com.pl\/ro\/wp-json\/wp\/v2\/types\/page"}],"author":[{"embeddable":true,"href":"https:\/\/led.ape.com.pl\/ro\/wp-json\/wp\/v2\/users\/1"}],"replies":[{"embeddable":true,"href":"https:\/\/led.ape.com.pl\/ro\/wp-json\/wp\/v2\/comments?post=565"}],"version-history":[{"count":9,"href":"https:\/\/led.ape.com.pl\/ro\/wp-json\/wp\/v2\/pages\/565\/revisions"}],"predecessor-version":[{"id":4298,"href":"https:\/\/led.ape.com.pl\/ro\/wp-json\/wp\/v2\/pages\/565\/revisions\/4298"}],"wp:attachment":[{"href":"https:\/\/led.ape.com.pl\/ro\/wp-json\/wp\/v2\/media?parent=565"}],"curies":[{"name":"wp","href":"https:\/\/api.w.org\/{rel}","templated":true}]}}