{"id":3387,"date":"2021-03-28T22:17:53","date_gmt":"2021-03-28T20:17:53","guid":{"rendered":"https:\/\/led.ape.com.pl\/?page_id=3387"},"modified":"2021-04-24T00:34:50","modified_gmt":"2021-04-23T22:34:50","slug":"lampy-uliczne-led-dla-gmin","status":"publish","type":"page","link":"https:\/\/led.ape.com.pl\/sk\/poulicne-lampy-vedene-pre-obce\/","title":{"rendered":"<p>LED pouli\u010dn\u00e9 lampy pre obce<\/p>"},"content":{"rendered":"<p>[et_pb_section fb_built=&rdquo;1&Prime; _builder_version=&rdquo;4.9.2&Prime; _module_preset=&rdquo;default&rdquo; custom_padding=&rdquo;0px||0px||false|false&rdquo;][et_pb_row use_custom_gutter=&rdquo;on&rdquo; gutter_width=&rdquo;1&Prime; _builder_version=&rdquo;4.9.2&Prime; _module_preset=&rdquo;default&rdquo; width=&rdquo;100%&rdquo; max_width=&rdquo;none&rdquo; custom_padding=&rdquo;0px||0px|||&rdquo;][et_pb_column type=&rdquo;4_4&Prime; _builder_version=&rdquo;4.9.2&Prime; _module_preset=&rdquo;default&rdquo;][et_pb_slider _builder_version=&rdquo;4.9.2&Prime; _module_preset=&rdquo;default&rdquo; header_level=&rdquo;h1&Prime; header_font_size=&rdquo;58px&rdquo; custom_padding=&rdquo;327px||19px|||&rdquo;][et_pb_slide heading=&rdquo;O?wietlenie uliczne LED gmin&rdquo; _builder_version=&rdquo;4.9.2&Prime; _module_preset=&rdquo;default&rdquo; header_level=&rdquo;h1&Prime; header_font=&rdquo;|300|||||||&rdquo; header_text_align=&rdquo;left&rdquo; header_font_size=&rdquo;50px&rdquo; header_line_height=&rdquo;1.4em&rdquo; body_font=&rdquo;|300|||||||&rdquo; body_text_align=&rdquo;left&rdquo; body_font_size=&rdquo;26px&rdquo; background_image=&rdquo;https:\/\/led.ape.com.pl\/wp-content\/uploads\/2021\/03\/Pokoj-APELED-ZA.75W-2-scaled.jpg&rdquo; background_enable_image=&rdquo;on&rdquo; custom_padding=&rdquo;||||false|false&rdquo; sticky_transition=&rdquo;on&rdquo;]<p>Mierov\u00e1 kom\u00fana<\/p><p>[\/et_pb_slide][\/et_pb_slider][\/et_pb_column][\/et_pb_row][\/et_pb_section][et_pb_section fb_built=&rdquo;1&Prime; _builder_version=&rdquo;4.9.2&Prime; _module_preset=&rdquo;default&rdquo; custom_padding=&rdquo;100px|||||&rdquo;][et_pb_row column_structure=&rdquo;2_5,3_5&Prime; _builder_version=&rdquo;4.9.2&Prime; _module_preset=&rdquo;default&rdquo; width=&rdquo;90%&rdquo; max_width=&rdquo;none&rdquo;][et_pb_column type=&rdquo;2_5&Prime; _builder_version=&rdquo;4.9.2&Prime; _module_preset=&rdquo;default&rdquo;][image_hotspot_parent image=&rdquo;https:\/\/led.ape.com.pl\/wp-content\/uploads\/2021\/03\/Logo-Fundusze-Europejskie.jpg&rdquo; _builder_version=&rdquo;4.9.2&Prime; _module_preset=&rdquo;default&rdquo; animation_style=&rdquo;fade&rdquo;][\/image_hotspot_parent][\/et_pb_column][et_pb_column type=&rdquo;3_5&Prime; _builder_version=&rdquo;4.9.2&Prime; _module_preset=&rdquo;default&rdquo;][et_pb_text _builder_version=&rdquo;4.9.2&Prime; _module_preset=&rdquo;default&rdquo; text_font=&rdquo;|300|||||||&rdquo; text_font_size=&rdquo;22px&rdquo; text_line_height=&rdquo;1.4em&rdquo; ul_font_size=&rdquo;22px&rdquo; ul_line_height=&rdquo;1.9em&rdquo; header_2_font=&rdquo;|300|||||||&rdquo; header_2_font_size=&rdquo;40px&rdquo; header_2_line_height=&rdquo;1.4em&rdquo; animation_style=&rdquo;slide&rdquo; animation_direction=&rdquo;right&rdquo;]<\/p><h2>Spolufinancovanie stavby? LED osvetlenie v obci a meste<\/h2><p>V\u00fdmena pouli\u010dn\u00e9ho osvetlenia je jednorazov\u00fd v\u00fddavok, ktor\u00fd zaru\u010duje \u00faspory. LED pouli\u010dn\u00e9 osvetlenie od APE LED je vo v\u00e4\u010d\u0161ine obc\u00ed iba v\u00fdmenou \u201e\u017eiaroviek\u201c, ktor\u00fdch n\u00e1klady je mo\u017en\u00e9 zn\u00ed\u017ei\u0165 o pomocou dot\u00e1ci\u00ed, ako napr\u00edklad:<\/p><ul>\n<li>Eur\u00f3pe<span class=\"text_exposed_show\">Po\u013esk\u00fd fond region\u00e1lneho rozvoja (skontrolujte svoje vojvodstvo)<br><\/span>\n<ul>\n<li><span class=\"text_exposed_show\">O TOM? Priorita 3? Efekt\u00edvna a zelen\u00e1 energia, opatrenie 3.4 N\u00edzkoemisn\u00e1 strat\u00e9gia, podpora udr\u017eate\u013enej multimod\u00e1lnej mestskej mobility - s\u00fa\u0165a\u017e o projekty t\u00fdkaj\u00face sa moderniz\u00e1cie pouli\u010dn\u00e9ho osvetlenia (ulice, n\u00e1mestia, verejn\u00e9 priestranstv\u00e1) pre \u00fasporu energie.<\/span><\/li>\n<li><span class=\"text_exposed_show\">O TOM? priorita 4 N\u00edzkoemisn\u00e9 hospod\u00e1rstvo, opatrenia 4.1 Podpora vyu\u017e\u00edvania obnovite\u013en\u00fdch zdrojov energie <\/span>\n<ul>\n<li><span class=\"text_exposed_show\"><\/span>4.5 Mestsk\u00e1 doprava s n\u00edzkymi emisiami a efekt\u00edvne osvetlenie<\/li>\n<\/ul>\n<\/li>\n<li><span class=\"text_exposed_show\">O TOM? priorita 5 - Efekt\u00edvnos\u0165 ?? energia a n\u00edzkouhl\u00edkov\u00e9 hospod\u00e1rstvo, akcia 5.5 Podpora n\u00edzkouhl\u00edkov\u00fdch emisi\u00ed<\/span><\/li>\n<\/ul>\n<\/li>\n<li><span class=\"text_exposed_show\"><span class=\"aCOpRe\">NFO? IGW <\/span>(<a href=\"http:\/\/nfosigw.gov.pl\/o-nfosigw\/aktualnosci\/art,1429,nowoczesne-systemy-oswietlenia-ulicznego-i-czystsze-powietrze-w-kolejnych-miejscowosciach.html\" target=\"_blank\" rel=\"noopener\">pr\u00edklady financovania V dne\u0161nej dobe<\/a>), v minulosti program SOWA (teraz skontrolujte, \u010di existuje nov\u00e9 vydanie)<br><\/span><\/li>\n<li><span class=\"text_exposed_show\">Rozpo\u010dty invest\u00edci\u00ed a obnovy miest a obc\u00ed<\/span><\/li>\n<li><span class=\"text_exposed_show\">Vl\u00e1dny fond pre miestne invest\u00edcie<\/span><\/li>\n<li><span class=\"text_exposed_show\">WFO? IGW -? Moderniz\u00e1cia energetick\u00e9ho osvetlenia?<\/span><\/li>\n<li><span class=\"text_exposed_show\">Verejno-s\u00fakromn\u00e9 partnerstvo (PPP)<\/span><\/li>\n<li><span class=\"text_exposed_show\"><a href=\"https:\/\/mapadotacji.gov.pl\/\" target=\"_blank\" rel=\"noopener\">Udeli\u0165 mapu?<\/a>, skontrolova\u0165? z ktor\u00e9ho udeli\u0165? U\u017eite si to in\u00e9<\/span><\/li>\n<\/ul><p>[\/et_pb_text][\/et_pb_column][\/et_pb_row][\/et_pb_section][et_pb_section fb_built=&rdquo;1&Prime; _builder_version=&rdquo;4.9.2&Prime; _module_preset=&rdquo;default&rdquo; background_enable_color=&rdquo;off&rdquo; use_background_color_gradient=&rdquo;on&rdquo; background_color_gradient_start=&rdquo;rgba(35,35,35,0.54)&rdquo; background_color_gradient_end=&rdquo;rgba(17,3,3,0.88)&rdquo; background_color_gradient_overlays_image=&rdquo;on&rdquo; background_image=&rdquo;https:\/\/led.ape.com.pl\/wp-content\/uploads\/2021\/03\/Ozimek-APELED-ZA.35W-scaled.jpg&rdquo;][et_pb_row column_structure=&rdquo;2_5,3_5&Prime; use_custom_gutter=&rdquo;on&rdquo; gutter_width=&rdquo;2&Prime; make_equal=&rdquo;on&rdquo; _builder_version=&rdquo;4.9.2&Prime; _module_preset=&rdquo;default&rdquo; width=&rdquo;94%&rdquo; max_width=&rdquo;none&rdquo;][et_pb_column type=&rdquo;2_5&Prime; _builder_version=&rdquo;4.9.2&Prime; _module_preset=&rdquo;default&rdquo;][et_pb_text _builder_version=&rdquo;4.9.2&Prime; _module_preset=&rdquo;default&rdquo; text_font=&rdquo;||||||||&rdquo; text_text_color=&rdquo;#FFFFFF&rdquo; text_font_size=&rdquo;48px&rdquo; text_line_height=&rdquo;1.3em&rdquo;]<\/p><p>V\u00e1\u0161 prv\u00fd krok k inovat\u00edvnej n\u00edzkouhl\u00edkovej komunite s APE LED<\/p><p>[\/et_pb_text][et_pb_image src=&rdquo;https:\/\/led.ape.com.pl\/wp-content\/uploads\/2021\/03\/zarowkadrogowa.png&rdquo; alt=&rdquo;?ar&oacute;wka drogowa APE LED&rdquo; title_text=&rdquo;?ar&oacute;wka drogowa APE LED&rdquo; _builder_version=&rdquo;4.9.2&Prime; _module_preset=&rdquo;default&rdquo;][\/et_pb_image][\/et_pb_column][et_pb_column type=&rdquo;3_5&Prime; _builder_version=&rdquo;4.9.2&Prime; _module_preset=&rdquo;default&rdquo;][et_pb_text _builder_version=&rdquo;4.9.2&Prime; _module_preset=&rdquo;default&rdquo; text_font=&rdquo;|300|||||||&rdquo; text_text_color=&rdquo;#FFFFFF&rdquo; text_font_size=&rdquo;24px&rdquo; text_line_height=&rdquo;1.8em&rdquo; background_color=&rdquo;rgba(35,35,35,0.69)&rdquo; custom_padding=&rdquo;2vw|2vw|2vw|2vw|false|false&rdquo; border_radii=&rdquo;on|15px|15px|15px|15px&rdquo;]<\/p><p>Osvetlenie na verejn\u00fdch miestach v Po\u013esku ka\u017ed\u00fd rok spotrebuje tis\u00edce GWh energie. Pre obce, ktor\u00e9 pou\u017e\u00edvaj\u00fa star\u00e9, energeticky n\u00e1ro\u010dn\u00e9 sod\u00edkov\u00e9 v\u00fdbojky, pon\u00fakame n\u00e1hrady za sod\u00edkov\u00e9 v\u00fdbojky, ktor\u00e9 s\u00fa vyroben\u00e9 z v najnov\u0161\u00edch technol\u00f3gi\u00e1ch LED a prinies\u0165? vysok\u00e1 potencia? \u00faspory n\u00e1kladov na energiu na osvetlenie ciest, ul\u00edc a verejn\u00fdch miest, energetick\u00e1 \u00fa\u010dinnos\u0165 syst\u00e9mu pouli\u010dn\u00e9ho osvetlenia v meste a zn\u00ed\u017eenie emisi\u00ed zne\u010dis\u0165uj\u00facich l\u00e1tok pre \u017eivotn\u00e9 prostredie. Odhaduje sa, \u017ee v Po\u013esku je asi 3,3 mili\u00f3na pouli\u010dn\u00fdch \u017eiaroviek, vr\u00e1tane asi 60-65% sod\u00edkov\u00fdch v\u00fdbojok, ktor\u00fdch \u00fa\u010dinnos\u0165 je pribli\u017ene. je asi 40%, takze 60% sa im strati spotreba energie? &quot;st\u00fapa do vzduchu&quot;. Vymie\u0148ate star\u00e9 zdroje? Osvetlenie energeticky \u00fasporn\u00fdch \u017eiaroviek LED je mnohon\u00e1sobne v\u00fdnosnej\u0161ie, preto\u017ee je Na\u0161e \u017eiarovky APE LED sa vyzna\u010duj\u00fa t\u00fdm, \u017ee si? ve\u013emi vysoko v\u00fdkon? a teda ve\u013emi kr\u00e1tka doba n\u00e1vratnosti bez nutnosti v\u00fdmeny celej pouli\u010dnej lampy.<br>Spolo\u010dnos\u0165 APE umo\u017e\u0148uje samospr\u00e1vam a miestnej samospr\u00e1ve? Domov sa zlep\u0161ova\u0165? \u00fa\u010dinnos\u0165 osvetlenia pomocou v\u00fdmeny sod\u00edkov\u00fdch \u017eiaroviek LED v existuj\u00facich pouli\u010dn\u00fdch svietidl\u00e1ch. Sme autormi projektov a v\u00fdrobcom LED \u017eiaroviek, ktor\u00e9 nahr\u00e1dzaj\u00fa tradi\u010dn\u00e9 sod\u00edkov\u00e9 \u017eiarovky v existuj\u00facich, efekt\u00edvnych pouli\u010dn\u00fdch svietidl\u00e1ch. Na\u0161e LED sveteln\u00e9 zdroje s\u00fa vybaven\u00e9 patentovan\u00e9 dizajnov\u00e9 rie\u0161enia a vyroben\u00e9 v Opole. Spolo\u010dnos\u0165 APE funguje od roku 1984 a zamestn\u00e1va takmer 100 \u013eud\u00ed, z toho 55 \u013eud\u00ed s \u013eahk\u00fdm a stredn\u00fdm postihnut\u00edm.<\/p><p>[\/et_pb_text][\/et_pb_column][\/et_pb_row][\/et_pb_section][et_pb_section fb_built=&rdquo;1&Prime; _builder_version=&rdquo;4.9.2&Prime; _module_preset=&rdquo;default&rdquo; custom_padding=&rdquo;97px||0px|||&rdquo; top_divider_flip=&rdquo;horizontal&rdquo;][et_pb_row _builder_version=&rdquo;4.9.2&Prime; _module_preset=&rdquo;default&rdquo;][et_pb_column type=&rdquo;4_4&Prime; _builder_version=&rdquo;4.9.2&Prime; _module_preset=&rdquo;default&rdquo;][et_pb_text _builder_version=&rdquo;4.9.2&Prime; _module_preset=&rdquo;default&rdquo; text_font=&rdquo;|300|||||||&rdquo; text_text_color=&rdquo;#212121&Prime; text_font_size=&rdquo;21px&rdquo; text_line_height=&rdquo;1.8em&rdquo; header_2_font=&rdquo;|300|||||||&rdquo;]<\/p><blockquote>\n<h2>Pre\u010do sa oplat\u00ed za\u010da\u0165? pracuj s nami vymeni\u0165 osvetlenie, u\u017e? teraz?<\/h2>\n<p>? my sa \u0161pecializujeme v pouli\u010dnom osvetlen\u00ed<br>? Pon\u00fakame LED \u017eiarovky s predpokladanou \u017eivotnos\u0165ou 10 - 15 rokov<br>? Sveteln\u00e9 zdroje sa vyberaj\u00fa na z\u00e1klade projektov v programe Dialux<br>? zlep\u0161enie bezpe\u010dnosti na cest\u00e1ch a mestskom priestore zabezpe\u010den\u00edm dodato\u010dn\u00e9ho osvetlenia oblasti<br>? bezrizikov\u00e1 ponuka preto\u017ee? n\u00e1klady na invest\u00edciu sa oplatia po\u010das 12-18 mesiacov, teda po\u010das z\u00e1ru\u010dnej doby<br>? v\u00fdrazn\u00e9 zn\u00ed\u017eenie \u00fa\u010dtov za energiu elektrick\u00fd<br>? moznost ?? testovacia in\u0161tal\u00e1cia LED \u017eiaroviek<\/p>\n<p>U\u010di\u0165 sa? viac o LED pouli\u010dnom osvetlen\u00ed od APE LED alebo n\u00e1s kontaktujte u\u017e s APE LED? teraz!<\/p>\n<\/blockquote><p>[\/et_pb_text][et_pb_button button_text=&rdquo;Referencje&rdquo; _builder_version=&rdquo;4.9.2&Prime; _module_preset=&rdquo;default&rdquo; button_url=&rdquo;https:\/\/led.ape.com.pl\/referencje\/&rdquo; hover_enabled=&rdquo;0&Prime; sticky_enabled=&rdquo;0&Prime; custom_button=&rdquo;on&rdquo; button_text_color=&rdquo;#191919&Prime; button_font=&rdquo;|300|||||||&rdquo; button_text_size=&rdquo;20px&rdquo; button_icon=&rdquo;%%71%%&rdquo;][\/et_pb_button][\/et_pb_column][\/et_pb_row][\/et_pb_section][et_pb_section fb_built=&rdquo;1&Prime; _builder_version=&rdquo;4.9.2&Prime; _module_preset=&rdquo;default&rdquo; use_background_color_gradient=&rdquo;on&rdquo; background_color_gradient_start=&rdquo;rgba(0,0,0,0.69)&rdquo; background_color_gradient_end=&rdquo;rgba(0,0,0,0)&rdquo; background_color_gradient_overlays_image=&rdquo;on&rdquo; background_image=&rdquo;https:\/\/led.ape.com.pl\/wp-content\/uploads\/2021\/04\/ue.jpg&rdquo;][et_pb_row _builder_version=&rdquo;4.9.2&Prime; _module_preset=&rdquo;default&rdquo;][et_pb_column type=&rdquo;4_4&Prime; _builder_version=&rdquo;4.9.2&Prime; _module_preset=&rdquo;default&rdquo;][et_pb_text _builder_version=&rdquo;4.9.2&Prime; _module_preset=&rdquo;default&rdquo; text_font=&rdquo;|300|||||||&rdquo; text_text_color=&rdquo;#FFFFFF&rdquo; text_font_size=&rdquo;32px&rdquo; text_line_height=&rdquo;1.4em&rdquo; text_orientation=&rdquo;center&rdquo;]<\/p><p>Ju? teraz vst\u00fapi\u0165 na burzy? osvetlenie vo va\u0161om ak\u010dnom pl\u00e1ne smerom k udr\u017eate\u013enej energii a za\u010da\u0165 zni\u017eova\u0165? probl\u00e9m \u010cO? s APE LED.<\/p><p>[\/et_pb_text][et_pb_image src=&rdquo;https:\/\/led.ape.com.pl\/wp-content\/uploads\/2021\/04\/ssbes.png&rdquo; title_text=&rdquo;ssbes&rdquo; _builder_version=&rdquo;4.9.2&Prime; _module_preset=&rdquo;default&rdquo; filter_opacity=&rdquo;77%&rdquo; box_shadow_style=&rdquo;preset2&Prime;][\/et_pb_image][\/et_pb_column][\/et_pb_row][\/et_pb_section]<\/p><\/p>","protected":false},"excerpt":{"rendered":"<p>[et_pb_section fb_built=&rdquo;1&Prime; _builder_version=&rdquo;4.9.2&Prime; _module_preset=&rdquo;default&rdquo; custom_padding=&rdquo;0px||0px||false|false&rdquo;][et_pb_row use_custom_gutter=&rdquo;on&rdquo; gutter_width=&rdquo;1&Prime; _builder_version=&rdquo;4.9.2&Prime; _module_preset=&rdquo;default&rdquo; width=&rdquo;100%&rdquo; max_width=&rdquo;none&rdquo; custom_padding=&rdquo;0px||0px|||&rdquo;][et_pb_column type=&rdquo;4_4&Prime; _builder_version=&rdquo;4.9.2&Prime; _module_preset=&rdquo;default&rdquo;][et_pb_slider _builder_version=&rdquo;4.9.2&Prime; _module_preset=&rdquo;default&rdquo; header_level=&rdquo;h1&Prime; header_font_size=&rdquo;58px&rdquo; custom_padding=&rdquo;327px||19px|||&rdquo;][et_pb_slide heading=&rdquo;O?wietlenie uliczne LED gmin&rdquo; _builder_version=&rdquo;4.9.2&Prime; _module_preset=&rdquo;default&rdquo; header_level=&rdquo;h1&Prime; header_font=&rdquo;|300|||||||&rdquo; header_text_align=&rdquo;left&rdquo; header_font_size=&rdquo;50px&rdquo; header_line_height=&rdquo;1.4em&rdquo; body_font=&rdquo;|300|||||||&rdquo; body_text_align=&rdquo;left&rdquo; body_font_size=&rdquo;26px&rdquo; background_image=&rdquo;https:\/\/led.ape.com.pl\/wp-content\/uploads\/2021\/03\/Pokoj-APELED-ZA.75W-2-scaled.jpg&rdquo; background_enable_image=&rdquo;on&rdquo; custom_padding=&rdquo;||||false|false&rdquo; sticky_transition=&rdquo;on&rdquo;] Gmina Pok&oacute;j [\/et_pb_slide][\/et_pb_slider][\/et_pb_column][\/et_pb_row][\/et_pb_section][et_pb_section fb_built=&rdquo;1&Prime; _builder_version=&rdquo;4.9.2&Prime; _module_preset=&rdquo;default&rdquo; custom_padding=&rdquo;100px|||||&rdquo;][et_pb_row column_structure=&rdquo;2_5,3_5&Prime; _builder_version=&rdquo;4.9.2&Prime; _module_preset=&rdquo;default&rdquo; width=&rdquo;90%&rdquo; max_width=&rdquo;none&rdquo;][et_pb_column type=&rdquo;2_5&Prime; _builder_version=&rdquo;4.9.2&Prime; _module_preset=&rdquo;default&rdquo;][image_hotspot_parent image=&rdquo;https:\/\/led.ape.com.pl\/wp-content\/uploads\/2021\/03\/Logo-Fundusze-Europejskie.jpg&rdquo; _builder_version=&rdquo;4.9.2&Prime; [&hellip;]<\/p>","protected":false},"author":1,"featured_media":0,"parent":0,"menu_order":0,"comment_status":"closed","ping_status":"closed","template":"","meta":{"_et_pb_use_builder":"on","_et_pb_old_content":"","_et_gb_content_width":"","footnotes":""},"yoast_head":"<!-- This site is optimized with the Yoast SEO plugin v22.8 - https:\/\/yoast.com\/wordpress\/plugins\/seo\/ -->\n<title>Lampy uliczne LED dla gmin - APE LED producent o\u015bwietlenia LED<\/title>\n<meta name=\"robots\" content=\"index, follow, max-snippet:-1, max-image-preview:large, max-video-preview:-1\" \/>\n<link rel=\"canonical\" href=\"https:\/\/led.ape.com.pl\/sk\/\u8857\u706f-\u30b3\u30df\u30e5\u30cb\u30c6\u30a3\u4e3b\u5c0e\/\" \/>\n<meta property=\"og:locale\" content=\"sk_SK\" \/>\n<meta property=\"og:type\" content=\"article\" \/>\n<meta property=\"og:title\" content=\"Lampy uliczne LED dla gmin - APE LED producent o\u015bwietlenia LED\" \/>\n<meta property=\"og:description\" content=\"[et_pb_section fb_built=&#8221;1&#8243; _builder_version=&#8221;4.9.2&#8243; _module_preset=&#8221;default&#8221; custom_padding=&#8221;0px||0px||false|false&#8221;][et_pb_row use_custom_gutter=&#8221;on&#8221; gutter_width=&#8221;1&#8243; _builder_version=&#8221;4.9.2&#8243; _module_preset=&#8221;default&#8221; width=&#8221;100%&#8221; max_width=&#8221;none&#8221; custom_padding=&#8221;0px||0px|||&#8221;][et_pb_column type=&#8221;4_4&#8243; _builder_version=&#8221;4.9.2&#8243; _module_preset=&#8221;default&#8221;][et_pb_slider _builder_version=&#8221;4.9.2&#8243; _module_preset=&#8221;default&#8221; header_level=&#8221;h1&#8243; header_font_size=&#8221;58px&#8221; custom_padding=&#8221;327px||19px|||&#8221;][et_pb_slide heading=&#8221;O\u015bwietlenie uliczne LED gmin&#8221; _builder_version=&#8221;4.9.2&#8243; _module_preset=&#8221;default&#8221; header_level=&#8221;h1&#8243; header_font=&#8221;|300|||||||&#8221; header_text_align=&#8221;left&#8221; header_font_size=&#8221;50px&#8221; header_line_height=&#8221;1.4em&#8221; body_font=&#8221;|300|||||||&#8221; body_text_align=&#8221;left&#8221; body_font_size=&#8221;26px&#8221; background_image=&#8221;https:\/\/led.ape.com.pl\/wp-content\/uploads\/2021\/03\/Pokoj-APELED-ZA.75W-2-scaled.jpg&#8221; background_enable_image=&#8221;on&#8221; custom_padding=&#8221;||||false|false&#8221; sticky_transition=&#8221;on&#8221;] Gmina Pok\u00f3j [\/et_pb_slide][\/et_pb_slider][\/et_pb_column][\/et_pb_row][\/et_pb_section][et_pb_section fb_built=&#8221;1&#8243; _builder_version=&#8221;4.9.2&#8243; _module_preset=&#8221;default&#8221; custom_padding=&#8221;100px|||||&#8221;][et_pb_row column_structure=&#8221;2_5,3_5&#8243; _builder_version=&#8221;4.9.2&#8243; _module_preset=&#8221;default&#8221; width=&#8221;90%&#8221; max_width=&#8221;none&#8221;][et_pb_column type=&#8221;2_5&#8243; _builder_version=&#8221;4.9.2&#8243; _module_preset=&#8221;default&#8221;][image_hotspot_parent image=&#8221;https:\/\/led.ape.com.pl\/wp-content\/uploads\/2021\/03\/Logo-Fundusze-Europejskie.jpg&#8221; _builder_version=&#8221;4.9.2&#8243; [&hellip;]\" \/>\n<meta property=\"og:url\" content=\"https:\/\/led.ape.com.pl\/sk\/\u8857\u706f-\u30b3\u30df\u30e5\u30cb\u30c6\u30a3\u4e3b\u5c0e\/\" \/>\n<meta property=\"og:site_name\" content=\"APE LED producent o\u015bwietlenia LED\" \/>\n<meta property=\"article:modified_time\" content=\"2021-04-23T22:34:50+00:00\" \/>\n<meta name=\"twitter:card\" content=\"summary_large_image\" \/>\n<meta name=\"twitter:label1\" content=\"Predpokladan\u00fd \u010das \u010d\u00edtania\" \/>\n\t<meta name=\"twitter:data1\" content=\"6 min\u00fat\" \/>\n<script type=\"application\/ld+json\" class=\"yoast-schema-graph\">{\"@context\":\"https:\/\/schema.org\",\"@graph\":[{\"@type\":\"WebPage\",\"@id\":\"https:\/\/led.ape.com.pl\/ja\/%e8%a1%97%e7%81%af-%e3%82%b3%e3%83%9f%e3%83%a5%e3%83%8b%e3%83%86%e3%82%a3%e4%b8%bb%e5%b0%8e\/\",\"url\":\"https:\/\/led.ape.com.pl\/ja\/%e8%a1%97%e7%81%af-%e3%82%b3%e3%83%9f%e3%83%a5%e3%83%8b%e3%83%86%e3%82%a3%e4%b8%bb%e5%b0%8e\/\",\"name\":\"Lampy uliczne LED dla gmin - APE LED producent o\u015bwietlenia LED\",\"isPartOf\":{\"@id\":\"https:\/\/led.ape.com.pl\/#website\"},\"datePublished\":\"2021-03-28T20:17:53+00:00\",\"dateModified\":\"2021-04-23T22:34:50+00:00\",\"breadcrumb\":{\"@id\":\"https:\/\/led.ape.com.pl\/ja\/%e8%a1%97%e7%81%af-%e3%82%b3%e3%83%9f%e3%83%a5%e3%83%8b%e3%83%86%e3%82%a3%e4%b8%bb%e5%b0%8e\/#breadcrumb\"},\"inLanguage\":\"sk-SK\",\"potentialAction\":[{\"@type\":\"ReadAction\",\"target\":[\"https:\/\/led.ape.com.pl\/ja\/%e8%a1%97%e7%81%af-%e3%82%b3%e3%83%9f%e3%83%a5%e3%83%8b%e3%83%86%e3%82%a3%e4%b8%bb%e5%b0%8e\/\"]}]},{\"@type\":\"BreadcrumbList\",\"@id\":\"https:\/\/led.ape.com.pl\/ja\/%e8%a1%97%e7%81%af-%e3%82%b3%e3%83%9f%e3%83%a5%e3%83%8b%e3%83%86%e3%82%a3%e4%b8%bb%e5%b0%8e\/#breadcrumb\",\"itemListElement\":[{\"@type\":\"ListItem\",\"position\":1,\"name\":\"Strona g\u0142\u00f3wna\",\"item\":\"https:\/\/led.ape.com.pl\/\"},{\"@type\":\"ListItem\",\"position\":2,\"name\":\"Lampy uliczne LED dla gmin\"}]},{\"@type\":\"WebSite\",\"@id\":\"https:\/\/led.ape.com.pl\/#website\",\"url\":\"https:\/\/led.ape.com.pl\/\",\"name\":\"APE LED producent o\u015bwietlenia LED\",\"description\":\"Strona APE LED polskiego producenta o\u015bwietlenia led, lamp ulicznych, o\u015bwietlenia akwarystycznego i o\u015bwietlenia przemys\u0142owego LED\",\"potentialAction\":[{\"@type\":\"SearchAction\",\"target\":{\"@type\":\"EntryPoint\",\"urlTemplate\":\"https:\/\/led.ape.com.pl\/?s={search_term_string}\"},\"query-input\":\"required name=search_term_string\"}],\"inLanguage\":\"sk-SK\"}]}<\/script>\n<!-- \/ Yoast SEO plugin. -->","yoast_head_json":{"title":"Lampy uliczne LED dla gmin - APE LED producent o\u015bwietlenia LED","robots":{"index":"index","follow":"follow","max-snippet":"max-snippet:-1","max-image-preview":"max-image-preview:large","max-video-preview":"max-video-preview:-1"},"canonical":"https:\/\/led.ape.com.pl\/sk\/\u8857\u706f-\u30b3\u30df\u30e5\u30cb\u30c6\u30a3\u4e3b\u5c0e\/","og_locale":"sk_SK","og_type":"article","og_title":"Lampy uliczne LED dla gmin - APE LED producent o\u015bwietlenia LED","og_description":"[et_pb_section fb_built=&#8221;1&#8243; _builder_version=&#8221;4.9.2&#8243; _module_preset=&#8221;default&#8221; custom_padding=&#8221;0px||0px||false|false&#8221;][et_pb_row use_custom_gutter=&#8221;on&#8221; gutter_width=&#8221;1&#8243; _builder_version=&#8221;4.9.2&#8243; _module_preset=&#8221;default&#8221; width=&#8221;100%&#8221; max_width=&#8221;none&#8221; custom_padding=&#8221;0px||0px|||&#8221;][et_pb_column type=&#8221;4_4&#8243; _builder_version=&#8221;4.9.2&#8243; _module_preset=&#8221;default&#8221;][et_pb_slider _builder_version=&#8221;4.9.2&#8243; _module_preset=&#8221;default&#8221; header_level=&#8221;h1&#8243; header_font_size=&#8221;58px&#8221; custom_padding=&#8221;327px||19px|||&#8221;][et_pb_slide heading=&#8221;O\u015bwietlenie uliczne LED gmin&#8221; _builder_version=&#8221;4.9.2&#8243; _module_preset=&#8221;default&#8221; header_level=&#8221;h1&#8243; header_font=&#8221;|300|||||||&#8221; header_text_align=&#8221;left&#8221; header_font_size=&#8221;50px&#8221; header_line_height=&#8221;1.4em&#8221; body_font=&#8221;|300|||||||&#8221; body_text_align=&#8221;left&#8221; body_font_size=&#8221;26px&#8221; background_image=&#8221;https:\/\/led.ape.com.pl\/wp-content\/uploads\/2021\/03\/Pokoj-APELED-ZA.75W-2-scaled.jpg&#8221; background_enable_image=&#8221;on&#8221; custom_padding=&#8221;||||false|false&#8221; sticky_transition=&#8221;on&#8221;] Gmina Pok\u00f3j [\/et_pb_slide][\/et_pb_slider][\/et_pb_column][\/et_pb_row][\/et_pb_section][et_pb_section fb_built=&#8221;1&#8243; _builder_version=&#8221;4.9.2&#8243; _module_preset=&#8221;default&#8221; custom_padding=&#8221;100px|||||&#8221;][et_pb_row column_structure=&#8221;2_5,3_5&#8243; _builder_version=&#8221;4.9.2&#8243; _module_preset=&#8221;default&#8221; width=&#8221;90%&#8221; max_width=&#8221;none&#8221;][et_pb_column type=&#8221;2_5&#8243; _builder_version=&#8221;4.9.2&#8243; _module_preset=&#8221;default&#8221;][image_hotspot_parent image=&#8221;https:\/\/led.ape.com.pl\/wp-content\/uploads\/2021\/03\/Logo-Fundusze-Europejskie.jpg&#8221; _builder_version=&#8221;4.9.2&#8243; [&hellip;]","og_url":"https:\/\/led.ape.com.pl\/sk\/\u8857\u706f-\u30b3\u30df\u30e5\u30cb\u30c6\u30a3\u4e3b\u5c0e\/","og_site_name":"APE LED producent o\u015bwietlenia LED","article_modified_time":"2021-04-23T22:34:50+00:00","twitter_card":"summary_large_image","twitter_misc":{"Predpokladan\u00fd \u010das \u010d\u00edtania":"6 min\u00fat"},"schema":{"@context":"https:\/\/schema.org","@graph":[{"@type":"WebPage","@id":"https:\/\/led.ape.com.pl\/ja\/%e8%a1%97%e7%81%af-%e3%82%b3%e3%83%9f%e3%83%a5%e3%83%8b%e3%83%86%e3%82%a3%e4%b8%bb%e5%b0%8e\/","url":"https:\/\/led.ape.com.pl\/ja\/%e8%a1%97%e7%81%af-%e3%82%b3%e3%83%9f%e3%83%a5%e3%83%8b%e3%83%86%e3%82%a3%e4%b8%bb%e5%b0%8e\/","name":"Lampy uliczne LED dla gmin - APE LED producent o\u015bwietlenia LED","isPartOf":{"@id":"https:\/\/led.ape.com.pl\/#website"},"datePublished":"2021-03-28T20:17:53+00:00","dateModified":"2021-04-23T22:34:50+00:00","breadcrumb":{"@id":"https:\/\/led.ape.com.pl\/ja\/%e8%a1%97%e7%81%af-%e3%82%b3%e3%83%9f%e3%83%a5%e3%83%8b%e3%83%86%e3%82%a3%e4%b8%bb%e5%b0%8e\/#breadcrumb"},"inLanguage":"sk-SK","potentialAction":[{"@type":"ReadAction","target":["https:\/\/led.ape.com.pl\/ja\/%e8%a1%97%e7%81%af-%e3%82%b3%e3%83%9f%e3%83%a5%e3%83%8b%e3%83%86%e3%82%a3%e4%b8%bb%e5%b0%8e\/"]}]},{"@type":"BreadcrumbList","@id":"https:\/\/led.ape.com.pl\/ja\/%e8%a1%97%e7%81%af-%e3%82%b3%e3%83%9f%e3%83%a5%e3%83%8b%e3%83%86%e3%82%a3%e4%b8%bb%e5%b0%8e\/#breadcrumb","itemListElement":[{"@type":"ListItem","position":1,"name":"Strona g\u0142\u00f3wna","item":"https:\/\/led.ape.com.pl\/"},{"@type":"ListItem","position":2,"name":"Lampy uliczne LED dla gmin"}]},{"@type":"WebSite","@id":"https:\/\/led.ape.com.pl\/#website","url":"https:\/\/led.ape.com.pl\/","name":"APE LED producent o\u015bwietlenia LED","description":"Strona APE LED polskiego producenta o\u015bwietlenia led, lamp ulicznych, o\u015bwietlenia akwarystycznego i o\u015bwietlenia przemys\u0142owego LED","potentialAction":[{"@type":"SearchAction","target":{"@type":"EntryPoint","urlTemplate":"https:\/\/led.ape.com.pl\/?s={search_term_string}"},"query-input":"required name=search_term_string"}],"inLanguage":"sk-SK"}]}},"_links":{"self":[{"href":"https:\/\/led.ape.com.pl\/sk\/wp-json\/wp\/v2\/pages\/3387"}],"collection":[{"href":"https:\/\/led.ape.com.pl\/sk\/wp-json\/wp\/v2\/pages"}],"about":[{"href":"https:\/\/led.ape.com.pl\/sk\/wp-json\/wp\/v2\/types\/page"}],"author":[{"embeddable":true,"href":"https:\/\/led.ape.com.pl\/sk\/wp-json\/wp\/v2\/users\/1"}],"replies":[{"embeddable":true,"href":"https:\/\/led.ape.com.pl\/sk\/wp-json\/wp\/v2\/comments?post=3387"}],"version-history":[{"count":22,"href":"https:\/\/led.ape.com.pl\/sk\/wp-json\/wp\/v2\/pages\/3387\/revisions"}],"predecessor-version":[{"id":4163,"href":"https:\/\/led.ape.com.pl\/sk\/wp-json\/wp\/v2\/pages\/3387\/revisions\/4163"}],"wp:attachment":[{"href":"https:\/\/led.ape.com.pl\/sk\/wp-json\/wp\/v2\/media?parent=3387"}],"curies":[{"name":"wp","href":"https:\/\/api.w.org\/{rel}","templated":true}]}}