{"id":565,"date":"2021-03-20T22:28:14","date_gmt":"2021-03-20T21:28:14","guid":{"rendered":"https:\/\/led.ape.com.pl\/?page_id=565"},"modified":"2021-11-26T08:00:24","modified_gmt":"2021-11-26T07:00:24","slug":"dofinansowanie-dla-ape-led","status":"publish","type":"page","link":"https:\/\/led.ape.com.pl\/sk\/spolufinancovanie-pre-ape\/","title":{"rendered":"<p>Spolufinancovanie APE LED<\/p>"},"content":{"rendered":"<p>[et_pb_section fb_built=&rdquo;1&Prime; _builder_version=&rdquo;4.9.2&Prime; _module_preset=&rdquo;default&rdquo; custom_padding=&rdquo;0px||0px|||&rdquo;][et_pb_row _builder_version=&rdquo;4.9.2&Prime; _module_preset=&rdquo;default&rdquo; width=&rdquo;100%&rdquo; max_width=&rdquo;none&rdquo; custom_padding=&rdquo;0px||0px|||&rdquo;][et_pb_column type=&rdquo;4_4&Prime; _builder_version=&rdquo;4.9.2&Prime; _module_preset=&rdquo;default&rdquo;][et_pb_image src=&rdquo;https:\/\/led.ape.com.pl\/wp-content\/uploads\/2021\/03\/shutterstock_1408037903.jpg&rdquo; alt=&rdquo;APE LED producent o?wietlenia LED&rdquo; title_text=&rdquo;APE LED producent o?wietlenia LED&rdquo; _builder_version=&rdquo;4.9.2&Prime; _module_preset=&rdquo;default&rdquo;][\/et_pb_image][\/et_pb_column][\/et_pb_row][\/et_pb_section][et_pb_section fb_built=&rdquo;1&Prime; _builder_version=&rdquo;4.9.2&Prime; _module_preset=&rdquo;default&rdquo; custom_padding=&rdquo;0px|||||&rdquo;][et_pb_row _builder_version=&rdquo;4.9.2&Prime; _module_preset=&rdquo;default&rdquo; custom_padding=&rdquo;0px|||||&rdquo;][et_pb_column type=&rdquo;4_4&Prime; _builder_version=&rdquo;4.9.2&Prime; _module_preset=&rdquo;default&rdquo;][et_pb_image src=&rdquo;https:\/\/led.ape.com.pl\/wp-content\/uploads\/2021\/03\/opolskie.png&rdquo; alt=&rdquo;APE LED producent ?ar&oacute;wek LED&rdquo; title_text=&rdquo;APE LED producent ?ar&oacute;wek LED&rdquo; _builder_version=&rdquo;4.9.2&Prime; _module_preset=&rdquo;default&rdquo; transform_scale_last_edited=&rdquo;off|desktop&rdquo; transform_translate=&rdquo;0px|-53px&rdquo; transform_translate_tablet=&rdquo;0px|0px&rdquo; transform_translate_phone=&rdquo;0px|0px&rdquo; transform_translate_last_edited=&rdquo;off|desktop&rdquo; transform_translate_linked=&rdquo;off&rdquo; transform_rotate_last_edited=&rdquo;off|desktop&rdquo; transform_skew_last_edited=&rdquo;off|desktop&rdquo; transform_origin_last_edited=&rdquo;off|desktop&rdquo; transform_styles_last_edited=&rdquo;off|desktop&rdquo; custom_margin=&rdquo;||84px|||&rdquo; box_shadow_style=&rdquo;preset3&Prime;][\/et_pb_image][et_pb_text _builder_version=&rdquo;4.9.2&Prime; _module_preset=&rdquo;default&rdquo; header_2_font_size=&rdquo;23px&rdquo; header_2_line_height=&rdquo;1.3em&rdquo; hover_enabled=&rdquo;0&Prime; sticky_enabled=&rdquo;0&Prime;]<p style=\"text-align: center;\">AUTO POWER ELECTRONIC Piotr Skrobotowicz realizuje projekt spolufinancovan\u00fd z eur\u00f3pskych fondov s n\u00e1zvom \u201eRozvoj hospod\u00e1rskej spolupr\u00e1ce a podpora aktiv\u00edt spolo\u010dnosti AUTO POWER ELECTRONIC Piotr Skrobotowicz na medzin\u00e1rodnej sc\u00e9ne.<br><strong>Projekt \u010d: RPOP.02.04.00-16-0035 \/ 19<\/strong><\/p><p><strong>Region\u00e1lny opera\u010dn\u00fd program Opolsk\u00e9ho vojvodstva na roky 2014-2020<\/strong><br>II O? priorita: konkurencieschopn\u00e1 ekonomika<br>Akcia: 2.4 Ekonomick\u00e1 spolupr\u00e1ca a podpora<br>OBDOBIE REALIZ\u00c1CIE PROJEKTU: 11.01.2019 - 31.07.2021<br>CEL\u00c1 HODNOTA? PROJEKT: 95 000,00 PLN<br>STOJ\u00cd SA ?? SPOLUFINANCOVANIE: 66 500,00 PLN<\/p><p>Cie\u013eom projektu je zv\u00fd\u0161i\u0165 konkurencieschopnos\u0165 spolo\u010dnosti rozvojom exportn\u00fdch aktiv\u00edt, ekonomickou spolupr\u00e1cou a propag\u00e1ciou spolo\u010dnosti na nov\u00fdch \u010desk\u00fdch a nemeck\u00fdch trhoch.<\/p><p>Cielen\u00e9 aktivity pl\u00e1novan\u00e9 v projekte bud\u00fa na:<br>- podpora rozvoja nov\u00fdch obchodn\u00fdch modelov vr\u00e1tane ak\u010dn\u00fdch strat\u00e9gi\u00ed medzin\u00e1rodn\u00e1, otv\u00e1ranie nov\u00fdch obchodn\u00fdch kan\u00e1lov, geografick\u00e1 alebo sektorov\u00e1 diverzifik\u00e1cia (TYP 1);<br>- podpora hospod\u00e1rskej spolupr\u00e1ce podnikov v n\u00e1rodnom a medzin\u00e1rodnom rozmere (TYP 2); - propag\u00e1cia podnikov vr\u00e1tane \u00fa\u010dasti v na n\u00e1rodn\u00fdch a medzin\u00e1rodn\u00fdch podujatiach, vr. na ve\u013etrhoch, technologick\u00fdch prehliadkach ako s\u00fa\u010das\u0165 projekt, ktor\u00fd m\u00e1 opodstatnenie v strat\u00e9gii rozvoja spolo\u010dnosti alebo zaveden\u00e9 nov\u00e9 obchodn\u00e9 modely (TYP 3).<\/p><p>Priamymi efektmi realiz\u00e1cie projektu bude podpora \u017diadate\u013ea v oblasti internacionaliz\u00e1cie aktiv\u00edt, odborn\u00e9 poradenstvo, podpora implement\u00e1cie projektov, inform\u00e1cie a propag\u00e1cia medzin\u00e1rodn\u00e9ho charakteru a investovanie vlastn\u00fdch zdrojov.<\/p><p>[\/et_pb_text][\/et_pb_column][\/et_pb_row][\/et_pb_section]<\/p><\/p>","protected":false},"excerpt":{"rendered":"<p>[et_pb_section fb_built=&rdquo;1&Prime; _builder_version=&rdquo;4.9.2&Prime; _module_preset=&rdquo;default&rdquo; custom_padding=&rdquo;0px||0px|||&rdquo;][et_pb_row _builder_version=&rdquo;4.9.2&Prime; _module_preset=&rdquo;default&rdquo; width=&rdquo;100%&rdquo; max_width=&rdquo;none&rdquo; custom_padding=&rdquo;0px||0px|||&rdquo;][et_pb_column type=&rdquo;4_4&Prime; _builder_version=&rdquo;4.9.2&Prime; _module_preset=&rdquo;default&rdquo;][et_pb_image src=&rdquo;https:\/\/led.ape.com.pl\/wp-content\/uploads\/2021\/03\/shutterstock_1408037903.jpg&rdquo; alt=&rdquo;APE LED producent o?wietlenia LED&rdquo; title_text=&rdquo;APE LED producent o?wietlenia LED&rdquo; _builder_version=&rdquo;4.9.2&Prime; _module_preset=&rdquo;default&rdquo;][\/et_pb_image][\/et_pb_column][\/et_pb_row][\/et_pb_section][et_pb_section fb_built=&rdquo;1&Prime; _builder_version=&rdquo;4.9.2&Prime; _module_preset=&rdquo;default&rdquo; custom_padding=&rdquo;0px|||||&rdquo;][et_pb_row _builder_version=&rdquo;4.9.2&Prime; _module_preset=&rdquo;default&rdquo; custom_padding=&rdquo;0px|||||&rdquo;][et_pb_column type=&rdquo;4_4&Prime; _builder_version=&rdquo;4.9.2&Prime; _module_preset=&rdquo;default&rdquo;][et_pb_image src=&rdquo;https:\/\/led.ape.com.pl\/wp-content\/uploads\/2021\/03\/opolskie.png&rdquo; alt=&rdquo;APE LED producent ?ar&oacute;wek LED&rdquo; title_text=&rdquo;APE LED producent ?ar&oacute;wek LED&rdquo; _builder_version=&rdquo;4.9.2&Prime; _module_preset=&rdquo;default&rdquo; transform_scale_last_edited=&rdquo;off|desktop&rdquo; transform_translate=&rdquo;0px|-53px&rdquo; transform_translate_tablet=&rdquo;0px|0px&rdquo; transform_translate_phone=&rdquo;0px|0px&rdquo; transform_translate_last_edited=&rdquo;off|desktop&rdquo; transform_translate_linked=&rdquo;off&rdquo; [&hellip;]<\/p>","protected":false},"author":1,"featured_media":0,"parent":0,"menu_order":0,"comment_status":"closed","ping_status":"closed","template":"","meta":{"_et_pb_use_builder":"on","_et_pb_old_content":"","_et_gb_content_width":"","footnotes":""},"yoast_head":"<!-- This site is optimized with the Yoast SEO plugin v22.8 - https:\/\/yoast.com\/wordpress\/plugins\/seo\/ -->\n<title>Dofinansowanie dla APE LED - APE LED producent o\u015bwietlenia LED<\/title>\n<meta name=\"robots\" content=\"index, follow, max-snippet:-1, max-image-preview:large, max-video-preview:-1\" \/>\n<link rel=\"canonical\" href=\"https:\/\/led.ape.com.pl\/sk\/co-financing-for-ape-led\/\" \/>\n<meta property=\"og:locale\" content=\"sk_SK\" \/>\n<meta property=\"og:type\" content=\"article\" \/>\n<meta property=\"og:title\" content=\"Dofinansowanie dla APE LED - APE LED producent o\u015bwietlenia LED\" \/>\n<meta property=\"og:description\" content=\"[et_pb_section fb_built=&#8221;1&#8243; _builder_version=&#8221;4.9.2&#8243; _module_preset=&#8221;default&#8221; custom_padding=&#8221;0px||0px|||&#8221;][et_pb_row _builder_version=&#8221;4.9.2&#8243; _module_preset=&#8221;default&#8221; width=&#8221;100%&#8221; max_width=&#8221;none&#8221; custom_padding=&#8221;0px||0px|||&#8221;][et_pb_column type=&#8221;4_4&#8243; _builder_version=&#8221;4.9.2&#8243; _module_preset=&#8221;default&#8221;][et_pb_image src=&#8221;https:\/\/led.ape.com.pl\/wp-content\/uploads\/2021\/03\/shutterstock_1408037903.jpg&#8221; alt=&#8221;APE LED producent o\u015bwietlenia LED&#8221; title_text=&#8221;APE LED producent o\u015bwietlenia LED&#8221; _builder_version=&#8221;4.9.2&#8243; _module_preset=&#8221;default&#8221;][\/et_pb_image][\/et_pb_column][\/et_pb_row][\/et_pb_section][et_pb_section fb_built=&#8221;1&#8243; _builder_version=&#8221;4.9.2&#8243; _module_preset=&#8221;default&#8221; custom_padding=&#8221;0px|||||&#8221;][et_pb_row _builder_version=&#8221;4.9.2&#8243; _module_preset=&#8221;default&#8221; custom_padding=&#8221;0px|||||&#8221;][et_pb_column type=&#8221;4_4&#8243; _builder_version=&#8221;4.9.2&#8243; _module_preset=&#8221;default&#8221;][et_pb_image src=&#8221;https:\/\/led.ape.com.pl\/wp-content\/uploads\/2021\/03\/opolskie.png&#8221; alt=&#8221;APE LED producent \u017car\u00f3wek LED&#8221; title_text=&#8221;APE LED producent \u017car\u00f3wek LED&#8221; _builder_version=&#8221;4.9.2&#8243; _module_preset=&#8221;default&#8221; transform_scale_last_edited=&#8221;off|desktop&#8221; transform_translate=&#8221;0px|-53px&#8221; transform_translate_tablet=&#8221;0px|0px&#8221; transform_translate_phone=&#8221;0px|0px&#8221; transform_translate_last_edited=&#8221;off|desktop&#8221; transform_translate_linked=&#8221;off&#8221; [&hellip;]\" \/>\n<meta property=\"og:url\" content=\"https:\/\/led.ape.com.pl\/sk\/co-financing-for-ape-led\/\" \/>\n<meta property=\"og:site_name\" content=\"APE LED producent o\u015bwietlenia LED\" \/>\n<meta property=\"article:modified_time\" content=\"2021-11-26T07:00:24+00:00\" \/>\n<meta name=\"twitter:card\" content=\"summary_large_image\" \/>\n<meta name=\"twitter:label1\" content=\"Predpokladan\u00fd \u010das \u010d\u00edtania\" \/>\n\t<meta name=\"twitter:data1\" content=\"2 min\u00faty\" \/>\n<script type=\"application\/ld+json\" class=\"yoast-schema-graph\">{\"@context\":\"https:\/\/schema.org\",\"@graph\":[{\"@type\":\"WebPage\",\"@id\":\"https:\/\/led.ape.com.pl\/en\/co-financing-for-ape-led\/\",\"url\":\"https:\/\/led.ape.com.pl\/en\/co-financing-for-ape-led\/\",\"name\":\"Dofinansowanie dla APE LED - APE LED producent o\u015bwietlenia LED\",\"isPartOf\":{\"@id\":\"https:\/\/led.ape.com.pl\/#website\"},\"datePublished\":\"2021-03-20T21:28:14+00:00\",\"dateModified\":\"2021-11-26T07:00:24+00:00\",\"breadcrumb\":{\"@id\":\"https:\/\/led.ape.com.pl\/en\/co-financing-for-ape-led\/#breadcrumb\"},\"inLanguage\":\"sk-SK\",\"potentialAction\":[{\"@type\":\"ReadAction\",\"target\":[\"https:\/\/led.ape.com.pl\/en\/co-financing-for-ape-led\/\"]}]},{\"@type\":\"BreadcrumbList\",\"@id\":\"https:\/\/led.ape.com.pl\/en\/co-financing-for-ape-led\/#breadcrumb\",\"itemListElement\":[{\"@type\":\"ListItem\",\"position\":1,\"name\":\"Strona g\u0142\u00f3wna\",\"item\":\"https:\/\/led.ape.com.pl\/\"},{\"@type\":\"ListItem\",\"position\":2,\"name\":\"Dofinansowanie dla APE LED\"}]},{\"@type\":\"WebSite\",\"@id\":\"https:\/\/led.ape.com.pl\/#website\",\"url\":\"https:\/\/led.ape.com.pl\/\",\"name\":\"APE LED producent o\u015bwietlenia LED\",\"description\":\"Strona APE LED polskiego producenta o\u015bwietlenia led, lamp ulicznych, o\u015bwietlenia akwarystycznego i o\u015bwietlenia przemys\u0142owego LED\",\"potentialAction\":[{\"@type\":\"SearchAction\",\"target\":{\"@type\":\"EntryPoint\",\"urlTemplate\":\"https:\/\/led.ape.com.pl\/?s={search_term_string}\"},\"query-input\":\"required name=search_term_string\"}],\"inLanguage\":\"sk-SK\"}]}<\/script>\n<!-- \/ Yoast SEO plugin. -->","yoast_head_json":{"title":"Dofinansowanie dla APE LED - APE LED producent o\u015bwietlenia LED","robots":{"index":"index","follow":"follow","max-snippet":"max-snippet:-1","max-image-preview":"max-image-preview:large","max-video-preview":"max-video-preview:-1"},"canonical":"https:\/\/led.ape.com.pl\/sk\/co-financing-for-ape-led\/","og_locale":"sk_SK","og_type":"article","og_title":"Dofinansowanie dla APE LED - APE LED producent o\u015bwietlenia LED","og_description":"[et_pb_section fb_built=&#8221;1&#8243; _builder_version=&#8221;4.9.2&#8243; _module_preset=&#8221;default&#8221; custom_padding=&#8221;0px||0px|||&#8221;][et_pb_row _builder_version=&#8221;4.9.2&#8243; _module_preset=&#8221;default&#8221; width=&#8221;100%&#8221; max_width=&#8221;none&#8221; custom_padding=&#8221;0px||0px|||&#8221;][et_pb_column type=&#8221;4_4&#8243; _builder_version=&#8221;4.9.2&#8243; _module_preset=&#8221;default&#8221;][et_pb_image src=&#8221;https:\/\/led.ape.com.pl\/wp-content\/uploads\/2021\/03\/shutterstock_1408037903.jpg&#8221; alt=&#8221;APE LED producent o\u015bwietlenia LED&#8221; title_text=&#8221;APE LED producent o\u015bwietlenia LED&#8221; _builder_version=&#8221;4.9.2&#8243; _module_preset=&#8221;default&#8221;][\/et_pb_image][\/et_pb_column][\/et_pb_row][\/et_pb_section][et_pb_section fb_built=&#8221;1&#8243; _builder_version=&#8221;4.9.2&#8243; _module_preset=&#8221;default&#8221; custom_padding=&#8221;0px|||||&#8221;][et_pb_row _builder_version=&#8221;4.9.2&#8243; _module_preset=&#8221;default&#8221; custom_padding=&#8221;0px|||||&#8221;][et_pb_column type=&#8221;4_4&#8243; _builder_version=&#8221;4.9.2&#8243; _module_preset=&#8221;default&#8221;][et_pb_image src=&#8221;https:\/\/led.ape.com.pl\/wp-content\/uploads\/2021\/03\/opolskie.png&#8221; alt=&#8221;APE LED producent \u017car\u00f3wek LED&#8221; title_text=&#8221;APE LED producent \u017car\u00f3wek LED&#8221; _builder_version=&#8221;4.9.2&#8243; _module_preset=&#8221;default&#8221; transform_scale_last_edited=&#8221;off|desktop&#8221; transform_translate=&#8221;0px|-53px&#8221; transform_translate_tablet=&#8221;0px|0px&#8221; transform_translate_phone=&#8221;0px|0px&#8221; transform_translate_last_edited=&#8221;off|desktop&#8221; transform_translate_linked=&#8221;off&#8221; [&hellip;]","og_url":"https:\/\/led.ape.com.pl\/sk\/co-financing-for-ape-led\/","og_site_name":"APE LED producent o\u015bwietlenia LED","article_modified_time":"2021-11-26T07:00:24+00:00","twitter_card":"summary_large_image","twitter_misc":{"Predpokladan\u00fd \u010das \u010d\u00edtania":"2 min\u00faty"},"schema":{"@context":"https:\/\/schema.org","@graph":[{"@type":"WebPage","@id":"https:\/\/led.ape.com.pl\/en\/co-financing-for-ape-led\/","url":"https:\/\/led.ape.com.pl\/en\/co-financing-for-ape-led\/","name":"Dofinansowanie dla APE LED - APE LED producent o\u015bwietlenia LED","isPartOf":{"@id":"https:\/\/led.ape.com.pl\/#website"},"datePublished":"2021-03-20T21:28:14+00:00","dateModified":"2021-11-26T07:00:24+00:00","breadcrumb":{"@id":"https:\/\/led.ape.com.pl\/en\/co-financing-for-ape-led\/#breadcrumb"},"inLanguage":"sk-SK","potentialAction":[{"@type":"ReadAction","target":["https:\/\/led.ape.com.pl\/en\/co-financing-for-ape-led\/"]}]},{"@type":"BreadcrumbList","@id":"https:\/\/led.ape.com.pl\/en\/co-financing-for-ape-led\/#breadcrumb","itemListElement":[{"@type":"ListItem","position":1,"name":"Strona g\u0142\u00f3wna","item":"https:\/\/led.ape.com.pl\/"},{"@type":"ListItem","position":2,"name":"Dofinansowanie dla APE LED"}]},{"@type":"WebSite","@id":"https:\/\/led.ape.com.pl\/#website","url":"https:\/\/led.ape.com.pl\/","name":"APE LED producent o\u015bwietlenia LED","description":"Strona APE LED polskiego producenta o\u015bwietlenia led, lamp ulicznych, o\u015bwietlenia akwarystycznego i o\u015bwietlenia przemys\u0142owego LED","potentialAction":[{"@type":"SearchAction","target":{"@type":"EntryPoint","urlTemplate":"https:\/\/led.ape.com.pl\/?s={search_term_string}"},"query-input":"required name=search_term_string"}],"inLanguage":"sk-SK"}]}},"_links":{"self":[{"href":"https:\/\/led.ape.com.pl\/sk\/wp-json\/wp\/v2\/pages\/565"}],"collection":[{"href":"https:\/\/led.ape.com.pl\/sk\/wp-json\/wp\/v2\/pages"}],"about":[{"href":"https:\/\/led.ape.com.pl\/sk\/wp-json\/wp\/v2\/types\/page"}],"author":[{"embeddable":true,"href":"https:\/\/led.ape.com.pl\/sk\/wp-json\/wp\/v2\/users\/1"}],"replies":[{"embeddable":true,"href":"https:\/\/led.ape.com.pl\/sk\/wp-json\/wp\/v2\/comments?post=565"}],"version-history":[{"count":9,"href":"https:\/\/led.ape.com.pl\/sk\/wp-json\/wp\/v2\/pages\/565\/revisions"}],"predecessor-version":[{"id":4298,"href":"https:\/\/led.ape.com.pl\/sk\/wp-json\/wp\/v2\/pages\/565\/revisions\/4298"}],"wp:attachment":[{"href":"https:\/\/led.ape.com.pl\/sk\/wp-json\/wp\/v2\/media?parent=565"}],"curies":[{"name":"wp","href":"https:\/\/api.w.org\/{rel}","templated":true}]}}