{"id":653,"date":"2021-03-23T08:22:48","date_gmt":"2021-03-23T07:22:48","guid":{"rendered":"https:\/\/led.ape.com.pl\/?post_type=product&#038;p=653"},"modified":"2021-04-08T01:13:34","modified_gmt":"2021-04-07T23:13:34","slug":"konfiguratorlampulicznych","status":"publish","type":"product","link":"https:\/\/led.ape.com.pl\/sv\/produkt\/lampkonfigurator\/","title":{"rendered":"<p>Konfigurator f\u00f6r gatlyktor<\/p>"},"content":{"rendered":"<p>[et_pb_section fb_built=&rdquo;1&Prime; _builder_version=&rdquo;4.9.2&Prime; _module_preset=&rdquo;default&rdquo; custom_padding=&rdquo;0px||0px|||&rdquo;][et_pb_row _builder_version=&rdquo;4.9.2&Prime; _module_preset=&rdquo;default&rdquo; width=&rdquo;100%&rdquo; max_width=&rdquo;none&rdquo; custom_padding=&rdquo;0px||0px|||&rdquo;][et_pb_column type=&rdquo;4_4&Prime; _builder_version=&rdquo;4.9.2&Prime; _module_preset=&rdquo;default&rdquo;][et_pb_slider use_bg_overlay=&rdquo;off&rdquo; _builder_version=&rdquo;4.9.2&Prime; _module_preset=&rdquo;default&rdquo; header_level=&rdquo;h1&Prime; header_font=&rdquo;|300|||||||&rdquo; header_text_align=&rdquo;right&rdquo; use_background_color_gradient=&rdquo;on&rdquo; background_color_gradient_start=&rdquo;rgba(43,135,218,0)&rdquo; background_color_gradient_end=&rdquo;rgba(0,0,0,0.2)&rdquo; background_color_gradient_start_position=&rdquo;58%&rdquo; background_color_gradient_end_position=&rdquo;89%&rdquo; background_color_gradient_overlays_image=&rdquo;on&rdquo; text_orientation=&rdquo;left&rdquo; custom_padding=&rdquo;293px||52px|||&rdquo;][et_pb_slide heading=&rdquo;@ET-DC@eyJkeW5hbWljIjp0cnVlLCJjb250ZW50IjoicG9zdF90aXRsZSIsInNldHRpbmdzIjp7ImJlZm9yZSI6IiIsImFmdGVyIjoiIn19@&rdquo; _builder_version=&rdquo;4.9.2&Prime; _dynamic_attributes=&rdquo;heading&rdquo; _module_preset=&rdquo;default&rdquo; header_font=&rdquo;||||||||&rdquo; header_text_align=&rdquo;left&rdquo; header_font_size=&rdquo;56px&rdquo; background_image=&rdquo;https:\/\/led.ape.com.pl\/wp-content\/uploads\/2021\/03\/shutterstock_1408037903.jpg&rdquo; background_enable_image=&rdquo;on&rdquo; header_font_size_tablet=&rdquo;&rdquo; header_font_size_phone=&rdquo;&rdquo; header_font_size_last_edited=&rdquo;on|phone&rdquo; sticky_transition=&rdquo;on&rdquo;][\/et_pb_slide][\/et_pb_slider][\/et_pb_column][\/et_pb_row][\/et_pb_section][et_pb_section fb_built=&rdquo;1&Prime; _builder_version=&rdquo;4.9.2&Prime; _module_preset=&rdquo;default&rdquo; custom_padding=&rdquo;0px||0px|||&rdquo;][et_pb_row column_structure=&rdquo;3_5,2_5&Prime; _builder_version=&rdquo;4.9.2&Prime; _module_preset=&rdquo;default&rdquo; background_color=&rdquo;#ffffff&rdquo; width=&rdquo;85%&rdquo; max_width=&rdquo;none&rdquo; custom_padding=&rdquo;55px||2px||false|false&rdquo; hover_enabled=&rdquo;0&Prime; sticky_enabled=&rdquo;0&Prime;][et_pb_column type=&rdquo;3_5&Prime; _builder_version=&rdquo;4.9.2&Prime; _module_preset=&rdquo;default&rdquo;][et_pb_text _builder_version=&rdquo;4.9.2&Prime; _module_preset=&rdquo;default&rdquo; text_font=&rdquo;|300|||||||&rdquo; text_text_color=&rdquo;#212121&Prime; text_font_size=&rdquo;55px&rdquo; text_line_height=&rdquo;1.3em&rdquo;]Konfigurator<br>\n[\/et_pb_text][et_pb_text _builder_version=&rdquo;4.9.2&Prime; _module_preset=&rdquo;default&rdquo; hover_enabled=&rdquo;0&Prime; sticky_enabled=&rdquo;0&Prime; text_font_size=&rdquo;24px&rdquo; text_line_height=&rdquo;1.6em&rdquo; text_font=&rdquo;|300|||||||&rdquo;]<p>V\u00e4lj: Base, Power, Illumination Plane, Energy Saver och Temperature Program. F\u00e4rg<\/p><p>[\/et_pb_text][et_pb_wc_add_to_cart _builder_version=&rdquo;4.9.2&Prime; fields_background_color=&rdquo;RGBA(0,0,0,0)&rdquo; body_font=&rdquo;|300|||||||&rdquo; body_font_size=&rdquo;0px&rdquo; custom_button=&rdquo;on&rdquo; button_text_size=&rdquo;0px&rdquo; hover_enabled=&rdquo;0&Prime; sticky_enabled=&rdquo;0&Prime; body_line_height=&rdquo;0em&rdquo;][\/et_pb_wc_add_to_cart][et_pb_text _builder_version=&rdquo;4.9.2&Prime; _module_preset=&rdquo;default&rdquo; hover_enabled=&rdquo;0&Prime; sticky_enabled=&rdquo;0&Prime; text_font_size=&rdquo;24px&rdquo; text_line_height=&rdquo;1.6em&rdquo; text_font=&rdquo;|300|||||||&rdquo;]<\/p><p>Kontakta mig med oss nu, skriva hur? konfiguration? du v\u00e4ljer och hur m\u00e5nga gatulampor beh\u00f6ver du, det g\u00f6r att vi kan f\u00f6rbereda oss snabbare? v\u00e4rdering? och en l\u00f6sning anpassad efter dina behov.<\/p><p>[\/et_pb_text][\/et_pb_column][et_pb_column type=&rdquo;2_5&Prime; _builder_version=&rdquo;4.9.2&Prime; _module_preset=&rdquo;default&rdquo; transform_scale_tablet=&rdquo;&rdquo; transform_scale_phone=&rdquo;&rdquo; transform_scale_last_edited=&rdquo;on|desktop&rdquo; transform_translate=&rdquo;0px|-212px&rdquo; transform_translate_tablet=&rdquo;0px|0px&rdquo; transform_translate_phone=&rdquo;0px|0px&rdquo; transform_translate_last_edited=&rdquo;on|desktop&rdquo; transform_translate_linked=&rdquo;off&rdquo; transform_rotate_tablet=&rdquo;&rdquo; transform_rotate_phone=&rdquo;&rdquo; transform_rotate_last_edited=&rdquo;on|desktop&rdquo; transform_skew_tablet=&rdquo;&rdquo; transform_skew_phone=&rdquo;&rdquo; transform_skew_last_edited=&rdquo;on|desktop&rdquo; transform_origin_tablet=&rdquo;&rdquo; transform_origin_phone=&rdquo;&rdquo; transform_origin_last_edited=&rdquo;on|desktop&rdquo; transform_styles_last_edited=&rdquo;on|desktop&rdquo; transform_styles_tablet=&rdquo;&rdquo; transform_styles_phone=&rdquo;&rdquo;][et_pb_wc_images show_product_gallery=&rdquo;off&rdquo; show_sale_badge=&rdquo;off&rdquo; _builder_version=&rdquo;4.9.2&Prime; _module_preset=&rdquo;default&rdquo; custom_padding=&rdquo;50px|||||&rdquo;][\/et_pb_wc_images][et_pb_image src=&rdquo;https:\/\/led.ape.com.pl\/wp-content\/uploads\/2021\/04\/5.png&rdquo; _builder_version=&rdquo;4.9.2&Prime; _module_preset=&rdquo;default&rdquo; title_text=&rdquo;5&Prime; hover_enabled=&rdquo;0&Prime; sticky_enabled=&rdquo;0&Prime; show_in_lightbox=&rdquo;on&rdquo;][\/et_pb_image][et_pb_image src=&rdquo;https:\/\/led.ape.com.pl\/wp-content\/uploads\/2021\/04\/1.png&rdquo; _builder_version=&rdquo;4.9.2&Prime; _module_preset=&rdquo;default&rdquo; alt=&rdquo;lampa uliczna LED APE LED Specyfikacja&rdquo; title_text=&rdquo;lampa uliczna LED APE LED Specyfikacja&rdquo; hover_enabled=&rdquo;0&Prime; sticky_enabled=&rdquo;0&Prime; show_in_lightbox=&rdquo;on&rdquo;][\/et_pb_image][\/et_pb_column][\/et_pb_row][\/et_pb_section]<\/p><\/p>","protected":false},"excerpt":{"rendered":"<p>[et_pb_section fb_built=&rdquo;1&Prime; _builder_version=&rdquo;4.9.2&Prime; _module_preset=&rdquo;default&rdquo; custom_padding=&rdquo;0px||0px|||&rdquo;][et_pb_row _builder_version=&rdquo;4.9.2&Prime; _module_preset=&rdquo;default&rdquo; width=&rdquo;100%&rdquo; max_width=&rdquo;none&rdquo; custom_padding=&rdquo;0px||0px|||&rdquo;][et_pb_column type=&rdquo;4_4&Prime; _builder_version=&rdquo;4.9.2&Prime; _module_preset=&rdquo;default&rdquo;][et_pb_slider use_bg_overlay=&rdquo;off&rdquo; _builder_version=&rdquo;4.9.2&Prime; _module_preset=&rdquo;default&rdquo; header_level=&rdquo;h1&Prime; header_font=&rdquo;|300|||||||&rdquo; header_text_align=&rdquo;right&rdquo; use_background_color_gradient=&rdquo;on&rdquo; background_color_gradient_start=&rdquo;rgba(43,135,218,0)&rdquo; background_color_gradient_end=&rdquo;rgba(0,0,0,0.2)&rdquo; background_color_gradient_start_position=&rdquo;58%&rdquo; background_color_gradient_end_position=&rdquo;89%&rdquo; background_color_gradient_overlays_image=&rdquo;on&rdquo; text_orientation=&rdquo;left&rdquo; custom_padding=&rdquo;293px||52px|||&rdquo;][et_pb_slide heading=&rdquo;@ET-DC@eyJkeW5hbWljIjp0cnVlLCJjb250ZW50IjoicG9zdF90aXRsZSIsInNldHRpbmdzIjp7ImJlZm9yZSI6IiIsImFmdGVyIjoiIn19@&rdquo; _builder_version=&rdquo;4.9.2&Prime; _dynamic_attributes=&rdquo;heading&rdquo; _module_preset=&rdquo;default&rdquo; header_font=&rdquo;||||||||&rdquo; header_text_align=&rdquo;left&rdquo; header_font_size=&rdquo;56px&rdquo; background_image=&rdquo;https:\/\/led.ape.com.pl\/wp-content\/uploads\/2021\/03\/shutterstock_1408037903.jpg&rdquo; background_enable_image=&rdquo;on&rdquo; header_font_size_tablet=&rdquo;&rdquo; header_font_size_phone=&rdquo;&rdquo; header_font_size_last_edited=&rdquo;on|phone&rdquo; sticky_transition=&rdquo;on&rdquo;][\/et_pb_slide][\/et_pb_slider][\/et_pb_column][\/et_pb_row][\/et_pb_section][et_pb_section fb_built=&rdquo;1&Prime; _builder_version=&rdquo;4.9.2&Prime; _module_preset=&rdquo;default&rdquo; custom_padding=&rdquo;0px||0px|||&rdquo;][et_pb_row column_structure=&rdquo;3_5,2_5&Prime; _builder_version=&rdquo;4.9.2&Prime; _module_preset=&rdquo;default&rdquo; background_color=&rdquo;#ffffff&rdquo; width=&rdquo;85%&rdquo; max_width=&rdquo;none&rdquo; custom_padding=&rdquo;55px||2px||false|false&rdquo; hover_enabled=&rdquo;0&Prime; sticky_enabled=&rdquo;0&Prime;][et_pb_column type=&rdquo;3_5&Prime; _builder_version=&rdquo;4.9.2&Prime; [&hellip;]<\/p>","protected":false},"featured_media":143,"comment_status":"open","ping_status":"closed","template":"","meta":{"_et_pb_use_builder":"on","_et_pb_old_content":"","_et_gb_content_width":""},"product_cat":[62],"product_tag":[25,24,23,20,29,32,21,31,26,33,28,27,34,22,19,30],"yoast_head":"<!-- This site is optimized with the Yoast SEO plugin v22.8 - https:\/\/yoast.com\/wordpress\/plugins\/seo\/ -->\n<title>Konfigurator lamp ulicznych - APE LED producent o\u015bwietlenia LED<\/title>\n<meta name=\"robots\" content=\"index, follow, max-snippet:-1, max-image-preview:large, max-video-preview:-1\" \/>\n<link rel=\"canonical\" href=\"https:\/\/led.ape.com.pl\/sv\/produkt\/konfigurator-svietidiel\/\" \/>\n<meta property=\"og:locale\" content=\"sv_SE\" \/>\n<meta property=\"og:type\" content=\"article\" \/>\n<meta property=\"og:title\" content=\"Konfigurator lamp ulicznych - APE LED producent o\u015bwietlenia LED\" \/>\n<meta property=\"og:description\" content=\"[et_pb_section fb_built=&#8221;1&#8243; _builder_version=&#8221;4.9.2&#8243; _module_preset=&#8221;default&#8221; custom_padding=&#8221;0px||0px|||&#8221;][et_pb_row _builder_version=&#8221;4.9.2&#8243; _module_preset=&#8221;default&#8221; width=&#8221;100%&#8221; max_width=&#8221;none&#8221; custom_padding=&#8221;0px||0px|||&#8221;][et_pb_column type=&#8221;4_4&#8243; _builder_version=&#8221;4.9.2&#8243; _module_preset=&#8221;default&#8221;][et_pb_slider use_bg_overlay=&#8221;off&#8221; _builder_version=&#8221;4.9.2&#8243; _module_preset=&#8221;default&#8221; header_level=&#8221;h1&#8243; header_font=&#8221;|300|||||||&#8221; header_text_align=&#8221;right&#8221; use_background_color_gradient=&#8221;on&#8221; background_color_gradient_start=&#8221;rgba(43,135,218,0)&#8221; background_color_gradient_end=&#8221;rgba(0,0,0,0.2)&#8221; background_color_gradient_start_position=&#8221;58%&#8221; background_color_gradient_end_position=&#8221;89%&#8221; background_color_gradient_overlays_image=&#8221;on&#8221; text_orientation=&#8221;left&#8221; custom_padding=&#8221;293px||52px|||&#8221;][et_pb_slide heading=&#8221;@ET-DC@eyJkeW5hbWljIjp0cnVlLCJjb250ZW50IjoicG9zdF90aXRsZSIsInNldHRpbmdzIjp7ImJlZm9yZSI6IiIsImFmdGVyIjoiIn19@&#8221; _builder_version=&#8221;4.9.2&#8243; _dynamic_attributes=&#8221;heading&#8221; _module_preset=&#8221;default&#8221; header_font=&#8221;||||||||&#8221; header_text_align=&#8221;left&#8221; header_font_size=&#8221;56px&#8221; background_image=&#8221;https:\/\/led.ape.com.pl\/wp-content\/uploads\/2021\/03\/shutterstock_1408037903.jpg&#8221; background_enable_image=&#8221;on&#8221; header_font_size_tablet=&#8221;&#8221; header_font_size_phone=&#8221;&#8221; header_font_size_last_edited=&#8221;on|phone&#8221; sticky_transition=&#8221;on&#8221;][\/et_pb_slide][\/et_pb_slider][\/et_pb_column][\/et_pb_row][\/et_pb_section][et_pb_section fb_built=&#8221;1&#8243; _builder_version=&#8221;4.9.2&#8243; _module_preset=&#8221;default&#8221; custom_padding=&#8221;0px||0px|||&#8221;][et_pb_row column_structure=&#8221;3_5,2_5&#8243; _builder_version=&#8221;4.9.2&#8243; _module_preset=&#8221;default&#8221; background_color=&#8221;#ffffff&#8221; width=&#8221;85%&#8221; max_width=&#8221;none&#8221; custom_padding=&#8221;55px||2px||false|false&#8221; hover_enabled=&#8221;0&#8243; sticky_enabled=&#8221;0&#8243;][et_pb_column type=&#8221;3_5&#8243; _builder_version=&#8221;4.9.2&#8243; [&hellip;]\" \/>\n<meta property=\"og:url\" content=\"https:\/\/led.ape.com.pl\/sv\/produkt\/konfigurator-svietidiel\/\" \/>\n<meta property=\"og:site_name\" content=\"APE LED producent o\u015bwietlenia LED\" \/>\n<meta property=\"article:modified_time\" content=\"2021-04-07T23:13:34+00:00\" \/>\n<meta property=\"og:image\" content=\"https:\/\/led.ape.com.pl\/wp-content\/uploads\/2021\/03\/zarowkadrogowa.png\" \/>\n\t<meta property=\"og:image:width\" content=\"500\" \/>\n\t<meta property=\"og:image:height\" content=\"400\" \/>\n\t<meta property=\"og:image:type\" content=\"image\/png\" \/>\n<meta name=\"twitter:card\" content=\"summary_large_image\" \/>\n<meta name=\"twitter:label1\" content=\"Ber\u00e4knad l\u00e4stid\" \/>\n\t<meta name=\"twitter:data1\" content=\"3 minuter\" \/>\n<script type=\"application\/ld+json\" class=\"yoast-schema-graph\">{\"@context\":\"https:\/\/schema.org\",\"@graph\":[{\"@type\":\"WebPage\",\"@id\":\"https:\/\/led.ape.com.pl\/sk\/produkt\/konfigurator-svietidiel\/\",\"url\":\"https:\/\/led.ape.com.pl\/sk\/produkt\/konfigurator-svietidiel\/\",\"name\":\"Konfigurator lamp ulicznych - APE LED producent o\u015bwietlenia LED\",\"isPartOf\":{\"@id\":\"https:\/\/led.ape.com.pl\/#website\"},\"primaryImageOfPage\":{\"@id\":\"https:\/\/led.ape.com.pl\/sk\/produkt\/konfigurator-svietidiel\/#primaryimage\"},\"image\":{\"@id\":\"https:\/\/led.ape.com.pl\/sk\/produkt\/konfigurator-svietidiel\/#primaryimage\"},\"thumbnailUrl\":\"https:\/\/led.ape.com.pl\/wp-content\/uploads\/2021\/03\/zarowkadrogowa.png\",\"datePublished\":\"2021-03-23T07:22:48+00:00\",\"dateModified\":\"2021-04-07T23:13:34+00:00\",\"breadcrumb\":{\"@id\":\"https:\/\/led.ape.com.pl\/sk\/produkt\/konfigurator-svietidiel\/#breadcrumb\"},\"inLanguage\":\"sv-SE\",\"potentialAction\":[{\"@type\":\"ReadAction\",\"target\":[\"https:\/\/led.ape.com.pl\/sk\/produkt\/konfigurator-svietidiel\/\"]}]},{\"@type\":\"ImageObject\",\"inLanguage\":\"sv-SE\",\"@id\":\"https:\/\/led.ape.com.pl\/sk\/produkt\/konfigurator-svietidiel\/#primaryimage\",\"url\":\"https:\/\/led.ape.com.pl\/wp-content\/uploads\/2021\/03\/zarowkadrogowa.png\",\"contentUrl\":\"https:\/\/led.ape.com.pl\/wp-content\/uploads\/2021\/03\/zarowkadrogowa.png\",\"width\":500,\"height\":400,\"caption\":\"\u017car\u00f3wka drogowa APE LED\"},{\"@type\":\"BreadcrumbList\",\"@id\":\"https:\/\/led.ape.com.pl\/sk\/produkt\/konfigurator-svietidiel\/#breadcrumb\",\"itemListElement\":[{\"@type\":\"ListItem\",\"position\":1,\"name\":\"Strona g\u0142\u00f3wna\",\"item\":\"https:\/\/led.ape.com.pl\/\"},{\"@type\":\"ListItem\",\"position\":2,\"name\":\"Sklep\",\"item\":\"https:\/\/led.ape.com.pl\/es\/sklep\/\"},{\"@type\":\"ListItem\",\"position\":3,\"name\":\"Konfigurator lamp ulicznych\"}]},{\"@type\":\"WebSite\",\"@id\":\"https:\/\/led.ape.com.pl\/#website\",\"url\":\"https:\/\/led.ape.com.pl\/\",\"name\":\"APE LED producent o\u015bwietlenia LED\",\"description\":\"Strona APE LED polskiego producenta o\u015bwietlenia led, lamp ulicznych, o\u015bwietlenia akwarystycznego i o\u015bwietlenia przemys\u0142owego LED\",\"potentialAction\":[{\"@type\":\"SearchAction\",\"target\":{\"@type\":\"EntryPoint\",\"urlTemplate\":\"https:\/\/led.ape.com.pl\/?s={search_term_string}\"},\"query-input\":\"required name=search_term_string\"}],\"inLanguage\":\"sv-SE\"}]}<\/script>\n<!-- \/ Yoast SEO plugin. -->","yoast_head_json":{"title":"Konfigurator lamp ulicznych - APE LED producent o\u015bwietlenia LED","robots":{"index":"index","follow":"follow","max-snippet":"max-snippet:-1","max-image-preview":"max-image-preview:large","max-video-preview":"max-video-preview:-1"},"canonical":"https:\/\/led.ape.com.pl\/sv\/produkt\/konfigurator-svietidiel\/","og_locale":"sv_SE","og_type":"article","og_title":"Konfigurator lamp ulicznych - APE LED producent o\u015bwietlenia LED","og_description":"[et_pb_section fb_built=&#8221;1&#8243; _builder_version=&#8221;4.9.2&#8243; _module_preset=&#8221;default&#8221; custom_padding=&#8221;0px||0px|||&#8221;][et_pb_row _builder_version=&#8221;4.9.2&#8243; _module_preset=&#8221;default&#8221; width=&#8221;100%&#8221; max_width=&#8221;none&#8221; custom_padding=&#8221;0px||0px|||&#8221;][et_pb_column type=&#8221;4_4&#8243; _builder_version=&#8221;4.9.2&#8243; _module_preset=&#8221;default&#8221;][et_pb_slider use_bg_overlay=&#8221;off&#8221; _builder_version=&#8221;4.9.2&#8243; _module_preset=&#8221;default&#8221; header_level=&#8221;h1&#8243; header_font=&#8221;|300|||||||&#8221; header_text_align=&#8221;right&#8221; use_background_color_gradient=&#8221;on&#8221; background_color_gradient_start=&#8221;rgba(43,135,218,0)&#8221; background_color_gradient_end=&#8221;rgba(0,0,0,0.2)&#8221; background_color_gradient_start_position=&#8221;58%&#8221; background_color_gradient_end_position=&#8221;89%&#8221; background_color_gradient_overlays_image=&#8221;on&#8221; text_orientation=&#8221;left&#8221; custom_padding=&#8221;293px||52px|||&#8221;][et_pb_slide heading=&#8221;@ET-DC@eyJkeW5hbWljIjp0cnVlLCJjb250ZW50IjoicG9zdF90aXRsZSIsInNldHRpbmdzIjp7ImJlZm9yZSI6IiIsImFmdGVyIjoiIn19@&#8221; _builder_version=&#8221;4.9.2&#8243; _dynamic_attributes=&#8221;heading&#8221; _module_preset=&#8221;default&#8221; header_font=&#8221;||||||||&#8221; header_text_align=&#8221;left&#8221; header_font_size=&#8221;56px&#8221; background_image=&#8221;https:\/\/led.ape.com.pl\/wp-content\/uploads\/2021\/03\/shutterstock_1408037903.jpg&#8221; background_enable_image=&#8221;on&#8221; header_font_size_tablet=&#8221;&#8221; header_font_size_phone=&#8221;&#8221; header_font_size_last_edited=&#8221;on|phone&#8221; sticky_transition=&#8221;on&#8221;][\/et_pb_slide][\/et_pb_slider][\/et_pb_column][\/et_pb_row][\/et_pb_section][et_pb_section fb_built=&#8221;1&#8243; _builder_version=&#8221;4.9.2&#8243; _module_preset=&#8221;default&#8221; custom_padding=&#8221;0px||0px|||&#8221;][et_pb_row column_structure=&#8221;3_5,2_5&#8243; _builder_version=&#8221;4.9.2&#8243; _module_preset=&#8221;default&#8221; background_color=&#8221;#ffffff&#8221; width=&#8221;85%&#8221; max_width=&#8221;none&#8221; custom_padding=&#8221;55px||2px||false|false&#8221; hover_enabled=&#8221;0&#8243; sticky_enabled=&#8221;0&#8243;][et_pb_column type=&#8221;3_5&#8243; _builder_version=&#8221;4.9.2&#8243; [&hellip;]","og_url":"https:\/\/led.ape.com.pl\/sv\/produkt\/konfigurator-svietidiel\/","og_site_name":"APE LED producent o\u015bwietlenia LED","article_modified_time":"2021-04-07T23:13:34+00:00","og_image":[{"width":500,"height":400,"url":"https:\/\/led.ape.com.pl\/wp-content\/uploads\/2021\/03\/zarowkadrogowa.png","type":"image\/png"}],"twitter_card":"summary_large_image","twitter_misc":{"Ber\u00e4knad l\u00e4stid":"3 minuter"},"schema":{"@context":"https:\/\/schema.org","@graph":[{"@type":"WebPage","@id":"https:\/\/led.ape.com.pl\/sk\/produkt\/konfigurator-svietidiel\/","url":"https:\/\/led.ape.com.pl\/sk\/produkt\/konfigurator-svietidiel\/","name":"Konfigurator lamp ulicznych - APE LED producent o\u015bwietlenia LED","isPartOf":{"@id":"https:\/\/led.ape.com.pl\/#website"},"primaryImageOfPage":{"@id":"https:\/\/led.ape.com.pl\/sk\/produkt\/konfigurator-svietidiel\/#primaryimage"},"image":{"@id":"https:\/\/led.ape.com.pl\/sk\/produkt\/konfigurator-svietidiel\/#primaryimage"},"thumbnailUrl":"https:\/\/led.ape.com.pl\/wp-content\/uploads\/2021\/03\/zarowkadrogowa.png","datePublished":"2021-03-23T07:22:48+00:00","dateModified":"2021-04-07T23:13:34+00:00","breadcrumb":{"@id":"https:\/\/led.ape.com.pl\/sk\/produkt\/konfigurator-svietidiel\/#breadcrumb"},"inLanguage":"sv-SE","potentialAction":[{"@type":"ReadAction","target":["https:\/\/led.ape.com.pl\/sk\/produkt\/konfigurator-svietidiel\/"]}]},{"@type":"ImageObject","inLanguage":"sv-SE","@id":"https:\/\/led.ape.com.pl\/sk\/produkt\/konfigurator-svietidiel\/#primaryimage","url":"https:\/\/led.ape.com.pl\/wp-content\/uploads\/2021\/03\/zarowkadrogowa.png","contentUrl":"https:\/\/led.ape.com.pl\/wp-content\/uploads\/2021\/03\/zarowkadrogowa.png","width":500,"height":400,"caption":"\u017car\u00f3wka drogowa APE LED"},{"@type":"BreadcrumbList","@id":"https:\/\/led.ape.com.pl\/sk\/produkt\/konfigurator-svietidiel\/#breadcrumb","itemListElement":[{"@type":"ListItem","position":1,"name":"Strona g\u0142\u00f3wna","item":"https:\/\/led.ape.com.pl\/"},{"@type":"ListItem","position":2,"name":"Sklep","item":"https:\/\/led.ape.com.pl\/es\/sklep\/"},{"@type":"ListItem","position":3,"name":"Konfigurator lamp ulicznych"}]},{"@type":"WebSite","@id":"https:\/\/led.ape.com.pl\/#website","url":"https:\/\/led.ape.com.pl\/","name":"APE LED producent o\u015bwietlenia LED","description":"Strona APE LED polskiego producenta o\u015bwietlenia led, lamp ulicznych, o\u015bwietlenia akwarystycznego i o\u015bwietlenia przemys\u0142owego LED","potentialAction":[{"@type":"SearchAction","target":{"@type":"EntryPoint","urlTemplate":"https:\/\/led.ape.com.pl\/?s={search_term_string}"},"query-input":"required name=search_term_string"}],"inLanguage":"sv-SE"}]}},"_links":{"self":[{"href":"https:\/\/led.ape.com.pl\/sv\/wp-json\/wp\/v2\/product\/653"}],"collection":[{"href":"https:\/\/led.ape.com.pl\/sv\/wp-json\/wp\/v2\/product"}],"about":[{"href":"https:\/\/led.ape.com.pl\/sv\/wp-json\/wp\/v2\/types\/product"}],"replies":[{"embeddable":true,"href":"https:\/\/led.ape.com.pl\/sv\/wp-json\/wp\/v2\/comments?post=653"}],"wp:featuredmedia":[{"embeddable":true,"href":"https:\/\/led.ape.com.pl\/sv\/wp-json\/wp\/v2\/media\/143"}],"wp:attachment":[{"href":"https:\/\/led.ape.com.pl\/sv\/wp-json\/wp\/v2\/media?parent=653"}],"wp:term":[{"taxonomy":"product_cat","embeddable":true,"href":"https:\/\/led.ape.com.pl\/sv\/wp-json\/wp\/v2\/product_cat?post=653"},{"taxonomy":"product_tag","embeddable":true,"href":"https:\/\/led.ape.com.pl\/sv\/wp-json\/wp\/v2\/product_tag?post=653"}],"curies":[{"name":"wp","href":"https:\/\/api.w.org\/{rel}","templated":true}]}}