{"id":565,"date":"2021-03-20T22:28:14","date_gmt":"2021-03-20T21:28:14","guid":{"rendered":"https:\/\/led.ape.com.pl\/?page_id=565"},"modified":"2021-11-26T08:00:24","modified_gmt":"2021-11-26T07:00:24","slug":"dofinansowanie-dla-ape-led","status":"publish","type":"page","link":"https:\/\/led.ape.com.pl\/uk\/%d1%81%d0%bf%d1%96%d0%b2%d1%84%d1%96%d0%bd%d0%b0%d0%bd%d1%81%d1%83%d0%b2%d0%b0%d0%bd%d0%bd%d1%8f-%d0%b4%d0%bb%d1%8f-%d0%bc%d0%b0%d0%b2%d0%bf\/","title":{"rendered":"<p>\u0421\u043f\u0456\u0432\u0444\u0456\u043d\u0430\u043d\u0441\u0443\u0432\u0430\u043d\u043d\u044f \u0434\u043b\u044f APE LED<\/p>"},"content":{"rendered":"<p>[et_pb_section fb_built=&rdquo;1&Prime; _builder_version=&rdquo;4.9.2&Prime; _module_preset=&rdquo;default&rdquo; custom_padding=&rdquo;0px||0px|||&rdquo;][et_pb_row _builder_version=&rdquo;4.9.2&Prime; _module_preset=&rdquo;default&rdquo; width=&rdquo;100%&rdquo; max_width=&rdquo;none&rdquo; custom_padding=&rdquo;0px||0px|||&rdquo;][et_pb_column type=&rdquo;4_4&Prime; _builder_version=&rdquo;4.9.2&Prime; _module_preset=&rdquo;default&rdquo;][et_pb_image src=&rdquo;https:\/\/led.ape.com.pl\/wp-content\/uploads\/2021\/03\/shutterstock_1408037903.jpg&rdquo; alt=&rdquo;APE LED producent o?wietlenia LED&rdquo; title_text=&rdquo;APE LED producent o?wietlenia LED&rdquo; _builder_version=&rdquo;4.9.2&Prime; _module_preset=&rdquo;default&rdquo;][\/et_pb_image][\/et_pb_column][\/et_pb_row][\/et_pb_section][et_pb_section fb_built=&rdquo;1&Prime; _builder_version=&rdquo;4.9.2&Prime; _module_preset=&rdquo;default&rdquo; custom_padding=&rdquo;0px|||||&rdquo;][et_pb_row _builder_version=&rdquo;4.9.2&Prime; _module_preset=&rdquo;default&rdquo; custom_padding=&rdquo;0px|||||&rdquo;][et_pb_column type=&rdquo;4_4&Prime; _builder_version=&rdquo;4.9.2&Prime; _module_preset=&rdquo;default&rdquo;][et_pb_image src=&rdquo;https:\/\/led.ape.com.pl\/wp-content\/uploads\/2021\/03\/opolskie.png&rdquo; alt=&rdquo;APE LED producent ?ar&oacute;wek LED&rdquo; title_text=&rdquo;APE LED producent ?ar&oacute;wek LED&rdquo; _builder_version=&rdquo;4.9.2&Prime; _module_preset=&rdquo;default&rdquo; transform_scale_last_edited=&rdquo;off|desktop&rdquo; transform_translate=&rdquo;0px|-53px&rdquo; transform_translate_tablet=&rdquo;0px|0px&rdquo; transform_translate_phone=&rdquo;0px|0px&rdquo; transform_translate_last_edited=&rdquo;off|desktop&rdquo; transform_translate_linked=&rdquo;off&rdquo; transform_rotate_last_edited=&rdquo;off|desktop&rdquo; transform_skew_last_edited=&rdquo;off|desktop&rdquo; transform_origin_last_edited=&rdquo;off|desktop&rdquo; transform_styles_last_edited=&rdquo;off|desktop&rdquo; custom_margin=&rdquo;||84px|||&rdquo; box_shadow_style=&rdquo;preset3&Prime;][\/et_pb_image][et_pb_text _builder_version=&rdquo;4.9.2&Prime; _module_preset=&rdquo;default&rdquo; header_2_font_size=&rdquo;23px&rdquo; header_2_line_height=&rdquo;1.3em&rdquo; hover_enabled=&rdquo;0&Prime; sticky_enabled=&rdquo;0&Prime;]<p style=\"text-align: center;\">AUTO POWER ELECTRONIC \u041f\u0435\u0442\u0440\u043e \u0421\u043a\u0440\u043e\u0431\u043e\u0442\u043e\u0432\u0438\u0447 \u0440\u0435\u0430\u043b\u0456\u0437\u0443\u0454 \u043f\u0440\u043e\u0435\u043a\u0442, \u0441\u043f\u0456\u0432\u0444\u0456\u043d\u0430\u043d\u0441\u043e\u0432\u0430\u043d\u0438\u0439 \u0454\u0432\u0440\u043e\u043f\u0435\u0439\u0441\u044c\u043a\u0438\u043c\u0438 \u0444\u043e\u043d\u0434\u0430\u043c\u0438 \u043f\u0456\u0434 \u043d\u0430\u0437\u0432\u043e\u044e \u2022 \u0420\u043e\u0437\u0432\u0438\u0442\u043e\u043a \u0435\u043a\u043e\u043d\u043e\u043c\u0456\u0447\u043d\u043e\u0433\u043e \u0441\u043f\u0456\u0432\u0440\u043e\u0431\u0456\u0442\u043d\u0438\u0446\u0442\u0432\u0430 \u0442\u0430 \u043f\u0440\u043e\u0441\u0443\u0432\u0430\u043d\u043d\u044f \u0434\u0456\u044f\u043b\u044c\u043d\u043e\u0441\u0442\u0456 AUTO POWER ELECTRONIC \u041f\u0435\u0442\u0440\u0430 \u0421\u043a\u0440\u043e\u0431\u043e\u0442\u043e\u0432\u0438\u0447\u0430 \u043d\u0430 \u043c\u0456\u0436\u043d\u0430\u0440\u043e\u0434\u043d\u0456\u0439 \u0430\u0440\u0435\u043d\u0456.<br><strong>\u2116 \u043f\u0440\u043e\u0435\u043a\u0442\u0443: \u0420\u041f\u041e\u041f.02.04.00-16-0035 \/ 19<\/strong><\/p><p><strong>\u0420\u0435\u0433\u0456\u043e\u043d\u0430\u043b\u044c\u043d\u0430 \u043e\u043f\u0435\u0440\u0430\u0442\u0438\u0432\u043d\u0430 \u043f\u0440\u043e\u0433\u0440\u0430\u043c\u0430 \u041e\u043f\u043e\u043b\u044c\u0441\u044c\u043a\u043e\u0433\u043e \u0432\u043e\u0454\u0432\u043e\u0434\u0441\u0442\u0432\u0430 \u043d\u0430 2014-2020 \u0440\u043e\u043a\u0438<\/strong><br>II \u041e? \u043f\u0440\u0456\u043e\u0440\u0438\u0442\u0435\u0442: \u041a\u043e\u043d\u043a\u0443\u0440\u0435\u043d\u0442\u043d\u0430 \u0435\u043a\u043e\u043d\u043e\u043c\u0456\u043a\u0430<br>\u0414\u0456\u044f: 2.4 \u0415\u043a\u043e\u043d\u043e\u043c\u0456\u0447\u043d\u0430 \u0441\u043f\u0456\u0432\u043f\u0440\u0430\u0446\u044f \u0442\u0430 \u0441\u043f\u0440\u0438\u044f\u043d\u043d\u044f<br>\u041f\u0415\u0420\u0406\u041e\u0414 \u0420\u0415\u0410\u041b\u0406\u0417\u0410\u0426\u0406\u0407 \u041f\u0420\u041e\u0415\u041a\u0422\u0423: 01.11.2019 - 31.07.2021<br>\u0426\u0406\u041b\u0410 \u0412\u0410\u0420\u0422\u041d\u0410? \u041f\u0420\u041e\u0415\u041a\u0422: 95 000,00 \u0437\u043b<br>\u0412\u0410\u0420\u0422\u041e ?? \u0421\u041f\u0406\u0424\u0406\u041d\u0410\u041d\u0421\u0423\u0412\u0410\u041d\u041d\u042f: 66 500,00 \u0437\u043b<\/p><p>\u041c\u0435\u0442\u043e\u044e \u043f\u0440\u043e\u0435\u043a\u0442\u0443 \u0454 \u043f\u0456\u0434\u0432\u0438\u0449\u0435\u043d\u043d\u044f \u043a\u043e\u043d\u043a\u0443\u0440\u0435\u043d\u0442\u043e\u0441\u043f\u0440\u043e\u043c\u043e\u0436\u043d\u043e\u0441\u0442\u0456 \u043a\u043e\u043c\u043f\u0430\u043d\u0456\u0457 \u0447\u0435\u0440\u0435\u0437 \u0440\u043e\u0437\u0432\u0438\u0442\u043e\u043a \u0435\u043a\u0441\u043f\u043e\u0440\u0442\u043d\u043e\u0457 \u0434\u0456\u044f\u043b\u044c\u043d\u043e\u0441\u0442\u0456, \u0435\u043a\u043e\u043d\u043e\u043c\u0456\u0447\u043d\u0435 \u0441\u043f\u0456\u0432\u0440\u043e\u0431\u0456\u0442\u043d\u0438\u0446\u0442\u0432\u043e \u0442\u0430 \u043f\u0440\u043e\u0441\u0443\u0432\u0430\u043d\u043d\u044f \u043a\u043e\u043c\u043f\u0430\u043d\u0456\u0457 \u043d\u0430 \u043d\u043e\u0432\u0438\u0445 \u0447\u0435\u0441\u044c\u043a\u0438\u0445 \u0442\u0430 \u043d\u0456\u043c\u0435\u0446\u044c\u043a\u0438\u0445 \u0440\u0438\u043d\u043a\u0430\u0445.<\/p><p>\u0426\u0456\u043b\u044c\u043e\u0432\u0456 \u0437\u0430\u0445\u043e\u0434\u0438, \u0437\u0430\u043f\u043b\u0430\u043d\u043e\u0432\u0430\u043d\u0456 \u0432 \u043f\u0440\u043e\u0435\u043a\u0442\u0456, \u0431\u0443\u0434\u0443\u0442\u044c \u043d\u0430:<br>- \u043f\u0456\u0434\u0442\u0440\u0438\u043c\u043a\u0430 \u0440\u043e\u0437\u0440\u043e\u0431\u043a\u0438 \u043d\u043e\u0432\u0438\u0445 \u0431\u0456\u0437\u043d\u0435\u0441-\u043c\u043e\u0434\u0435\u043b\u0435\u0439, \u0432\u043a\u043b\u044e\u0447\u0430\u044e\u0447\u0438 \u0441\u0442\u0440\u0430\u0442\u0435\u0433\u0456\u0457 \u0434\u0456\u0439 \u043c\u0456\u0436\u043d\u0430\u0440\u043e\u0434\u043d\u0456, \u0432\u0456\u0434\u043a\u0440\u0438\u0442\u0442\u044f \u043d\u043e\u0432\u0438\u0445 \u0431\u0456\u0437\u043d\u0435\u0441-\u043a\u0430\u043d\u0430\u043b\u0456\u0432, \u0433\u0435\u043e\u0433\u0440\u0430\u0444\u0456\u0447\u043d\u0430 \u0447\u0438 \u0433\u0430\u043b\u0443\u0437\u0435\u0432\u0430 \u0434\u0438\u0432\u0435\u0440\u0441\u0438\u0444\u0456\u043a\u0430\u0446\u0456\u044f (\u0422\u0418\u041f 1);<br>- \u043f\u0456\u0434\u0442\u0440\u0438\u043c\u043a\u0430 \u0435\u043a\u043e\u043d\u043e\u043c\u0456\u0447\u043d\u043e\u0433\u043e \u0441\u043f\u0456\u0432\u0440\u043e\u0431\u0456\u0442\u043d\u0438\u0446\u0442\u0432\u0430 \u043f\u0456\u0434\u043f\u0440\u0438\u0454\u043c\u0441\u0442\u0432 \u0443 \u043d\u0430\u0446\u0456\u043e\u043d\u0430\u043b\u044c\u043d\u043e\u043c\u0443 \u0442\u0430 \u043c\u0456\u0436\u043d\u0430\u0440\u043e\u0434\u043d\u043e\u043c\u0443 \u0432\u0438\u043c\u0456\u0440\u0456 (\u0422\u0418\u041f 2); - \u043f\u0440\u043e\u0441\u0443\u0432\u0430\u043d\u043d\u044f \u043f\u0456\u0434\u043f\u0440\u0438\u0454\u043c\u0441\u0442\u0432, \u0443 \u0442\u043e\u043c\u0443 \u0447\u0438\u0441\u043b\u0456 \u0443\u0447\u0430\u0441\u0442\u044c \u0443 \u0443 \u043d\u0430\u0446\u0456\u043e\u043d\u0430\u043b\u044c\u043d\u0438\u0445 \u0442\u0430 \u043c\u0456\u0436\u043d\u0430\u0440\u043e\u0434\u043d\u0438\u0445 \u0437\u0430\u0445\u043e\u0434\u0430\u0445, \u0432 \u0442.\u0447. \u043d\u0430 \u044f\u0440\u043c\u0430\u0440\u043a\u0430\u0445, \u0442\u0435\u0445\u043d\u043e\u043b\u043e\u0433\u0456\u0447\u043d\u0438\u0445 \u0448\u043e\u0443, \u0443 \u0441\u043a\u043b\u0430\u0434\u0456 \u043f\u0440\u043e\u0435\u043a\u0442, \u043e\u0431\u0491\u0440\u0443\u043d\u0442\u043e\u0432\u0430\u043d\u0438\u0439 \u0443 \u0441\u0442\u0440\u0430\u0442\u0435\u0433\u0456\u0457 \u0440\u043e\u0437\u0432\u0438\u0442\u043a\u0443 \u043a\u043e\u043c\u043f\u0430\u043d\u0456\u0457 \u0430\u0431\u043e \u0437\u0430\u043f\u0440\u043e\u0432\u0430\u0434\u0436\u0435\u043d\u0456 \u043d\u043e\u0432\u0456 \u0431\u0456\u0437\u043d\u0435\u0441-\u043c\u043e\u0434\u0435\u043b\u0456 (\u0422\u0418\u041f 3).<\/p><p>\u0411\u0435\u0437\u043f\u043e\u0441\u0435\u0440\u0435\u0434\u043d\u0456\u043c\u0438 \u043d\u0430\u0441\u043b\u0456\u0434\u043a\u0430\u043c\u0438 \u0440\u0435\u0430\u043b\u0456\u0437\u0430\u0446\u0456\u0457 \u043f\u0440\u043e\u0435\u043a\u0442\u0443 \u0431\u0443\u0434\u0435 \u043f\u0456\u0434\u0442\u0440\u0438\u043c\u043a\u0430 \u0417\u0430\u044f\u0432\u043d\u0438\u043a\u0430 \u0443 \u0441\u0444\u0435\u0440\u0456 \u0456\u043d\u0442\u0435\u0440\u043d\u0430\u0446\u0456\u043e\u043d\u0430\u043b\u0456\u0437\u0430\u0446\u0456\u0457 \u0434\u0456\u044f\u043b\u044c\u043d\u043e\u0441\u0442\u0456, \u043a\u043e\u043d\u0441\u0443\u043b\u044c\u0442\u0443\u0432\u0430\u043d\u043d\u044f \u0441\u043f\u0435\u0446\u0456\u0430\u043b\u0456\u0441\u0442\u0456\u0432, \u043f\u0456\u0434\u0442\u0440\u0438\u043c\u043a\u0430 \u0440\u0435\u0430\u043b\u0456\u0437\u0430\u0446\u0456\u0457 \u043f\u0440\u043e\u0435\u043a\u0442\u0456\u0432, \u0456\u043d\u0444\u043e\u0440\u043c\u0430\u0446\u0456\u044f \u0442\u0430 \u043f\u0440\u043e\u0441\u0443\u0432\u0430\u043d\u043d\u044f \u043c\u0456\u0436\u043d\u0430\u0440\u043e\u0434\u043d\u043e\u0433\u043e \u0445\u0430\u0440\u0430\u043a\u0442\u0435\u0440\u0443 \u0442\u0430 \u0456\u043d\u0432\u0435\u0441\u0442\u0443\u0432\u0430\u043d\u043d\u044f \u0432\u043b\u0430\u0441\u043d\u0438\u0445 \u0440\u0435\u0441\u0443\u0440\u0441\u0456\u0432.<\/p><p>[\/et_pb_text][\/et_pb_column][\/et_pb_row][\/et_pb_section]<\/p><\/p>","protected":false},"excerpt":{"rendered":"<p>[et_pb_section fb_built=&rdquo;1&Prime; _builder_version=&rdquo;4.9.2&Prime; _module_preset=&rdquo;default&rdquo; custom_padding=&rdquo;0px||0px|||&rdquo;][et_pb_row _builder_version=&rdquo;4.9.2&Prime; _module_preset=&rdquo;default&rdquo; width=&rdquo;100%&rdquo; max_width=&rdquo;none&rdquo; custom_padding=&rdquo;0px||0px|||&rdquo;][et_pb_column type=&rdquo;4_4&Prime; _builder_version=&rdquo;4.9.2&Prime; _module_preset=&rdquo;default&rdquo;][et_pb_image src=&rdquo;https:\/\/led.ape.com.pl\/wp-content\/uploads\/2021\/03\/shutterstock_1408037903.jpg&rdquo; alt=&rdquo;APE LED producent o?wietlenia LED&rdquo; title_text=&rdquo;APE LED producent o?wietlenia LED&rdquo; _builder_version=&rdquo;4.9.2&Prime; _module_preset=&rdquo;default&rdquo;][\/et_pb_image][\/et_pb_column][\/et_pb_row][\/et_pb_section][et_pb_section fb_built=&rdquo;1&Prime; _builder_version=&rdquo;4.9.2&Prime; _module_preset=&rdquo;default&rdquo; custom_padding=&rdquo;0px|||||&rdquo;][et_pb_row _builder_version=&rdquo;4.9.2&Prime; _module_preset=&rdquo;default&rdquo; custom_padding=&rdquo;0px|||||&rdquo;][et_pb_column type=&rdquo;4_4&Prime; _builder_version=&rdquo;4.9.2&Prime; _module_preset=&rdquo;default&rdquo;][et_pb_image src=&rdquo;https:\/\/led.ape.com.pl\/wp-content\/uploads\/2021\/03\/opolskie.png&rdquo; alt=&rdquo;APE LED producent ?ar&oacute;wek LED&rdquo; title_text=&rdquo;APE LED producent ?ar&oacute;wek LED&rdquo; _builder_version=&rdquo;4.9.2&Prime; _module_preset=&rdquo;default&rdquo; transform_scale_last_edited=&rdquo;off|desktop&rdquo; transform_translate=&rdquo;0px|-53px&rdquo; transform_translate_tablet=&rdquo;0px|0px&rdquo; transform_translate_phone=&rdquo;0px|0px&rdquo; transform_translate_last_edited=&rdquo;off|desktop&rdquo; transform_translate_linked=&rdquo;off&rdquo; [&hellip;]<\/p>","protected":false},"author":1,"featured_media":0,"parent":0,"menu_order":0,"comment_status":"closed","ping_status":"closed","template":"","meta":{"_et_pb_use_builder":"on","_et_pb_old_content":"","_et_gb_content_width":"","footnotes":""},"yoast_head":"<!-- This site is optimized with the Yoast SEO plugin v22.8 - https:\/\/yoast.com\/wordpress\/plugins\/seo\/ -->\n<title>Dofinansowanie dla APE LED - APE LED producent o\u015bwietlenia LED<\/title>\n<meta name=\"robots\" content=\"index, follow, max-snippet:-1, max-image-preview:large, max-video-preview:-1\" \/>\n<link rel=\"canonical\" href=\"https:\/\/led.ape.com.pl\/uk\/co-financing-for-ape-led\/\" \/>\n<meta property=\"og:locale\" content=\"uk_UA\" \/>\n<meta property=\"og:type\" content=\"article\" \/>\n<meta property=\"og:title\" content=\"Dofinansowanie dla APE LED - APE LED producent o\u015bwietlenia LED\" \/>\n<meta property=\"og:description\" content=\"[et_pb_section fb_built=&#8221;1&#8243; _builder_version=&#8221;4.9.2&#8243; _module_preset=&#8221;default&#8221; custom_padding=&#8221;0px||0px|||&#8221;][et_pb_row _builder_version=&#8221;4.9.2&#8243; _module_preset=&#8221;default&#8221; width=&#8221;100%&#8221; max_width=&#8221;none&#8221; custom_padding=&#8221;0px||0px|||&#8221;][et_pb_column type=&#8221;4_4&#8243; _builder_version=&#8221;4.9.2&#8243; _module_preset=&#8221;default&#8221;][et_pb_image src=&#8221;https:\/\/led.ape.com.pl\/wp-content\/uploads\/2021\/03\/shutterstock_1408037903.jpg&#8221; alt=&#8221;APE LED producent o\u015bwietlenia LED&#8221; title_text=&#8221;APE LED producent o\u015bwietlenia LED&#8221; _builder_version=&#8221;4.9.2&#8243; _module_preset=&#8221;default&#8221;][\/et_pb_image][\/et_pb_column][\/et_pb_row][\/et_pb_section][et_pb_section fb_built=&#8221;1&#8243; _builder_version=&#8221;4.9.2&#8243; _module_preset=&#8221;default&#8221; custom_padding=&#8221;0px|||||&#8221;][et_pb_row _builder_version=&#8221;4.9.2&#8243; _module_preset=&#8221;default&#8221; custom_padding=&#8221;0px|||||&#8221;][et_pb_column type=&#8221;4_4&#8243; _builder_version=&#8221;4.9.2&#8243; _module_preset=&#8221;default&#8221;][et_pb_image src=&#8221;https:\/\/led.ape.com.pl\/wp-content\/uploads\/2021\/03\/opolskie.png&#8221; alt=&#8221;APE LED producent \u017car\u00f3wek LED&#8221; title_text=&#8221;APE LED producent \u017car\u00f3wek LED&#8221; _builder_version=&#8221;4.9.2&#8243; _module_preset=&#8221;default&#8221; transform_scale_last_edited=&#8221;off|desktop&#8221; transform_translate=&#8221;0px|-53px&#8221; transform_translate_tablet=&#8221;0px|0px&#8221; transform_translate_phone=&#8221;0px|0px&#8221; transform_translate_last_edited=&#8221;off|desktop&#8221; transform_translate_linked=&#8221;off&#8221; [&hellip;]\" \/>\n<meta property=\"og:url\" content=\"https:\/\/led.ape.com.pl\/uk\/co-financing-for-ape-led\/\" \/>\n<meta property=\"og:site_name\" content=\"APE LED producent o\u015bwietlenia LED\" \/>\n<meta property=\"article:modified_time\" content=\"2021-11-26T07:00:24+00:00\" \/>\n<meta name=\"twitter:card\" content=\"summary_large_image\" \/>\n<meta name=\"twitter:label1\" content=\"\u041f\u0440\u0438\u0431\u043b. \u0447\u0430\u0441 \u0447\u0438\u0442\u0430\u043d\u043d\u044f\" \/>\n\t<meta name=\"twitter:data1\" content=\"2 \u0445\u0432\u0438\u043b\u0438\u043d\u0438\" \/>\n<script type=\"application\/ld+json\" class=\"yoast-schema-graph\">{\"@context\":\"https:\/\/schema.org\",\"@graph\":[{\"@type\":\"WebPage\",\"@id\":\"https:\/\/led.ape.com.pl\/en\/co-financing-for-ape-led\/\",\"url\":\"https:\/\/led.ape.com.pl\/en\/co-financing-for-ape-led\/\",\"name\":\"Dofinansowanie dla APE LED - APE LED producent o\u015bwietlenia LED\",\"isPartOf\":{\"@id\":\"https:\/\/led.ape.com.pl\/#website\"},\"datePublished\":\"2021-03-20T21:28:14+00:00\",\"dateModified\":\"2021-11-26T07:00:24+00:00\",\"breadcrumb\":{\"@id\":\"https:\/\/led.ape.com.pl\/en\/co-financing-for-ape-led\/#breadcrumb\"},\"inLanguage\":\"uk\",\"potentialAction\":[{\"@type\":\"ReadAction\",\"target\":[\"https:\/\/led.ape.com.pl\/en\/co-financing-for-ape-led\/\"]}]},{\"@type\":\"BreadcrumbList\",\"@id\":\"https:\/\/led.ape.com.pl\/en\/co-financing-for-ape-led\/#breadcrumb\",\"itemListElement\":[{\"@type\":\"ListItem\",\"position\":1,\"name\":\"Strona g\u0142\u00f3wna\",\"item\":\"https:\/\/led.ape.com.pl\/\"},{\"@type\":\"ListItem\",\"position\":2,\"name\":\"Dofinansowanie dla APE LED\"}]},{\"@type\":\"WebSite\",\"@id\":\"https:\/\/led.ape.com.pl\/#website\",\"url\":\"https:\/\/led.ape.com.pl\/\",\"name\":\"APE LED producent o\u015bwietlenia LED\",\"description\":\"Strona APE LED polskiego producenta o\u015bwietlenia led, lamp ulicznych, o\u015bwietlenia akwarystycznego i o\u015bwietlenia przemys\u0142owego LED\",\"potentialAction\":[{\"@type\":\"SearchAction\",\"target\":{\"@type\":\"EntryPoint\",\"urlTemplate\":\"https:\/\/led.ape.com.pl\/?s={search_term_string}\"},\"query-input\":\"required name=search_term_string\"}],\"inLanguage\":\"uk\"}]}<\/script>\n<!-- \/ Yoast SEO plugin. -->","yoast_head_json":{"title":"Dofinansowanie dla APE LED - APE LED producent o\u015bwietlenia LED","robots":{"index":"index","follow":"follow","max-snippet":"max-snippet:-1","max-image-preview":"max-image-preview:large","max-video-preview":"max-video-preview:-1"},"canonical":"https:\/\/led.ape.com.pl\/uk\/co-financing-for-ape-led\/","og_locale":"uk_UA","og_type":"article","og_title":"Dofinansowanie dla APE LED - APE LED producent o\u015bwietlenia LED","og_description":"[et_pb_section fb_built=&#8221;1&#8243; _builder_version=&#8221;4.9.2&#8243; _module_preset=&#8221;default&#8221; custom_padding=&#8221;0px||0px|||&#8221;][et_pb_row _builder_version=&#8221;4.9.2&#8243; _module_preset=&#8221;default&#8221; width=&#8221;100%&#8221; max_width=&#8221;none&#8221; custom_padding=&#8221;0px||0px|||&#8221;][et_pb_column type=&#8221;4_4&#8243; _builder_version=&#8221;4.9.2&#8243; _module_preset=&#8221;default&#8221;][et_pb_image src=&#8221;https:\/\/led.ape.com.pl\/wp-content\/uploads\/2021\/03\/shutterstock_1408037903.jpg&#8221; alt=&#8221;APE LED producent o\u015bwietlenia LED&#8221; title_text=&#8221;APE LED producent o\u015bwietlenia LED&#8221; _builder_version=&#8221;4.9.2&#8243; _module_preset=&#8221;default&#8221;][\/et_pb_image][\/et_pb_column][\/et_pb_row][\/et_pb_section][et_pb_section fb_built=&#8221;1&#8243; _builder_version=&#8221;4.9.2&#8243; _module_preset=&#8221;default&#8221; custom_padding=&#8221;0px|||||&#8221;][et_pb_row _builder_version=&#8221;4.9.2&#8243; _module_preset=&#8221;default&#8221; custom_padding=&#8221;0px|||||&#8221;][et_pb_column type=&#8221;4_4&#8243; _builder_version=&#8221;4.9.2&#8243; _module_preset=&#8221;default&#8221;][et_pb_image src=&#8221;https:\/\/led.ape.com.pl\/wp-content\/uploads\/2021\/03\/opolskie.png&#8221; alt=&#8221;APE LED producent \u017car\u00f3wek LED&#8221; title_text=&#8221;APE LED producent \u017car\u00f3wek LED&#8221; _builder_version=&#8221;4.9.2&#8243; _module_preset=&#8221;default&#8221; transform_scale_last_edited=&#8221;off|desktop&#8221; transform_translate=&#8221;0px|-53px&#8221; transform_translate_tablet=&#8221;0px|0px&#8221; transform_translate_phone=&#8221;0px|0px&#8221; transform_translate_last_edited=&#8221;off|desktop&#8221; transform_translate_linked=&#8221;off&#8221; [&hellip;]","og_url":"https:\/\/led.ape.com.pl\/uk\/co-financing-for-ape-led\/","og_site_name":"APE LED producent o\u015bwietlenia LED","article_modified_time":"2021-11-26T07:00:24+00:00","twitter_card":"summary_large_image","twitter_misc":{"\u041f\u0440\u0438\u0431\u043b. \u0447\u0430\u0441 \u0447\u0438\u0442\u0430\u043d\u043d\u044f":"2 \u0445\u0432\u0438\u043b\u0438\u043d\u0438"},"schema":{"@context":"https:\/\/schema.org","@graph":[{"@type":"WebPage","@id":"https:\/\/led.ape.com.pl\/en\/co-financing-for-ape-led\/","url":"https:\/\/led.ape.com.pl\/en\/co-financing-for-ape-led\/","name":"Dofinansowanie dla APE LED - APE LED producent o\u015bwietlenia LED","isPartOf":{"@id":"https:\/\/led.ape.com.pl\/#website"},"datePublished":"2021-03-20T21:28:14+00:00","dateModified":"2021-11-26T07:00:24+00:00","breadcrumb":{"@id":"https:\/\/led.ape.com.pl\/en\/co-financing-for-ape-led\/#breadcrumb"},"inLanguage":"uk","potentialAction":[{"@type":"ReadAction","target":["https:\/\/led.ape.com.pl\/en\/co-financing-for-ape-led\/"]}]},{"@type":"BreadcrumbList","@id":"https:\/\/led.ape.com.pl\/en\/co-financing-for-ape-led\/#breadcrumb","itemListElement":[{"@type":"ListItem","position":1,"name":"Strona g\u0142\u00f3wna","item":"https:\/\/led.ape.com.pl\/"},{"@type":"ListItem","position":2,"name":"Dofinansowanie dla APE LED"}]},{"@type":"WebSite","@id":"https:\/\/led.ape.com.pl\/#website","url":"https:\/\/led.ape.com.pl\/","name":"APE LED producent o\u015bwietlenia LED","description":"Strona APE LED polskiego producenta o\u015bwietlenia led, lamp ulicznych, o\u015bwietlenia akwarystycznego i o\u015bwietlenia przemys\u0142owego LED","potentialAction":[{"@type":"SearchAction","target":{"@type":"EntryPoint","urlTemplate":"https:\/\/led.ape.com.pl\/?s={search_term_string}"},"query-input":"required name=search_term_string"}],"inLanguage":"uk"}]}},"_links":{"self":[{"href":"https:\/\/led.ape.com.pl\/uk\/wp-json\/wp\/v2\/pages\/565"}],"collection":[{"href":"https:\/\/led.ape.com.pl\/uk\/wp-json\/wp\/v2\/pages"}],"about":[{"href":"https:\/\/led.ape.com.pl\/uk\/wp-json\/wp\/v2\/types\/page"}],"author":[{"embeddable":true,"href":"https:\/\/led.ape.com.pl\/uk\/wp-json\/wp\/v2\/users\/1"}],"replies":[{"embeddable":true,"href":"https:\/\/led.ape.com.pl\/uk\/wp-json\/wp\/v2\/comments?post=565"}],"version-history":[{"count":9,"href":"https:\/\/led.ape.com.pl\/uk\/wp-json\/wp\/v2\/pages\/565\/revisions"}],"predecessor-version":[{"id":4298,"href":"https:\/\/led.ape.com.pl\/uk\/wp-json\/wp\/v2\/pages\/565\/revisions\/4298"}],"wp:attachment":[{"href":"https:\/\/led.ape.com.pl\/uk\/wp-json\/wp\/v2\/media?parent=565"}],"curies":[{"name":"wp","href":"https:\/\/api.w.org\/{rel}","templated":true}]}}